{"id":245,"date":"2015-03-19T22:30:07","date_gmt":"2015-03-19T22:30:07","guid":{"rendered":"https:\/\/blogs.ua.es\/nutritic\/?page_id=245"},"modified":"2015-04-08T16:05:11","modified_gmt":"2015-04-08T16:05:11","slug":"revistas-cientificas","status":"publish","type":"page","link":"https:\/\/blogs.ua.es\/nutritic\/recursos-bibliograficos-y-multimedia\/material-bibliografico\/revistas-cientificas-y-bases-de-datos\/revistas-cientificas\/","title":{"rendered":"Revistas Cient\u00edficas"},"content":{"rendered":"<p><strong>Revistas Espa\u00f1olas:<\/strong><\/p>\n<ul>\n<li><strong>Psicothema:\u00a0<\/strong><a href=\"http:\/\/www.psicothema.com\/\">http:\/\/www.psicothema.com\/<\/a><\/li>\n<\/ul>\n<ul>\n<li><strong>Spanish Journal of Psychology:\u00a0<\/strong><a href=\"http:\/\/journals.cambridge.org\/action\/displayJournal?jid=SJP\">http:\/\/journals.cambridge.org\/action\/displayJournal?jid=SJP<\/a><\/li>\n<\/ul>\n<ul>\n<li><strong>International Journal of Clinical and Health Psychology:\u00a0<\/strong><a href=\"http:\/\/www.aepc.es\/ijchp\/\">http:\/\/www.aepc.es\/ijchp\/<\/a><\/li>\n<li><strong>Nutrici\u00f3n Hospitalaria:<\/strong><a href=\"\/\/www.aulamedica.es\/gdcr\/index.php\/nh\/issue\/current\" target=\"_blank\">\u00a0http:\/\/www.aulamedica.es\/gdcr\/index.php\/nh\/issue\/current<\/a><\/li>\n<\/ul>\n<ul>\n<li><strong>Revista Espa\u00f1ola de Nutrici\u00f3n Comunitaria:<\/strong>\u00a0<a href=\"http:\/\/www.nutricioncomunitaria.org\" target=\"_blank\">http:\/\/www.nutricioncomunitaria.org<\/a><\/li>\n<\/ul>\n<p>&nbsp;<\/p>\n<p><strong>Revistas Internacionales:<\/strong><\/p>\n<ul>\n<li><strong>Health Psychology:\u00a0<\/strong><a href=\"http:\/\/psycnet.apa.org\/index.cfm?fa=browsePA.volumes&amp;jcode=hea\">http:\/\/psycnet.apa.org\/index.cfmfa=browsePA.volumes&amp;jcode=hea<\/a><\/li>\n<\/ul>\n<ul>\n<li><strong>International Journal of Eating Disorders:\u00a0<\/strong><a href=\"http:\/\/onlinelibrary.wiley.com\/journal\/10.1002\/%28ISSN%291098-108X\">http:\/\/onlinelibrary.wiley.com\/journal\/10.1002\/%28ISSN%291098-108X<\/a><\/li>\n<\/ul>\n<ul>\n<li><strong>Body Image:\u00a0<\/strong><a href=\"http:\/\/www.journals.elsevier.com\/body-image\/\">http:\/\/www.journals.elsevier.com\/body-image\/<\/a><\/li>\n<\/ul>\n<ul>\n<li><strong>European Eating Disorders Review:\u00a0<\/strong><a href=\"http:\/\/onlinelibrary.wiley.com\/journal\/10.1002\/(ISSN)1099-0968\/issues\">http:\/\/onlinelibrary.wiley.com\/journal\/10.1002\/(ISSN)1099-0968\/issues<\/a><\/li>\n<\/ul>\n<ul>\n<li><strong>Eating Behaviors:\u00a0<\/strong><a href=\"http:\/\/www.journals.elsevier.com\/eating-behaviors\/\">http:\/\/www.journals.elsevier.com\/eating-behaviors\/<\/a><\/li>\n<\/ul>\n<ul>\n<li><strong>Journal of the Academy of Nutrition and Dietetics:http:\u00a0<\/strong><a href=\"http:\/\/www.andjrnl.org\" target=\"_blank\">http:\/\/www.andjrnl.org<\/a><\/li>\n<\/ul>\n<ul>\n<li><strong>American Journal of Clinical Nutrition:<\/strong><a href=\"%20www.ajcn.org\" target=\"_blank\">\u00a0www.ajcn.org<\/a><\/li>\n<\/ul>\n<ul>\n<li>A<strong>rchivos Latinoamericanos de Nutrici\u00f3n:<\/strong> <a href=\"www.slan.org.mx\" target=\"_blank\">www.slan.org.mx<\/a><\/li>\n<\/ul>\n<ul>\n<li><strong>European Journal of Clinical Nutrition:<\/strong>\u00a0<a href=\"www.nature.com\/ejcn\/index.aspl\" target=\"_blank\">www.nature.com\/ejcn\/index.aspl<\/a><\/li>\n<\/ul>\n<ul>\n<li><strong>Journal of the American Dietetic Association:<\/strong>\u00a0<a href=\"www.eatright.org\/journal\" target=\"_blank\">www.eatright.org\/journal<\/a><\/li>\n<\/ul>\n<ul>\n<li><strong>Obesity Research<\/strong> <a href=\"www.obesityresearch.org\" target=\"_blank\">www.obesityresearch.org<\/a><\/li>\n<\/ul>\n<ul>\n<li><strong>Journal of Nutrition<\/strong> <a href=\"www.nutrition.org\" target=\"_blank\">www.nutrition.org<\/a><\/li>\n<\/ul>\n<ul>\n<li><strong>European Journal of Endocrinology:<\/strong> <a href=\"www.eje.org\" target=\"_blank\">www.eje.org<\/a><\/li>\n<\/ul>\n<ul>\n<li><strong>International Journal of Obesity.<\/strong>\u00a0<a href=\"www.nature.com\/ijo\/\" target=\"_blank\">www.nature.com\/ijo\/<\/a><\/li>\n<\/ul>\n<ul>\n<li><strong>Appetite:<\/strong>\u00a0<a href=\"http:\/\/www.journals.elsevier.com\/appetite\/\" target=\"_blank\">http:\/\/www.journals.elsevier.com\/appetite\/<\/a><\/li>\n<\/ul>\n<ul>\n<li><strong>British Journal of Nutrition:\u00a0<\/strong><a href=\"http:\/\/www.nutritionsociety.org\/publications\/nutrition-society-journals\/british-journal-of-nutrition\" target=\"_blank\">http:\/\/www.nutritionsociety.org\/publications\/nutrition-society-journals\/british-journal-of-nutrition<\/a><\/li>\n<\/ul>\n<ul>\n<li><strong>Journal of Human Nutrition and\u00a0Dietetics:<\/strong><a href=\"http:\/\/onlinelibrary.wiley.com\/journal\/10.1111\/(ISSN)1365-277X\/issues\" target=\"_blank\"><strong>\u00a0<\/strong>http:\/\/onlinelibrary.wiley.com\/journal\/10.1111\/(ISSN)1365-277X\/issues<\/a><\/li>\n<\/ul>\n<p>&nbsp;<\/p>\n<p><strong>Revistas de Psicolog\u00eda fisiol\u00f3gica o biol\u00f3gica que incluyen temas alimentarios<\/strong><strong>:<\/strong><\/p>\n<ul>\n<li><strong>Physiology &amp; Behavior:\u00a0<\/strong><a href=\"http:\/\/www.journals.elsevier.com\/physiology-and-behavior\/\">http:\/\/www.journals.elsevier.com\/physiology-and-behavior\/<\/a><\/li>\n<\/ul>\n<ul>\n<li><strong>Biological Psychology:\u00a0<\/strong><a href=\"http:\/\/www.journals.elsevier.com\/biological-psychology\/\">http:\/\/www.journals.elsevier.com\/biological-psychology\/<\/a><\/li>\n<\/ul>\n<ul>\n<li><strong>International Journal of Psychophysiology:\u00a0<\/strong><a href=\"http:\/\/www.journals.elsevier.com\/international-journal-of-psychophysiology\/\">http:\/\/www.journals.elsevier.com\/international-journal-of-psychophysiology\/<\/a><\/li>\n<\/ul>\n","protected":false},"excerpt":{"rendered":"<p>Revistas Espa\u00f1olas: Psicothema:\u00a0http:\/\/www.psicothema.com\/ Spanish Journal of Psychology:\u00a0http:\/\/journals.cambridge.org\/action\/displayJournal?jid=SJP International Journal of Clinical and Health Psychology:\u00a0http:\/\/www.aepc.es\/ijchp\/ Nutrici\u00f3n Hospitalaria:\u00a0http:\/\/www.aulamedica.es\/gdcr\/index.php\/nh\/issue\/current Revista Espa\u00f1ola de Nutrici\u00f3n Comunitaria:\u00a0http:\/\/www.nutricioncomunitaria.org &nbsp; Revistas Internacionales: Health Psychology:\u00a0http:\/\/psycnet.apa.org\/index.cfmfa=browsePA.volumes&amp;jcode=hea International Journal of Eating Disorders:\u00a0http:\/\/onlinelibrary.wiley.com\/journal\/10.1002\/%28ISSN%291098-108X Body Image:\u00a0http:\/\/www.journals.elsevier.com\/body-image\/ European Eating Disorders Review:\u00a0http:\/\/onlinelibrary.wiley.com\/journal\/10.1002\/(ISSN)1099-0968\/issues Eating Behaviors:\u00a0http:\/\/www.journals.elsevier.com\/eating-behaviors\/ Journal &hellip; <a href=\"https:\/\/blogs.ua.es\/nutritic\/recursos-bibliograficos-y-multimedia\/material-bibliografico\/revistas-cientificas-y-bases-de-datos\/revistas-cientificas\/\">Continue reading <span class=\"meta-nav\">&rarr;<\/span><\/a><\/p>\n","protected":false},"author":3807,"featured_media":0,"parent":67,"menu_order":0,"comment_status":"open","ping_status":"open","template":"","meta":{"footnotes":""},"class_list":["post-245","page","type-page","status-publish","hentry"],"_links":{"self":[{"href":"https:\/\/blogs.ua.es\/nutritic\/wp-json\/wp\/v2\/pages\/245","targetHints":{"allow":["GET"]}}],"collection":[{"href":"https:\/\/blogs.ua.es\/nutritic\/wp-json\/wp\/v2\/pages"}],"about":[{"href":"https:\/\/blogs.ua.es\/nutritic\/wp-json\/wp\/v2\/types\/page"}],"author":[{"embeddable":true,"href":"https:\/\/blogs.ua.es\/nutritic\/wp-json\/wp\/v2\/users\/3807"}],"replies":[{"embeddable":true,"href":"https:\/\/blogs.ua.es\/nutritic\/wp-json\/wp\/v2\/comments?post=245"}],"version-history":[{"count":2,"href":"https:\/\/blogs.ua.es\/nutritic\/wp-json\/wp\/v2\/pages\/245\/revisions"}],"predecessor-version":[{"id":377,"href":"https:\/\/blogs.ua.es\/nutritic\/wp-json\/wp\/v2\/pages\/245\/revisions\/377"}],"up":[{"embeddable":true,"href":"https:\/\/blogs.ua.es\/nutritic\/wp-json\/wp\/v2\/pages\/67"}],"wp:attachment":[{"href":"https:\/\/blogs.ua.es\/nutritic\/wp-json\/wp\/v2\/media?parent=245"}],"curies":[{"name":"wp","href":"https:\/\/api.w.org\/{rel}","templated":true}]}}