{"id":33,"date":"2015-02-04T09:08:55","date_gmt":"2015-02-04T09:08:55","guid":{"rendered":"https:\/\/blogs.ua.es\/nutritic\/?page_id=33"},"modified":"2015-05-10T20:09:24","modified_gmt":"2015-05-10T20:09:24","slug":"recursos-multimedia","status":"publish","type":"page","link":"https:\/\/blogs.ua.es\/nutritic\/recursos-bibliograficos-y-multimedia\/recursos-multimedia\/","title":{"rendered":"Recursos multimedia"},"content":{"rendered":"<p>En esta p\u00e1gina te proponemos videos acerca de diferentes \u00e1reas del conocimiento:<\/p>\n<p>&nbsp;<\/p>\n<ul>\n<li>\n<h1><strong>Mitos<\/strong> nutrici\u00f3n<strong> y c\u00e1ncer<\/strong><\/h1>\n<\/li>\n<\/ul>\n<ul>\n<li><iframe loading=\"lazy\" title=\"Mitos, Nutrici\u00f3n y C\u00e1ncer\" width=\"584\" height=\"329\" src=\"https:\/\/www.youtube.com\/embed\/tyHTRfTP-zM?feature=oembed\" frameborder=\"0\" allow=\"accelerometer; autoplay; clipboard-write; encrypted-media; gyroscope; picture-in-picture; web-share\" referrerpolicy=\"strict-origin-when-cross-origin\" allowfullscreen><\/iframe>\n<p>&nbsp;<\/li>\n<li>\n<h1 style=\"text-align: center\"><strong>Segunda Conferencia Inter<\/strong><strong>nacional sobre Nutrici\u00f3n \u00a019-21 de noviembre del 2014 en Roma.<\/strong><\/h1>\n<p><iframe loading=\"lazy\" title=\"OMS - FAO : Segunda Conferencia Internacional sobre Nutrici\u00f3n\" width=\"584\" height=\"329\" src=\"https:\/\/www.youtube.com\/embed\/GQQUVM5I7oo?feature=oembed\" frameborder=\"0\" allow=\"accelerometer; autoplay; clipboard-write; encrypted-media; gyroscope; picture-in-picture; web-share\" referrerpolicy=\"strict-origin-when-cross-origin\" allowfullscreen><\/iframe><\/p>\n<p>&nbsp;<\/li>\n<li>\n<div><strong>V\u00eddeo sobre Est\u00e1ndar de Belleza:<\/strong><\/div>\n<\/li>\n<\/ul>\n<p><iframe loading=\"lazy\" title=\"Body Evolution - Model Before and After\" width=\"584\" height=\"329\" src=\"https:\/\/www.youtube.com\/embed\/17j5QzF3kqE?feature=oembed\" frameborder=\"0\" allow=\"accelerometer; autoplay; clipboard-write; encrypted-media; gyroscope; picture-in-picture; web-share\" referrerpolicy=\"strict-origin-when-cross-origin\" allowfullscreen><\/iframe><\/p>\n<p>&nbsp;<\/p>\n<ul>\n<li>\n<div><strong>Documental \u201cIlusiones perfectas: TCA y las familias\u201d:<\/strong><\/div>\n<\/li>\n<\/ul>\n<p><a href=\"http:\/\/tu.tv\/videos\/anorexia-y-bulimia-documental\" target=\"_blank\">http:\/\/tu.tv\/videos\/anorexia-y-bulimia-documental<\/a><\/p>\n<p>&nbsp;<\/p>\n<ul>\n<li><strong>Conferencia de Trastornos Alimentarios\u00a0por Margarita Serra en la Universitat\u00a0Oberta de Catalunya:<\/strong><\/li>\n<\/ul>\n<p><iframe loading=\"lazy\" title=\"Margarita Serra - Una visi\u00f3 sobre els transtorns alimentaris\" width=\"584\" height=\"438\" src=\"https:\/\/www.youtube.com\/embed\/r-Rbae9xN8I?feature=oembed\" frameborder=\"0\" allow=\"accelerometer; autoplay; clipboard-write; encrypted-media; gyroscope; picture-in-picture; web-share\" referrerpolicy=\"strict-origin-when-cross-origin\" allowfullscreen><\/iframe><\/p>\n<p>&nbsp;<\/p>\n<ul>\n<li><strong>M\u00e9todo del Plato:<\/strong><\/li>\n<\/ul>\n<p>https:\/\/www.youtube.com\/watch?v=c1-I7DHazqs<\/p>\n<p>&nbsp;<\/p>\n<ul>\n<li><strong>Medidas del Parlamento Europeo para el control y la regulaci\u00f3n pesquera para el 2017:<\/strong><\/li>\n<\/ul>\n<p><iframe loading=\"lazy\" title=\"Towards sustainable fisheries: discards ban\" width=\"584\" height=\"329\" src=\"https:\/\/www.youtube.com\/embed\/1C5bv0CCYo0?feature=oembed\" frameborder=\"0\" allow=\"accelerometer; autoplay; clipboard-write; encrypted-media; gyroscope; picture-in-picture; web-share\" referrerpolicy=\"strict-origin-when-cross-origin\" allowfullscreen><\/iframe><\/p>\n<p>&nbsp;<\/p>\n<ul>\n<li>\n<h1 class=\"yt watch-title-container\"><span class=\"watch-title \" dir=\"ltr\" title=\"Jos\u00e9 Maria Ordov\u00e1s Mu\u00f1oz. Conferencia sobre nutrici\u00f3n y gen\u00f3mica\">Redes: H\u00e1bitos de vida y nutrigen\u00f3mica con\u00a0J<\/span>os\u00e9 Mar\u00eda Ordov\u00e1s Mu\u00f1oz:<\/h1>\n<\/li>\n<\/ul>\n<p><iframe loading=\"lazy\" title=\"Redes 95: De la medicina de las enfermedades, a la del bienestar - salud\" width=\"584\" height=\"329\" src=\"https:\/\/www.youtube.com\/embed\/bVsuW0UzlVE?feature=oembed\" frameborder=\"0\" allow=\"accelerometer; autoplay; clipboard-write; encrypted-media; gyroscope; picture-in-picture; web-share\" referrerpolicy=\"strict-origin-when-cross-origin\" allowfullscreen><\/iframe><\/p>\n<p>&nbsp;<\/p>\n<ul>\n<li><strong>Aprende el Ciclo de Krebs en 2 minutos:<\/strong><\/li>\n<\/ul>\n<p><iframe loading=\"lazy\" title=\"Ciclo de Krebs ? Rap Educativo ? El R4\" width=\"584\" height=\"329\" src=\"https:\/\/www.youtube.com\/embed\/dY2sfuA1UPc?start=26&#038;feature=oembed\" frameborder=\"0\" allow=\"accelerometer; autoplay; clipboard-write; encrypted-media; gyroscope; picture-in-picture; web-share\" referrerpolicy=\"strict-origin-when-cross-origin\" allowfullscreen><\/iframe><\/p>\n","protected":false},"excerpt":{"rendered":"<p>En esta p\u00e1gina te proponemos videos acerca de diferentes \u00e1reas del conocimiento: &nbsp; Mitos nutrici\u00f3n y c\u00e1ncer &nbsp; Segunda Conferencia Internacional sobre Nutrici\u00f3n \u00a019-21 de noviembre del 2014 en Roma. &nbsp; V\u00eddeo sobre Est\u00e1ndar de Belleza: &nbsp; Documental \u201cIlusiones perfectas: &hellip; <a href=\"https:\/\/blogs.ua.es\/nutritic\/recursos-bibliograficos-y-multimedia\/recursos-multimedia\/\">Continue reading <span class=\"meta-nav\">&rarr;<\/span><\/a><\/p>\n","protected":false},"author":3047,"featured_media":0,"parent":126,"menu_order":0,"comment_status":"open","ping_status":"open","template":"","meta":{"footnotes":""},"class_list":["post-33","page","type-page","status-publish","hentry"],"_links":{"self":[{"href":"https:\/\/blogs.ua.es\/nutritic\/wp-json\/wp\/v2\/pages\/33","targetHints":{"allow":["GET"]}}],"collection":[{"href":"https:\/\/blogs.ua.es\/nutritic\/wp-json\/wp\/v2\/pages"}],"about":[{"href":"https:\/\/blogs.ua.es\/nutritic\/wp-json\/wp\/v2\/types\/page"}],"author":[{"embeddable":true,"href":"https:\/\/blogs.ua.es\/nutritic\/wp-json\/wp\/v2\/users\/3047"}],"replies":[{"embeddable":true,"href":"https:\/\/blogs.ua.es\/nutritic\/wp-json\/wp\/v2\/comments?post=33"}],"version-history":[{"count":17,"href":"https:\/\/blogs.ua.es\/nutritic\/wp-json\/wp\/v2\/pages\/33\/revisions"}],"predecessor-version":[{"id":443,"href":"https:\/\/blogs.ua.es\/nutritic\/wp-json\/wp\/v2\/pages\/33\/revisions\/443"}],"up":[{"embeddable":true,"href":"https:\/\/blogs.ua.es\/nutritic\/wp-json\/wp\/v2\/pages\/126"}],"wp:attachment":[{"href":"https:\/\/blogs.ua.es\/nutritic\/wp-json\/wp\/v2\/media?parent=33"}],"curies":[{"name":"wp","href":"https:\/\/api.w.org\/{rel}","templated":true}]}}