{"id":336,"date":"2015-03-29T22:01:35","date_gmt":"2015-03-29T22:01:35","guid":{"rendered":"https:\/\/blogs.ua.es\/nutritic\/?page_id=336"},"modified":"2015-05-12T11:18:13","modified_gmt":"2015-05-12T11:18:13","slug":"app","status":"publish","type":"page","link":"https:\/\/blogs.ua.es\/nutritic\/app\/","title":{"rendered":"APP"},"content":{"rendered":"<p><strong>Aplicaciones Inform\u00e1ticas<\/strong><\/p>\n<p><img loading=\"lazy\" decoding=\"async\" class=\"alignnone\" src=\"http:\/\/www.canal-la.com\/noticias\/images\/c_itpami_041114.jpg\" alt=\"\" width=\"390\" height=\"195\" \/><\/p>\n<p>Las nuevas tecnolog\u00edas han revolucionado la forma de acceder a las fuentes de informaci\u00f3n. En este sentido, han dado a los profesionales de salud la capacidad de combinar sus propios recursos de informaci\u00f3n y comunicaci\u00f3n para poder transmitirlos a la poblaci\u00f3n en general.<\/p>\n<p>La aplicaciones inform\u00e1ticas (app) para pacientes son capaces de mejorar su educaci\u00f3n y manejo de las enfermedades cr\u00f3nicas de forma aut\u00f3noma. En este sentido, el contenido y la informaci\u00f3n en dichas apps debe ser fiables y deben ser eleboradas por profesionales expertos en salud.<\/p>\n<p>A continuaci\u00f3n os presentamos diferentes art\u00edculos cient\u00edficos que eval\u00faan el desarrollo de diferentes app en el \u00e1mbito sanitario.<\/p>\n<ul>\n<li><a href=\"http:\/\/www.ncbi.nlm.nih.gov\/pmc\/articles\/PMC3610110\/pdf\/1745-6215-14-75.pdf\">&#8216;TXT2BFiT&#8217; a mobile phone-based healthy lifestyle program for preventing unhealthy weight gain in young adults: study protocol for a randomized controlled trial.<\/a><\/li>\n<li><a href=\"http:\/\/www.scielosp.org\/pdf\/rpsp\/v35n5-6\/11.pdf\" target=\"_blank\">mSalUV: un nuevo sistema de mensajer\u00eda m\u00f3vil para el control de la diabetes en M\u00e9xico<\/a>.<\/li>\n<li><a href=\"http:\/\/www.nutricionhospitalaria.com\/pdf\/6784.pdf\" target=\"_blank\">An electronic system (PDA) to record dietary and physical activity in obese adolescents; data about efficiency and feasibility<\/a><\/li>\n<li><a href=\"http:\/\/scielo.isciii.es\/pdf\/resp\/v87n4\/09_original_7.pdf\">Evaluaci\u00f3n del proceso de un programa realizado a trav\u00e9s de internet y de la telefon\u00eda m\u00f3vil para promover conductas saludables en estudiantes de educaci\u00f3n secundaria de Espa\u00f1a y M\u00e9xico.<\/a><\/li>\n<li><a href=\"http:\/\/www.ncbi.nlm.nih.gov\/pmc\/articles\/PMC3626164\/?report=reader\" target=\"_blank\">Development of Smartphone Applications for Nutrition and Physical Activity Behavior Change<\/a><\/li>\n<li><a href=\"http:\/\/www.aulamedica.es\/nh\/pdf\/7398.pdf\" target=\"_blank\">Aplicaciones m\u00f3viles en nutrici\u00f3n, diet\u00e9tica y h\u00e1bitos saludables; an\u00e1lisis y consecuencia de una tendencia a la alza<\/a><\/li>\n<\/ul>\n","protected":false},"excerpt":{"rendered":"<p>Aplicaciones Inform\u00e1ticas Las nuevas tecnolog\u00edas han revolucionado la forma de acceder a las fuentes de informaci\u00f3n. En este sentido, han dado a los profesionales de salud la capacidad de combinar sus propios recursos de informaci\u00f3n y comunicaci\u00f3n para poder transmitirlos &hellip; <a href=\"https:\/\/blogs.ua.es\/nutritic\/app\/\">Continue reading <span class=\"meta-nav\">&rarr;<\/span><\/a><\/p>\n","protected":false},"author":3807,"featured_media":0,"parent":0,"menu_order":0,"comment_status":"open","ping_status":"open","template":"","meta":{"footnotes":""},"class_list":["post-336","page","type-page","status-publish","hentry"],"_links":{"self":[{"href":"https:\/\/blogs.ua.es\/nutritic\/wp-json\/wp\/v2\/pages\/336","targetHints":{"allow":["GET"]}}],"collection":[{"href":"https:\/\/blogs.ua.es\/nutritic\/wp-json\/wp\/v2\/pages"}],"about":[{"href":"https:\/\/blogs.ua.es\/nutritic\/wp-json\/wp\/v2\/types\/page"}],"author":[{"embeddable":true,"href":"https:\/\/blogs.ua.es\/nutritic\/wp-json\/wp\/v2\/users\/3807"}],"replies":[{"embeddable":true,"href":"https:\/\/blogs.ua.es\/nutritic\/wp-json\/wp\/v2\/comments?post=336"}],"version-history":[{"count":7,"href":"https:\/\/blogs.ua.es\/nutritic\/wp-json\/wp\/v2\/pages\/336\/revisions"}],"predecessor-version":[{"id":457,"href":"https:\/\/blogs.ua.es\/nutritic\/wp-json\/wp\/v2\/pages\/336\/revisions\/457"}],"wp:attachment":[{"href":"https:\/\/blogs.ua.es\/nutritic\/wp-json\/wp\/v2\/media?parent=336"}],"curies":[{"name":"wp","href":"https:\/\/api.w.org\/{rel}","templated":true}]}}