{"id":43,"date":"2021-09-29T04:50:07","date_gmt":"2021-09-29T04:50:07","guid":{"rendered":"https:\/\/blogs.ua.es\/obispadoorihuela\/?page_id=43"},"modified":"2021-09-29T06:22:21","modified_gmt":"2021-09-29T06:22:21","slug":"14-bibliografia","status":"publish","type":"page","link":"https:\/\/blogs.ua.es\/obispadoorihuela\/14-bibliografia\/","title":{"rendered":"14. Bibliograf\u00eda"},"content":{"rendered":"<p>ABAD HUERTAS, M.: <em>Catalogaci\u00f3n y extracto de fondos de los pergaminos existentes en el Archivo de la S. I. Catedral de la Ciudad de Orihuela<\/em>. Alicante, 1977.<\/p>\n<p>ABAD MERINO, M.: <em>El cambio de lengua en Orihuela: Estudio socioling\u00fc\u00edstico-hist\u00f3rico del siglo XVII<\/em>. Murcia, 1994.<\/p>\n<p>ALBERT BERENGUER, I.: <em>Bibliograf\u00eda de la di\u00f3cesis de Orihuela<\/em>. Alicante, 1957.<\/p>\n<p>ALDEA VAQUERO Q. <em>et al.<\/em>: <em>Diccionario de Historia Eclesi\u00e1stica de Espa\u00f1a<\/em>. Madrid, 1972.<\/p>\n<p>ALENDA, J.: <em>Manual para el Archivero de la Santa Iglesia de Orihuela<\/em>. Ms. del Archivo de la Catedral de Orihuela.<\/p>\n<p>ALMARCHE V\u00c1ZQUEZ, F.: <em>Historiograf\u00eda valenciana<\/em>. Valencia, 1919.<\/p>\n<p>ALMUNIA, A.: <em>Manual Oriolense (1303-1620)<\/em>. Estudio preliminar, transcripci\u00f3n e \u00edndices por Enriqueta S\u00e1ez S\u00e1nchez. Murcia, 1973.<\/p>\n<p>ALVARADO BRACAMONTE Y ROCAFULL, J.: \u00abDisertaci\u00f3n hist\u00f3rico-pol\u00edtica sobre los obispos de Orihuela\u00bb, en GARC\u00cdA SORIANO, D.J., <em>Anales de la Imprenta en Murcia<\/em>. Madrid, 1941.<\/p>\n<p>AMETLLER Y VINYAS, J.: <em>Alfonso V de Arag\u00f3n en Italia y la crisis religiosa del siglo XV<\/em>. Girona, 1903.<\/p>\n<p>ARDIT, M.: <em>Els homes i la terra del Pa\u00eds Valenci\u00e0. Segles XVI-XVIII<\/em>. Barcelona, 1993.<\/p>\n<p>ARGAIZ, G. de: <em>La soledad laureada por S. Benito y sus hijos en las Iglesias de Espa\u00f1a y Teatro mon\u00e1stico de la Provincia Cartaginense<\/em>. Madrid, 1675.<\/p>\n<p>ARQUES, F.G.: <em>Serm\u00f3n de las gloriosas santas virgines, y martires, Iusta, y Rufina, sevillanas de nacion, patronas de la ciudad de Orihuela<\/em>. Edici\u00f3n facs\u00edmil, con estudio preliminar, notas e \u00edndices de Antonio Luis Galiano P\u00e9rez, Orihuela, 1983.<\/p>\n<p>BALLESTEROS-BERETTA, A.: <em>Alfonso X el Sabio<\/em>. Barcelona, 1961.<\/p>\n<p>BARRIO BARRIO, J.A.: <em>El ejercicio del poder en un municipio medieval: Orihuela 1308-1479<\/em>. Alicante, 1993.<\/p>\n<p>\u2014: <em>El gobierno municipal de Orihuela durante el reinado de Alfonso V, 1416-1458<\/em>. Alicante, 1995.<\/p>\n<p>\u2014: <em>Finanzas municipales y mercado urbano en Orihuela durante el reinado de Alfonso V (1416-1458)<\/em>. Alicante, 1998.<\/p>\n<p>BELENGUER CEBRI\u00c0, E.: <em>Cortes del reinado de Fernando el Cat\u00f3lico<\/em>. Valencia, 1972.<\/p>\n<p>BELLOT, P.: <em>Anales de Orihuela (siglos XIV-XVI)<\/em>. Estudio preliminar de J. Torres Fontes. Orihuela, 1956.<\/p>\n<p>BENITO RUANO, E.: <em>Los Infantes de Arag\u00f3n<\/em>. Pamplona, 1952.<\/p>\n<p>BENNASAR, M.B. <em>et alii<\/em>: <em>Historia Moderna<\/em>. Madrid, 1980.<\/p>\n<p>BERM\u00daDEZ AZNAR, A.: \u00abUna perspectiva jur\u00eddica sobre la donaci\u00f3n del reino de Murcia a Jaime II de Arag\u00f3n\u00bb, en <em>Anales de la Universidad de Alicante. Historia Medieval. Congreso Internacional Jaime II 700 a\u00f1os despu\u00e9s. Actas<\/em>, 11 (196-1997), pp. 65-78.<\/p>\n<p>BERNAB\u00c9 GIL, D.: <em>Hacienda y mercado urbano en la Orihuela foral moderna<\/em>. Alicante, 1989.<\/p>\n<p>\u2014: <em>Monarqu\u00eda y patriciado urbano en Orihuela, 1445-1707<\/em>. Alicante, 1990.<\/p>\n<p><em>BIOGRAF\u00cdAS de los Reverend\u00edsimos e Ilustr\u00edsimos Se\u00f1ores Obispos que han gobernado y regido la Di\u00f3cesis de Orihuela<\/em>&#8230; Follet\u00edn de &#8220;La Cr\u00f3nica&#8221;. Valencia, 1996.<\/p>\n<p>BLANCO CALERO, L.: <em>Historia de Orihuela<\/em>, Alicante, 1953.<\/p>\n<p>BOUZA \u00c1LVAREZ, F.: <em>Los Austrias Mayores: Imperio y monarqu\u00eda de Carlos I y Felipe II<\/em>. Madrid, 1996.<\/p>\n<p>BRAUDEL, F.: <em>La M\u00e9diteran\u00e9e et le monde m\u00e9diterran\u00e9en \u00e0 l&#8217;\u00e9poque de Philippe II<\/em>. Par\u00eds, 1949.<\/p>\n<p>BURRIEL, A. M.: <em>Memorias para la vida del Santo Rey Don Fernando III<\/em>. Editada por Miguel de Manuel Rodr\u00edguez, Madrid, 1800.<\/p>\n<p>CABEZUELO PLIEGO, J.V.: <em>La Guerra de los Dos Pedros en tierras alicantinas<\/em>. Alicante, 1991.<\/p>\n<p>\u2014: <i>La curia de la procuraci\u00f3n: estructura de una magistratura medieval valenciana<\/i>. Alicante, 1998.<\/p>\n<p>C\u00c1NOVAS BOT\u00cdA, A.: <em>Auge y decadencia de una instituci\u00f3n eclesial: el cabildo catedral de Murcia en el siglo XVIII. Iglesia y sociedad<\/em>. Murcia, 1994.<\/p>\n<p>CAPASSO, C.: <em>Paolo III (1534-1549)<\/em>. Messina, 1924, 2 vols.<\/p>\n<p>CAPPELLI, A.: <em>Cronolog\u00eda, Cronograf\u00eda e Calendario Perpetuo<\/em>. Mil\u00e1n, 1983.<\/p>\n<p>C\u00c1RCEL ORT\u00cd, V.: <em>Relaciones sobre el estudio de las di\u00f3cesis valencianas<\/em>. Valencia, 1989.<\/p>\n<p>CARDELLA, L.: <em>Memorie storiche dei cardinali<\/em>. Roma, 1793.<\/p>\n<p>CARRASCO RODR\u00cdGUEZ, A.: \u00abEl Patronato Real en Catalu\u00f1a. 1715-1775.\u00bb, en la <em>Revista de Historia Moderna. Anales de la Universidad de Alicante<\/em>, n\u00ba 13-14 (1994-95), pp. 95-122.<\/p>\n<p>\u2014: \u00abLas provisiones eclesi\u00e1sticas del Real Patronato en Catalu\u00f1a a finales del reinado de Carlos III (1776-1788)\u00bb, en la <em>Revista de Historia Moderna. Anales de la Universidad de Alicante<\/em>, n\u00ba 15 (1996), pp. 299-344.<\/p>\n<p>\u2014: \u00abLos or\u00edgenes del Pleito del Obispado de Orihuela (siglos XIII-XIV)\u00bb, en <em>Anales de la Universidad de Alicante. Actas del Congreso Internacional \u00abJaime II: setecientos a\u00f1os despu\u00e9s\u00bb<\/em>, n\u00ba 11 (1996-1997), pp. 633-642.<\/p>\n<p>\u2014: <em>El Real Patronato en la Corona de Arag\u00f3n<\/em>. Alicante, 1997.<\/p>\n<p>\u2014: \u00abLas intervenciones reales en los pleitos del Real Patronato\u00bb, en <em>Revista de Historia Moderna. Anales de la Universidad de Alicante<\/em>, n\u00ba 16 (1997), pp. 289-330.<\/p>\n<p>\u2014: \u00abLa enemistad capital entre las poblaciones de Orihuela y Murcia dentro del marco del obispado en los albores de la Edad Moderna\u00bb, en FERN\u00c1NDEZ ALBADALEJO, Pablo: <em>Monarqu\u00eda, Imperio y pueblos en la Espa\u00f1a Moderna. Actas de la IV Reuni\u00f3n Cient\u00edfica de la Asociaci\u00f3n Espa\u00f1ola de Historia Moderna<\/em>, Alicante, 1997, pp. 539-550.<\/p>\n<p>\u2014: \u00abLa intervenci\u00f3n de Felipe II en la creaci\u00f3n del obispado de Orihuela\u00bb, en <em>Actas de la V Reuni\u00f3n Cient\u00edfica de la Asociaci\u00f3n Espa\u00f1ola de Historia Moderna<\/em>, C\u00e1diz, 1998, pp. 431-445.<\/p>\n<p>\u2014: \u00abOrihuela y el bulo del asesinato de Felipe II\u00bb, en <em>Alquibla. Revista de Investigaci\u00f3n del Bajo Segura<\/em>, n\u00ba 3 (1998), pp. 291-307.<\/p>\n<p>\u2014: \u00abUna aportaci\u00f3n al estudio de las German\u00edas valencianas: El Saco de Orihuela de 1521&#8243;, en <em>Revista de Historia Moderna. Anales de la Universidad de Alicante<\/em>, n\u00ba 17 (1998-99), pp. 215-230.<\/p>\n<p>CASCALES, F.: <em>Discursos hist\u00f3ricos de la muy noble y muy leal ciudad de Murcia y su reino<\/em>. Murcia, 1980.<\/p>\n<p>CASTELL MAIQUES, V.: \u00abLa provincia eclesi\u00e1stica valentina. Precedentes y justificaci\u00f3n hist\u00f3rica\u00bb, en <em>Anales del Centro de Cultura Valenciana<\/em>, Valencia, 1970, pp. 60 y ss.<\/p>\n<p>CATENA, G.: <em>Vita del Gloriosissimo papa Pio V<\/em>. Roma, 1647.<\/p>\n<p>CHAC\u00d3N JIM\u00c9NEZ, F.: <em>Murcia en la centuria del Quinientos<\/em>. Murcia, 1979.<\/p>\n<p>CHIARRI MART\u00cdN, M.L.: <em>Orihuela y la guerra de las German\u00edas<\/em>. Orihuela, 1963.<\/p>\n<p>CIVAL, J.: <em>Tratado de la Antig\u00fcedad y Fundaci\u00f3n de la ciudad de Orihuela, y de las cosas memorables de su Iglesia Cathedral<\/em>. Orihuela, 1660.<\/p>\n<p>CLOULAS, I.: <em>Felipe II<\/em>. Buenos Aires, 1993.<\/p>\n<p>COMONTES, D. de.: <em>Fundamentum Ecclesiae Cartaginensis<\/em>. Madrid, 1756.<\/p>\n<p>CUEVES GRANERO, A.: \u00abAportaci\u00f3n econ\u00f3mica del reino de Valencia al matrimonio de Mart\u00edn I el Humano con Margarita de Prades\u00bb, en <em>Estudios Medievales<\/em>, I, fasc. 4, Valencia, 1952, pp. 133-166.<\/p>\n<p>DIAGO, F.: <em>Apuntamientos recogidos por el P.M.Fr. Francisco Diago O.P.<\/em> Valencia, 1946.<\/p>\n<p>D\u00cdAZ CASSOU, P.: <em>Serie de los obispos de Cartagena. Sus hechos y su tiempo<\/em>. Madrid, 1895.<\/p>\n<p>DOM\u00cdNGUEZ ORTIZ, A.: \u00abLas rentas episcopales de la Corona de Arag\u00f3n en el siglo XVIII\u00bb, en NADAL, J. y TORTELLA, G. (edit.): <em>Agricultura, comercio colonial y crecimiento econ\u00f3mico en la Espa\u00f1a Contempor\u00e1nea<\/em>. Esplugues de Llobregat (Barcelona), 1974.<\/p>\n<p>ECO, Umberto: <em>El nombre de la rosa<\/em>. Barcelona, 1992.<\/p>\n<p>ENCICLOPEDIA UNIVERSAL ILUSTRADA EUROPEO-AMERICANA. Espasa-Calpe S.A. Editores. Madrid, 1958.<\/p>\n<p>ESTAL, J.M. del: <em>Conquista y anexi\u00f3n de las tierras de Alicante, Elche, Orihuela y Guardamar al reino de Valencia por Jaime II de Arag\u00f3n (1296-1308)<\/em>. Alicante, 1982.<\/p>\n<p>\u2014: <em>Colecci\u00f3n documental del medievo alicantino: A\u00f1os 1306-1380<\/em>. Alicante, 1988.<\/p>\n<p>\u2014: <em>El reino de Murcia bajo Arag\u00f3n (1296-1305). Corpus documental<\/em>, vol. I\/1, Alicante, 1985, y vol. I\/2, Alicante, 1990.<\/p>\n<p>\u2014:: <em>Alicante de villa a ciudad (1252-1490)<\/em>. Alicante, 1990.<\/p>\n<p>\u2014: <em>Orihuela. De villa a ciudad<\/em>. Alicante, 1996.<\/p>\n<p>FERN\u00c1NDEZ \u00c1LVAREZ, M.: <em>Felipe II y su tiempo<\/em>. Madrid, 1998.<\/p>\n<p>\u2014: <em>Carlos V, el C\u00e9sar y el Hombre<\/em>. Madrid, 1999.<\/p>\n<p>FERRER I MALLOL, M.T.: \u00abLa Batllia General de la parte del regne de Val\u00e8ncia dell\u00e0 Xixona\u00bb, en <em>Anales de la Universidad de Alicante. Historia Medieval<\/em>, n\u00ba 6 (1987-1988), pp. 279-309.<\/p>\n<p>\u2014: \u00abNotes sobre la conquesta de Murcia per Jaume II (1296-1304), en <em>Homenatge a la mem\u00f2ria del Prof. Emilio S\u00e1ez. Aplec d&#8217;estudis dels seus deixebles i col\u00b7laboradors<\/em>. Barcelona, 1989, pp. 27-44.<\/p>\n<p>\u2014: <em>Organitzaci\u00f3 i defensa d\u2019un territori fronterer: la governaci\u00f3 d\u2019Oriola en el segle XIV<\/em>, Barcelona, 1990.<\/p>\n<p>FITA, F.: \u00abLa Catedral de Murcia en 1291\u00bb, en <em>Bolet\u00edn de la Real Academia de la Historia<\/em>, 3 (1883), pp. 268-275.<\/p>\n<p>\u2014: \u00abBosquejo hist\u00f3rico de la Sede Cartaginense por el obispo D. Diego de Comontes\u00bb, en <em>Bolet\u00edn de la Real Academia de la Historia<\/em>, 3 (1883), pp. 276-293.<\/p>\n<p>FLICHE, A.-MART\u00cdN, V.: <em>Historia de la Iglesia. De los or\u00edgenes a nuestros d\u00edas<\/em>. Valencia, 1974.<\/p>\n<p>FUSTER, J.: <em>Biblioteca valenciana<\/em>. Valencia, 1827.<\/p>\n<p>GALLO DE ANDRADE, G.: <em>Prima Synodus Oriolana: sub. sanctissimo domino nostro Pio V pontif. max. &#8230; \/ a Gregorio Gallo, Episcopo Oriolensi habita, XIX Maii, anno MDLXIX<\/em>. Murcia, s.a.<\/p>\n<p>GARC\u00cdA C\u00c1RCEL, R.: <em>Cortes del reinado de Carlos I<\/em>. Valencia, 1972.<\/p>\n<p>\u2014: <em>Las German\u00edas de Valencia<\/em>. Barcelona. 1975.<\/p>\n<p>GARC\u00cdA SERVET, J.: <em>El humanista Cascales y la Inquisici\u00f3n murciana<\/em>. Madrid, 1978.<\/p>\n<p>GARC\u00cdA TORA\u00d1O,P.: <em>El rey don Pedro el Cruel y su reinado<\/em>. Madrid, 1996.<\/p>\n<p>GARC\u00cdA-VILLOSLADA, R.: <em>Historia de la Iglesia en Espa\u00f1a. La Iglesia en la Espa\u00f1a de los siglos XV y XVI<\/em>, t. III-2\u00ba. Madrid, 1980.<\/p>\n<p>GASPAR REMIRO, Mariano: <em>Historia de Murcia musulmana<\/em>, Zaragoza, 1905.<\/p>\n<p>GEA MART\u00cdNEZ, J.R.: <em>P\u00e1ginas de la Historia de Orihuela. El Pleito del Obispado. 1383-1564<\/em>. Valencia, 1995.<\/p>\n<p>\u2014: <em>Los oriolanos de anta\u00f1o<\/em>. Valencia, 1995.<\/p>\n<p>GIM\u00c9NEZ L\u00d3PEZ, E.: <em>Militares en Valencia (1707-1808)<\/em>. Alicante, 1990.<\/p>\n<p>GIR\u00d3N, P. <em>Cr\u00f3nica del emperador Carlos V<\/em>. Madrid, 1964.<\/p>\n<p>GISBERT TEROL, A.-ORTELLS P\u00c9REZ M.L.: <em>Cat\u00e1logo de obras impresas en el siglo XVI de la Biblioteca general e hist\u00f3riCa de la Universidad de Valencia<\/em>. Valencia, 1992.<\/p>\n<p>GISBERT Y BALLESTEROS, E.-GISBERT COLUMBO, A.: <em>Historia de Orihuela<\/em>. Orihuela, 1901-1903.<\/p>\n<p>GIUSTI, M.: <em>L\u2019Archivio Segreto Vaticano<\/em>. Citt\u00e0 del Vaticano, 1978.<\/p>\n<p>GONZ\u00c1LEZ-BALADO, J.L.: <em>Los Papas<\/em>. Madrid, 1996.<\/p>\n<p>GONZ\u00c1LEZ HU\u00c1RQUEZ, J.: <em>El obispado de Cartagena<\/em>. Cartagena, 1882.<\/p>\n<p>GO\u00d1I GAZTAMBIDE, J.: \u00abLos obispos de Pamplona del siglo XV y los navarros en los Concilios de Constanza y Basilea\u00bb, en <em>Estudios de la Edad Media de la Corona de Arag\u00f3n<\/em>, 8 (1963), pp. 340-344.<\/p>\n<p>GULLIK, G.-van EUBEL, C. <em>Hierarchia Catolica medii et recentioris aevi sive summorum pontificum, s.r.e. cardinalium, ecclesiarum antitistum series<\/em>. Patavii, 1960.<\/p>\n<p>GUINOT, E.: <em>Els l\u00edmits del regne<\/em>. Valencia, 1995.<\/p>\n<p>GUITARTE IZQUIERDO, V.: <em>Episcopologio espa\u00f1ol (1500-1699). Espa\u00f1oles obispos en Espa\u00f1a, Am\u00e9rica, Filipinas y otros pa\u00edses<\/em>. Roma, 1994.<\/p>\n<p>HAMILTON, E.J.: <em>El tesoro americano y la revoluci\u00f3n de los precios en Espa\u00f1a, 1501-1650<\/em>. Barcelona, 1973.<\/p>\n<p>HINOJOSA MONTALVO, J.R.:\u00a0 <em>Cristianos, mud\u00e9jares y granadinos en la gobernaci\u00f3n de Orihuela<\/em>. Almer\u00eda, 1988.<\/p>\n<p>\u2014: \u00abLas fronteras del Reino de Valencia en tiempos de Jaime II\u00bb, en <em>Anales de la Universidad de Alicante. Historia Medieval. Congreso Internacional Jaime II 700 a\u00f1os despu\u00e9s. Actas<\/em>, 11 (196-1997), pp. 213-228.<\/p>\n<p>INIESTA MAGAN, J.: <em>Aproximaci\u00f3n a la historia moderna de Orihuela y su obispado<\/em>. Murcia, 1981.<\/p>\n<p>KENISTON, H.: <em>Francisco de los Cobos, Secretary of the Emperor Charles V<\/em>, Pittsburg, 1960.<\/p>\n<p>L\u00d3PEZ MAYM\u00d3N, J.: <em>Biograf\u00eda de D. Fernando de Loazes<\/em>. Murcia, 1922.<\/p>\n<p>LYNCH, J.: <em>Espa\u00f1a bajo los Austrias\/1. Imperio y absolutismo (1516-1598)<\/em>.Madrid, 1989.<\/p>\n<p>MADARIAGA, S. de: <em>Carlos V<\/em>. Barcelona, 1995.<\/p>\n<p>MADOZ, P.: <em>Diccionario Geogr\u00e1fico-Estad\u00edstico-Hist\u00f3rico. Orihuela<\/em>. Madrid, 1849.<\/p>\n<p>\u2014: <em>Biograf\u00edas de los obispos de Orihuela<\/em>. Valencia, 1996.<\/p>\n<p>MANRIQUE, J.: <em>Constuciones synodales del Obispado de Cartagena<\/em>. Valencia, 1590.<\/p>\n<p>MANSILLA REOYO, D., <em>Iglesia castellano-leonesa y Curia romana en los tiempos del rey San Fernando<\/em>. Madrid, 1945.<\/p>\n<p>\u2014: \u00abLa reorganizaci\u00f3n eclesi\u00e1stica espa\u00f1ola del siglo XVI. I. Arag\u00f3n-Catalu\u00f1a\u00bb, en <em>Anthologica Annua<\/em>, 4 (1956), pp. 97-238.<\/p>\n<p>\u2014: \u00abLa reorganizaci\u00f3n eclesi\u00e1stica espa\u00f1ola del siglo XVI. II. Navarra-Castilla\u00bb, en <em>Anthologica Annua<\/em>, 5 (1957), pp. 9-260.<\/p>\n<p>\u2014: \u00abFormaci\u00f3n de la provincia eclesi\u00e1stica de Zaragoza\u00bb, en <em>Hispania Sacra<\/em>, 18 (1965), pp. 254 y ss.<\/p>\n<p><em>\u2014:Geograf\u00eda Eclesi\u00e1stica de Espa\u00f1a. Estudio Hist\u00f3rico-Geogr\u00e1fico de las di\u00f3cesis<\/em>. Roma, 1994, 2 t.<\/p>\n<p>MAQUIAVELO, N.: <em>El Pr\u00edncipe<\/em>, Barcelona, 1994.<\/p>\n<p>MART\u00cdN, A.: <em>Descripci\u00f3n de la Provincia Ser\u00e1fica de Cartagena<\/em>. Murcia, 1915.<\/p>\n<p>MART\u00cdN, J.L.: <em>La Pen\u00ednsula en la Edad Media<\/em>. Barcelona, 1988.<\/p>\n<p>MART\u00cdN SANZ, M.R.: <em>Biblioteca P\u00fablica &#8220;Fernando de Loazes&#8221; y Archivo Hist\u00f3rico de Orihuela<\/em>. Valencia, 1993.<\/p>\n<p>MART\u00cdNEZ GOMIS, M.: <em>La Universidad de Orihuela (1610-1807)<\/em>. Alicante, 1987.<\/p>\n<p>MART\u00cdNEZ MORELL\u00c1, V.: <em>Privilegios y franquezas de Alfonso X el Sabio a Orihuela<\/em>. Alicante, 1951.<\/p>\n<p><em>\u2014:Cartas de los Reyes de Castilla a Orihuela. 1265-1295<\/em>. Alicante, 1954.<\/p>\n<p>\u2014: <em>Cartas del rey Don Fernando I de Arag\u00f3n a Orihuela<\/em>. Alicante, 1960.<\/p>\n<p>\u2014: <em>\u00cdndice de documentos relativos al obispado de Orihuela conservados en el Archivo Vaticano<\/em>. Alicante, 1962.<\/p>\n<p>MART\u00cdNEZ PATERNA, F.: <em>Historia de la ciudad de Orihuela y de sus pueblos oritanos<\/em>. Orihuela, 1632.<\/p>\n<p>\u2014:<em> Breve tratado de la Fundaci\u00f3n y Antig\u00fcedad de la muy noble y leal ciudad de Origuela<\/em>. Edici\u00f3n facs\u00edmil, con estudio preliminar, notas e \u00edndices de Antonio Luis Galiano P\u00e9rez. Orihuela, 1984.<\/p>\n<p>MART\u00cdNEZ VALLS, J.: \u00abSemblanza hist\u00f3rica del obispo de Orihuela D. Jos\u00e9 Esteve Juan (1551-1603) y sus relaciones ad limina\u00bb, en <em>Anthologica Annua<\/em>, 26-27 (1979-1980), pp. 555-611.<\/p>\n<p>\u2014: <em>Los moriscos de la di\u00f3cesis de Orihuela a finales del siglo XVI y legislaci\u00f3n particular can\u00f3nica sobre los mismos<\/em>. Alicante, 1982.<\/p>\n<p>MERINO \u00c1LVAREZ, A.: <em>Geograf\u00eda hist\u00f3rica del territorio de la actual provincia de Murcia<\/em>. Madrid, 1915.<\/p>\n<p>MEX\u00cdA, L.: <em>Historia del emperador Carlos V<\/em>. Madrid, 1945.<\/p>\n<p>MOLINA MOLINA, A.L.: \u00abEl Reino de Murcia durante la dominaci\u00f3n aragonesa (1296-1305)\u00bb, en <em>Anales de la Universidad de Alicante. Historia Medieval. Congreso Internacional Jaime II 700 a\u00f1os despu\u00e9s. Actas<\/em>, 11 (196-1997), pp. 265-272.<\/p>\n<p>MOLL\u00c1 Y BONET, B.: <em>Cr\u00f3nica del obispado de Orihuela<\/em>. Alicante, 1901.<\/p>\n<p>MONTESINOS P\u00c9REZ MART\u00cdNEZ Y ORUMBELA, J.: <em>Historia de Orihuela<\/em>.<\/p>\n<p>\u2014:: <em>Antig\u00fcedades, Nobleza y Blasones de la ciudad<\/em>.<\/p>\n<p>MORALES, A. de: <em>Privilegios reales, Bulas y otros instrumentos importantes<\/em>. Murcia, 1751.<\/p>\n<p>MOX\u00d3 Y MONTOL\u00cdU, F. de: \u00ab\u00bfTorrellas o Torrijos? En torno a la ubicaci\u00f3n de la sentencia arbitral de 1304\u00bb, en <em>Anales de la Universidad de Alicante. Historia Medieval. Congreso Internacional Jaime II 700 a\u00f1os despu\u00e9s. Actas<\/em>, 11 (196-1997), pp. 643-649.<\/p>\n<p>MUNTANER, R.: <em>Les Grandes Croniques<\/em>. Edici\u00f3n de F Soldevila. Barcelona, 1971.<\/p>\n<p>NAVARRO BOTELLA, J.M.: <em>El Primer S\u00ednodo de Orihuela. 1569<\/em>. Alicante, 1979.<\/p>\n<p>NICOLAU SENENT, A.: <em>En defensa y reivindicaci\u00f3n de Alejandro VI (El Papa Borja)<\/em>, Alicante, 1992.<\/p>\n<p>NIETO FERN\u00c1NDEZ, A.: <em>Orihuela en sus documentos<\/em>. Murcia, 1992.<\/p>\n<p>NIETO SORIA, J.M.: <em>El Pontificado Medieval<\/em>. Madrid, 1996.<\/p>\n<p>OJEDA NIETO, J. <em>El patrimonio de la Catedral de Orihuela. Gobierno y administraci\u00f3n de un edificio religioso en el Antiguo R\u00e9gimen<\/em>. Orihuela, 1997.<\/p>\n<p>OLAECHEA, R.: <em>Las relaciones hispanorromanas en la segunda mitad del siglo XVIII<\/em>, Zaragoza, 1965.<\/p>\n<p>OLARRA GARMENDIA, J.-LARRAMENDI, M.L.: <em>\u00cdndices de la correspondencia entre la Nunciatura en Espa\u00f1a y la Santa Sede, durante el reinado de Felipe II<\/em>. Madrid, 1948, 2 t.<\/p>\n<p>ORTEGA, M.: <em>Chronica de la Ser\u00e1fica Provincia de Cartagena<\/em>. Murcia, 1940.<\/p>\n<p>OSIO, L.: <em>Documenti diplomatici tratii dagli archivi milanesi<\/em>. Mil\u00e1n, 1872.<\/p>\n<p>OWENS, J.B.: <em>Rebeli\u00f3n, monarqu\u00eda y oligarqu\u00eda murciana en la \u00e9poca de Carlos V<\/em>. Murcia, 1980.<\/p>\n<p>PASOLINI, G.: <em>Adriano VI<\/em>. Roma, 1913.<\/p>\n<p>PASTOR, L., Barone von: <em>Storia dei Papi dalla fine del Medio Evo<\/em>. Roma, 1959, vols. III-IX.<\/p>\n<p>P\u00c9REZ, J.: <em>La Revoluci\u00f3n de las Comunidades de Castilla (1520-1521)<\/em>. Madrid, 1977.<\/p>\n<p>\u2014: <em>La Espa\u00f1a de los Reyes Cat\u00f3licos<\/em>. Madrid, 1986.<\/p>\n<p>PINILLA P\u00c9REZ DE TUDELA, R.: <em>Valencia y Do\u00f1a Germana: castigo de agermanados y problemas religiosos<\/em>. Valencia, 1994.<\/p>\n<p>PONT, R.: \u00abEl Infante D. Fernando, Se\u00f1or de Orihuela, en la guerra de los dos Pedros, 1356-1363\u00bb, en <em>Anales de la Universidad de Alicante. Historia Medieval<\/em>, n\u00ba 2 (1983), pp. 79-85.<\/p>\n<p>POU Y MART\u00cd, J.: \u00abOrihuela\u00bb, en <em>Enciclopedia Cattolica<\/em>, Citt\u00e0 del Vaticano, 1952, t. 9, pp. 350-351.<\/p>\n<p>RAMOS VIDAL, J.A.: <em>El concejo de Orihuela en la edad media<\/em>. Murcia, 1966.<\/p>\n<p><em>RECOPILACI\u00d3N de los estatutos, privilegios, y otros reales \u00f3rdenes dados a la&#8230; ciudad de Orihuela \/ compuesta de orden de los ilustres se\u00f1ores Justicia, y Jurados, y Consejo General de dicha&#8230; ciudad<\/em>&#8230; Orihuela, 1703.<\/p>\n<p>REGL\u00c0, J.: \u00abLa expulsi\u00f3n de los moriscos y sus consecuencias. Contribuci\u00f3n a su estudio\u00bb, en <em>Hispania<\/em>, 13 (1953), pp. 226-250.<\/p>\n<p>RIERA, J. <em>Rentas eclesi\u00e1sticas, moriscos y penitenciados (los obispados de Cartagena y Orihuela a mediados del siglo XVI)<\/em>. Valladolid, 1984.<\/p>\n<p>RICO DE ESTASEN, J.: \u00abLa Catedral de Orihuela\u00bb, en <em>Valencia Abstracci\u00f3n<\/em>, 276 (1958), pp. 2-4.<\/p>\n<p>RICO GARC\u00cdA, M.-MONTERO P\u00c9REZ, A.: <em>Ensayo biogr\u00e1fico y bibliogr\u00e1fico de escritores de Alicante y su provincia<\/em>. Alicante, 1888.<\/p>\n<p>RIGHETTI, M.: <em>Historia de la Liturgia<\/em>. Madrid, 1955.<\/p>\n<p>ROSCOE, W.: <em>The life and Pontificate of Leo the Tenth<\/em>. Philadelphia, 1805, 4 vols.<\/p>\n<p>ROXAS Y CONTRERAS, D. de: <em>Diferentes instrumentos, bulas, y otros documentos pertenecientes a la dignidad episcopal y Santa Iglesia de Carthagena, y a todo su obispado<\/em>, Madrid, 1756.<\/p>\n<p>RUIZ ALMANSA, J.: \u00abLa poblaci\u00f3n de Espa\u00f1a en el siglo XVI. Estudio sobre los recuentos de vecindario de 1594, llamados com\u00fanmente \u00abCenso de Tom\u00e1s Gonz\u00e1lez\u00bb\u00ab, en <em>Revista Internacional de Sociolog\u00eda<\/em>, n\u00ba 4, vol. 1 (1943), pp. 133-134.<\/p>\n<p>SALVADOR ESTEBAN, E.: <em>Cortes valencianas del reinado de Felipe II<\/em>. Valencia, 1973.<\/p>\n<p>S\u00c1NCHEZ GIJ\u00d3N, A.: <em>Defensa de costas en el Reino de Valencia<\/em>. Valencia, 1996.<\/p>\n<p>S\u00c1NCHEZ PORTAS, J.: <em>Archivos parroquiales de Orihuela: El Salvador, Santa Justa y Santiago<\/em>. Valencia, 1985.<\/p>\n<p>SANDOVAL, P. de: <em>Historia de la vida y hechos del emperador Carlos V<\/em>, Madrid, 1955.<\/p>\n<p>SANSANO, J.: <em>Orihuela. Historia, geograf\u00eda, arte y folklore de su partido judicial<\/em>. Orihuela, 1954.<\/p>\n<p>SANTA CRUZ, A. de: <em>Cr\u00f3nica del emperador Carlos V<\/em>. Madrid, 1920.<\/p>\n<p>SBARALEA, J. <em>Bullarium Franciscanum Romanorum Pontificum&#8230;<\/em> Roma, 1759.<\/p>\n<p>SERRANO, L.: <em>Archivo de la Embajada de Espa\u00f1a cerca de la Santa Sede. \u00cdndice anal\u00edtico de los documentos del siglo XVI<\/em>. Roma, 1915.<\/p>\n<p>SIM\u00d3N TARR\u00c9S, A.: <em>La Monarqu\u00eda de los Reyes Cat\u00f3licos<\/em>. Barcelona, 1996.<\/p>\n<p>TORRES FONTES, J.: <em>La delimitaci\u00f3n del sudeste peninsular (Tratados de partici\u00f3n de la Reconquista)<\/em>. Murcia, 1950.<\/p>\n<p>\u2014: \u00abEl obispado de Cartagena en el siglo XIII\u00bb, en <em>Hispania<\/em>, 13 (1953), pp. 339-401.<\/p>\n<p>\u2014: <em>D. Pedro Fajardo. Adelantado mayor del Reino de Murcia<\/em>. Madrid, 1953.<\/p>\n<p>\u2014: <em>Repartimiento y repoblaci\u00f3n de Murcia en el siglo XIII<\/em>. Madrid, 1960.<\/p>\n<p>\u2014: <em>Colecci\u00f3n de documentos para la Historia del Reino de Murcia<\/em>. Murcia, 1963-1973.<\/p>\n<p>\u2014: <em>Colecci\u00f3n de documentos para la historia del reino de Murcia. Documentos del siglo XIII<\/em>. Murcia, 1969.<\/p>\n<p>\u2014: <em>La reconquista de Murcia en 1266 por Jaime I de Arag\u00f3n<\/em>. Murcia, 1987.<\/p>\n<p>\u2014: <em>Repartimiento de Orihuela<\/em>. Orihuela, 1988.<\/p>\n<p>VICIANA, M. de: <em>Cr\u00f3nica de la \u00ednclita y coronada ciudad de Valencia<\/em>. Edici\u00f3n cr\u00edtica y facs\u00edmil de Sebasti\u00e1n Garc\u00eda Mart\u00ednez. Valencia, 1980.<\/p>\n<p>VIDAL TUR, G.: <em>Un obispado espa\u00f1ol. El de Orihuela-Alicante<\/em>. Alicante, 1979.<\/p>\n<p>VILAR RAM\u00cdREZ, J.B.: <em>Orihuela musulmana<\/em>.<em> Historia de la ciudad de Orihuela<\/em>, t. II, Murcia, 1976.<\/p>\n<p>\u2014: <em>Los siglos XIV y XV en Orihuela<\/em>. <em>Historia de la ciudad de Orihuela<\/em>, t. II. Murcia, 1977.<\/p>\n<p>\u2014: <em>Orihuela. Una ciudad valenciana en la Espa\u00f1a Moderna<\/em>. <em>Historia de la ciudad y obispado de Orihuela<\/em>, t. IV, vol. II. Murcia, 1981.<\/p>\n<p>\u2014: <em>Los moriscos del Renio de Murcia y Obispado de Orihuela<\/em>. Murcia, 1992.<\/p>\n<p>VINCKE, J.: <em>Documenta selecta mutuas civitatis Arago-Cathalaunicae et ecclesiae relationes illustrantia<\/em>. Barcelona, 1936.<\/p>\n<p>VIRAVENS Y PASTOR, R.: <em>Cr\u00f3nica de la ciudad de Alicante<\/em>. Alicante, 1976.<\/p>\n<p>YANKO, A.: <em>Felipe II. Un rostro, un rey, una conciencia<\/em>. Madrid, 1996.<\/p>\n<p>ZURITA, J.: <em>Anales de la Corona de Arag\u00f3n<\/em>. Edici\u00f3n de A. Canellas L\u00f3pez, Zaragoza, 1969.<\/p>\n","protected":false},"excerpt":{"rendered":"<p>ABAD HUERTAS, M.: Catalogaci\u00f3n y extracto de fondos de los pergaminos existentes en el Archivo de la S. I. Catedral de la Ciudad de Orihuela. Alicante, 1977. ABAD MERINO, M.: El cambio de lengua en Orihuela: Estudio socioling\u00fc\u00edstico-hist\u00f3rico del siglo XVII. Murcia, 1994. ALBERT BERENGUER, I.: Bibliograf\u00eda de la di\u00f3cesis de Orihuela. Alicante, 1957. ALDEA [&hellip;]<\/p>\n","protected":false},"author":936,"featured_media":0,"parent":0,"menu_order":14,"comment_status":"closed","ping_status":"closed","template":"","meta":{"footnotes":""},"class_list":["post-43","page","type-page","status-publish","hentry"],"_links":{"self":[{"href":"https:\/\/blogs.ua.es\/obispadoorihuela\/wp-json\/wp\/v2\/pages\/43","targetHints":{"allow":["GET"]}}],"collection":[{"href":"https:\/\/blogs.ua.es\/obispadoorihuela\/wp-json\/wp\/v2\/pages"}],"about":[{"href":"https:\/\/blogs.ua.es\/obispadoorihuela\/wp-json\/wp\/v2\/types\/page"}],"author":[{"embeddable":true,"href":"https:\/\/blogs.ua.es\/obispadoorihuela\/wp-json\/wp\/v2\/users\/936"}],"replies":[{"embeddable":true,"href":"https:\/\/blogs.ua.es\/obispadoorihuela\/wp-json\/wp\/v2\/comments?post=43"}],"version-history":[{"count":4,"href":"https:\/\/blogs.ua.es\/obispadoorihuela\/wp-json\/wp\/v2\/pages\/43\/revisions"}],"predecessor-version":[{"id":58,"href":"https:\/\/blogs.ua.es\/obispadoorihuela\/wp-json\/wp\/v2\/pages\/43\/revisions\/58"}],"wp:attachment":[{"href":"https:\/\/blogs.ua.es\/obispadoorihuela\/wp-json\/wp\/v2\/media?parent=43"}],"curies":[{"name":"wp","href":"https:\/\/api.w.org\/{rel}","templated":true}]}}