{"id":193,"date":"2011-03-21T10:22:57","date_gmt":"2011-03-21T09:22:57","guid":{"rendered":"https:\/\/blogs.ua.es\/observatoriodoxa\/"},"modified":"2011-06-20T13:37:28","modified_gmt":"2011-06-20T11:37:28","slug":"foro-tema-de-discusion-1","status":"publish","type":"page","link":"https:\/\/blogs.ua.es\/observatoriodoxa\/foro-tema-de-discusion-1\/","title":{"rendered":"Foro: Sobre la constitucionalidad del aborto en el DF"},"content":{"rendered":"<p>El Foro del Observatorio Doxa se inaugura con la discusi\u00f3n de la sentencia sobre el aborto en el Distrito Federal.<\/p>\n<p>La Corte Suprema de Justicia de la Naci\u00f3n pronunci\u00f3 en 2008 la sentencia  que en esta ocasi\u00f3n, con una presentaci\u00f3n (ponencia) de Manuel Atienza,  ponemos a disposici\u00f3n de todos ustedes. Los profesores Riccardo  Guastini (Universit\u00e0 degli Studi di Genova) y Rodolfo Vigo (Universidad  Nacional del Litoral, Argentina), realizan sendos comentarios tanto a la  sentencia y sus engroses como a la ponencia del profesor Atienza.\u00a0 Esperamos sus comentarios y su participaci\u00f3n en este primer foro del Observatorio.<\/p>\n<p>Los documentos son los siguientes:<\/p>\n<p><a title=\"Sentencia sobre constitucionalidad del aborto en el DF\" href=\"http:\/\/web.ua.es\/es\/observatoriodoxa\/documentos\/sentencia-constitucionalidad-146-2007.pdf\" target=\"_blank\">La sentencia<\/a>.<\/p>\n<p><a title=\"Ponencia de Manuel Atienza\" href=\"http:\/\/web.ua.es\/es\/observatoriodoxa\/documentos\/manuel-atienza.pdf\" target=\"_blank\">La ponencia de Manuel Atienza<\/a>.<\/p>\n<p><a title=\"Comentario de Riccardo Guastini\" href=\"http:\/\/web.ua.es\/es\/observatoriodoxa\/documentos\/comentario-riccardo-guastini.pdf\" target=\"_blank\">El comentario de Riccardo Guastini.<\/a><\/p>\n<p><a title=\"Comentario de Rodolfo Vigo\" href=\"http:\/\/web.ua.es\/es\/observatoriodoxa\/documentos\/comentario-rodolfo-vigo.pdf\" target=\"_blank\">El comentario de Rodolfo Vigo.<\/a><\/p>\n<p>&nbsp;<\/p>\n<p>\u00a1Recuerda las <a href=\"http:\/\/web.ua.es\/es\/observatoriodoxa\/foro-de-discusion\/foro-de-discusion-reglas.html\" target=\"_blank\">normas de uso<\/a> del foro!<\/p>\n","protected":false},"excerpt":{"rendered":"<p>El Foro del Observatorio Doxa se inaugura con la discusi\u00f3n de la sentencia sobre el aborto en el Distrito Federal. La Corte Suprema de Justicia de la Naci\u00f3n pronunci\u00f3 en 2008 la sentencia que en esta ocasi\u00f3n, con una presentaci\u00f3n (ponencia) de Manuel Atienza, ponemos a disposici\u00f3n de todos ustedes. Los profesores Riccardo Guastini (Universit\u00e0 [&hellip;]<\/p>\n","protected":false},"author":1720,"featured_media":0,"parent":0,"menu_order":0,"comment_status":"open","ping_status":"closed","template":"","meta":{"footnotes":""},"class_list":["post-193","page","type-page","status-publish","hentry"],"_links":{"self":[{"href":"https:\/\/blogs.ua.es\/observatoriodoxa\/wp-json\/wp\/v2\/pages\/193","targetHints":{"allow":["GET"]}}],"collection":[{"href":"https:\/\/blogs.ua.es\/observatoriodoxa\/wp-json\/wp\/v2\/pages"}],"about":[{"href":"https:\/\/blogs.ua.es\/observatoriodoxa\/wp-json\/wp\/v2\/types\/page"}],"author":[{"embeddable":true,"href":"https:\/\/blogs.ua.es\/observatoriodoxa\/wp-json\/wp\/v2\/users\/1720"}],"replies":[{"embeddable":true,"href":"https:\/\/blogs.ua.es\/observatoriodoxa\/wp-json\/wp\/v2\/comments?post=193"}],"version-history":[{"count":7,"href":"https:\/\/blogs.ua.es\/observatoriodoxa\/wp-json\/wp\/v2\/pages\/193\/revisions"}],"predecessor-version":[{"id":257,"href":"https:\/\/blogs.ua.es\/observatoriodoxa\/wp-json\/wp\/v2\/pages\/193\/revisions\/257"}],"wp:attachment":[{"href":"https:\/\/blogs.ua.es\/observatoriodoxa\/wp-json\/wp\/v2\/media?parent=193"}],"curies":[{"name":"wp","href":"https:\/\/api.w.org\/{rel}","templated":true}]}}