{"id":1515,"date":"2011-06-07T18:59:57","date_gmt":"2011-06-07T16:59:57","guid":{"rendered":"https:\/\/blogs.ua.es\/observatoriotic\/?page_id=1515"},"modified":"2014-10-29T09:42:25","modified_gmt":"2014-10-29T08:42:25","slug":"proponer-un-tema","status":"publish","type":"page","link":"https:\/\/blogs.ua.es\/observatoriotic\/proponer-un-tema\/","title":{"rendered":"Proposa un tema"},"content":{"rendered":"<p style=\"text-align: justify\">\n<p style=\"text-align: justify\">T&#8217;agradaria que parl\u00e0rem d&#8217;una aplicaci\u00f3 o dispositiu en concret? Hi ha algun programa que et porta de cap? No saps com fer un procediment en concret amb una aplicaci\u00f3? T&#8217;agradaria que t&#8217;ajud\u00e0rem a buscar alternatives per a realitzar una tasca determinada?<\/p>\n<p style=\"text-align: justify\">Proposa el tema per a un post!<\/p>\n<p style=\"text-align: justify\"><a title=\"Formulari de propostes\" href=\"http:\/\/aplicacionesua.cpd.ua.es\/cuestionario\/pub\/preg.asp?idioma=va&amp;cuestionario=2137\" target=\"_blank\">Accedeix al formulari<\/a><\/p>\n<p style=\"text-align: justify\">\n<p>\u00bfTe gustar\u00eda que habl\u00e1ramos de una aplicaci\u00f3n o dispositivo en concreto? \u00bfHay alg\u00fan programa que te lleva de cabeza? \u00bfNo sabes c\u00f3mo realizar un procedimiento en concreto con una aplicaci\u00f3n? \u00bfTe gustar\u00eda que te ayud\u00e1ramos a buscar alternativas para realizar una tarea determinada?<\/p>\n<p>\u00a1Prop\u00f3n el tema para un post!<\/p>\n<p><a title=\"Formulario de propuestas\" href=\"http:\/\/aplicacionesua.cpd.ua.es\/cuestionario\/pub\/preg.asp?idioma=es&amp;cuestionario=2137\" target=\"_blank\">Accede al formulario<\/a><\/p>\n","protected":false},"excerpt":{"rendered":"<p>T&#8217;agradaria que parl\u00e0rem d&#8217;una aplicaci\u00f3 o dispositiu en concret? Hi ha algun programa que et porta de cap? No saps com fer un procediment en concret amb una aplicaci\u00f3? T&#8217;agradaria que t&#8217;ajud\u00e0rem a buscar alternatives per a realitzar una tasca determinada? Proposa el tema per a un post! Accedeix al formulari \u00bfTe gustar\u00eda que habl\u00e1ramos [&hellip;]<\/p>\n","protected":false},"author":1313,"featured_media":0,"parent":0,"menu_order":2,"comment_status":"closed","ping_status":"closed","template":"","meta":{"footnotes":""},"class_list":["post-1515","page","type-page","status-publish","hentry"],"_links":{"self":[{"href":"https:\/\/blogs.ua.es\/observatoriotic\/wp-json\/wp\/v2\/pages\/1515","targetHints":{"allow":["GET"]}}],"collection":[{"href":"https:\/\/blogs.ua.es\/observatoriotic\/wp-json\/wp\/v2\/pages"}],"about":[{"href":"https:\/\/blogs.ua.es\/observatoriotic\/wp-json\/wp\/v2\/types\/page"}],"author":[{"embeddable":true,"href":"https:\/\/blogs.ua.es\/observatoriotic\/wp-json\/wp\/v2\/users\/1313"}],"replies":[{"embeddable":true,"href":"https:\/\/blogs.ua.es\/observatoriotic\/wp-json\/wp\/v2\/comments?post=1515"}],"version-history":[{"count":18,"href":"https:\/\/blogs.ua.es\/observatoriotic\/wp-json\/wp\/v2\/pages\/1515\/revisions"}],"predecessor-version":[{"id":2375,"href":"https:\/\/blogs.ua.es\/observatoriotic\/wp-json\/wp\/v2\/pages\/1515\/revisions\/2375"}],"wp:attachment":[{"href":"https:\/\/blogs.ua.es\/observatoriotic\/wp-json\/wp\/v2\/media?parent=1515"}],"curies":[{"name":"wp","href":"https:\/\/api.w.org\/{rel}","templated":true}]}}