{"id":2,"date":"2009-09-23T09:40:45","date_gmt":"2009-09-23T07:40:45","guid":{"rendered":""},"modified":"2014-10-29T09:47:47","modified_gmt":"2014-10-29T08:47:47","slug":"acercade","status":"publish","type":"page","link":"https:\/\/blogs.ua.es\/observatoriotic\/acercade\/","title":{"rendered":"Sobre"},"content":{"rendered":"<p>El blog de l&#8217;<strong>Observatori TIC<\/strong>,\u00a0\u00a0 de l&#8217;\u00e0rea d&#8217;Innovaci\u00f3 Tecnol\u00f2gica Educativa del Servei d&#8217;Inform\u00e0tica, t\u00e9 com a objectiu donar a con\u00e8ixer recursos que poden resultar \u00fatils en la doc\u00e8ncia i la gesti\u00f3 universit\u00e0ries.<\/p>\n<p>A m\u00e9s, ens interessa que formes part d&#8217;aquest blog. Per aix\u00f2 esperem els teus comentaris i les teues propostes.<\/p>\n<hr \/>\n<p>El blog del\u00a0<strong>Observatorio TIC<\/strong>, del \u00e1rea de Innovaci\u00f3n Tecnol\u00f3gico-Educativa del Servicio de Inform\u00e1tica, tiene como objetivo dar a conocer recursos que pueden resultar \u00fatiles en la docencia y la gesti\u00f3n universitarias.<\/p>\n<p>Adem\u00e1s, nos interesa que formes partes de este blog. Por eso esperamos tus comentarios y tus propuestas.<\/p>\n","protected":false},"excerpt":{"rendered":"<p>El blog de l&#8217;Observatori TIC,\u00a0\u00a0 de l&#8217;\u00e0rea d&#8217;Innovaci\u00f3 Tecnol\u00f2gica Educativa del Servei d&#8217;Inform\u00e0tica, t\u00e9 com a objectiu donar a con\u00e8ixer recursos que poden resultar \u00fatils en la doc\u00e8ncia i la gesti\u00f3 universit\u00e0ries. A m\u00e9s, ens interessa que formes part d&#8217;aquest blog. Per aix\u00f2 esperem els teus comentaris i les teues propostes. El blog del\u00a0Observatorio TIC, [&hellip;]<\/p>\n","protected":false},"author":1313,"featured_media":0,"parent":0,"menu_order":3,"comment_status":"closed","ping_status":"closed","template":"","meta":{"footnotes":""},"class_list":["post-2","page","type-page","status-publish","hentry"],"_links":{"self":[{"href":"https:\/\/blogs.ua.es\/observatoriotic\/wp-json\/wp\/v2\/pages\/2","targetHints":{"allow":["GET"]}}],"collection":[{"href":"https:\/\/blogs.ua.es\/observatoriotic\/wp-json\/wp\/v2\/pages"}],"about":[{"href":"https:\/\/blogs.ua.es\/observatoriotic\/wp-json\/wp\/v2\/types\/page"}],"author":[{"embeddable":true,"href":"https:\/\/blogs.ua.es\/observatoriotic\/wp-json\/wp\/v2\/users\/1313"}],"replies":[{"embeddable":true,"href":"https:\/\/blogs.ua.es\/observatoriotic\/wp-json\/wp\/v2\/comments?post=2"}],"version-history":[{"count":17,"href":"https:\/\/blogs.ua.es\/observatoriotic\/wp-json\/wp\/v2\/pages\/2\/revisions"}],"predecessor-version":[{"id":2377,"href":"https:\/\/blogs.ua.es\/observatoriotic\/wp-json\/wp\/v2\/pages\/2\/revisions\/2377"}],"wp:attachment":[{"href":"https:\/\/blogs.ua.es\/observatoriotic\/wp-json\/wp\/v2\/media?parent=2"}],"curies":[{"name":"wp","href":"https:\/\/api.w.org\/{rel}","templated":true}]}}