{"id":12,"date":"2011-12-02T12:02:54","date_gmt":"2011-12-02T12:02:54","guid":{"rendered":"https:\/\/blogs.ua.es\/ocupacioterritoricostaalacant\/?page_id=12"},"modified":"2012-01-18T18:38:57","modified_gmt":"2012-01-18T18:38:57","slug":"recursos-informacion","status":"publish","type":"page","link":"https:\/\/blogs.ua.es\/ocupacioterritoricostaalacant\/recursos-informacion\/","title":{"rendered":"Recursos de Informaci\u00f3n"},"content":{"rendered":"<p>Para la realizaci\u00f3n del blog hemos utilizado diferentes recursos de informaci\u00f3n:<\/p>\n<p>Buscadores (google, google books) para buscar parte de la informaci\u00f3n y libros necesarios. Adem\u00e1s hemos hecho uso de cat\u00e1logos como el cat\u00e1logo de la UA y cat\u00e1logos colectivos, tales como\u00a0\u00a0REBIUN\u00a0y \u00a0la RED ELECTR\u00d3NICA DE LECTURA P\u00daBLICA VALENCIANA. Por \u00faltimo tambi\u00e9n conseguimos ciertas referencias a partir de bases de datos ( base de datos de la UA y Dialnet).<\/p>\n","protected":false},"excerpt":{"rendered":"<p>Para la realizaci\u00f3n del blog hemos utilizado diferentes recursos de informaci\u00f3n: Buscadores (google, google books) para buscar parte de la informaci\u00f3n y libros necesarios. Adem\u00e1s hemos hecho uso de cat\u00e1logos como el cat\u00e1logo de la UA y cat\u00e1logos colectivos, tales como\u00a0\u00a0REBIUN\u00a0y \u00a0la RED ELECTR\u00d3NICA DE LECTURA P\u00daBLICA VALENCIANA. Por \u00faltimo tambi\u00e9n conseguimos ciertas referencias a [&hellip;]<\/p>\n","protected":false},"author":2470,"featured_media":0,"parent":0,"menu_order":0,"comment_status":"open","ping_status":"open","template":"","meta":{"footnotes":""},"class_list":["post-12","page","type-page","status-publish","hentry"],"_links":{"self":[{"href":"https:\/\/blogs.ua.es\/ocupacioterritoricostaalacant\/wp-json\/wp\/v2\/pages\/12","targetHints":{"allow":["GET"]}}],"collection":[{"href":"https:\/\/blogs.ua.es\/ocupacioterritoricostaalacant\/wp-json\/wp\/v2\/pages"}],"about":[{"href":"https:\/\/blogs.ua.es\/ocupacioterritoricostaalacant\/wp-json\/wp\/v2\/types\/page"}],"author":[{"embeddable":true,"href":"https:\/\/blogs.ua.es\/ocupacioterritoricostaalacant\/wp-json\/wp\/v2\/users\/2470"}],"replies":[{"embeddable":true,"href":"https:\/\/blogs.ua.es\/ocupacioterritoricostaalacant\/wp-json\/wp\/v2\/comments?post=12"}],"version-history":[{"count":3,"href":"https:\/\/blogs.ua.es\/ocupacioterritoricostaalacant\/wp-json\/wp\/v2\/pages\/12\/revisions"}],"predecessor-version":[{"id":14,"href":"https:\/\/blogs.ua.es\/ocupacioterritoricostaalacant\/wp-json\/wp\/v2\/pages\/12\/revisions\/14"}],"wp:attachment":[{"href":"https:\/\/blogs.ua.es\/ocupacioterritoricostaalacant\/wp-json\/wp\/v2\/media?parent=12"}],"curies":[{"name":"wp","href":"https:\/\/api.w.org\/{rel}","templated":true}]}}