{"id":2,"date":"2011-12-02T11:16:27","date_gmt":"2011-12-02T11:16:27","guid":{"rendered":"https:\/\/blogs.ua.es\/ocupacioterritoricostaalacant\/?page_id=2"},"modified":"2012-01-18T18:21:01","modified_gmt":"2012-01-18T18:21:01","slug":"presentacion","status":"publish","type":"page","link":"https:\/\/blogs.ua.es\/ocupacioterritoricostaalacant\/presentacion\/","title":{"rendered":"Presentaci\u00f3n"},"content":{"rendered":"<p>Bienvenidos al blog dedicado a la ocupaci\u00f3n del territorio en la costa de Alicante. Este blog ha sido realizado en la asignatura de Fuentes y\u00a0Documentos\u00a0para la Historia de la Universidad de Alicante.\u00a0<\/p>\n<p>Cuando hablamos de ocupaci\u00f3n del territorio, nos referimos a\u00a0las actividades desarrolladas por el ser humano \u00a0en determinadas zonas.\u00a0Entre los usos del territorio hay que destacar los destinados a \u00a0la agricultura, al sector industrial, turismo, transporte y otras acitividades.\u00a0El blog recoge una gran cantidad de\u00a0referencias bibliogr\u00e1ficas\u00a0\u00a0que contienen\u00a0 informaci\u00f3n relacionada con el tema. Adem\u00e1s se aportan referencias sobre la evoluci\u00f3n tanto urban\u00edstica como demogr\u00e1fica de ciertas ciudades, informaci\u00f3n sobre los recursos h\u00eddricos de la prov\u00edncia, etc.<\/p>\n<p>&nbsp;<\/p>\n<p>&nbsp;<\/p>\n<p style=\"text-align: right\">Toni Bell\u00f3n y Pedro Garc\u00eda<\/p>\n","protected":false},"excerpt":{"rendered":"<p>Bienvenidos al blog dedicado a la ocupaci\u00f3n del territorio en la costa de Alicante. Este blog ha sido realizado en la asignatura de Fuentes y\u00a0Documentos\u00a0para la Historia de la Universidad de Alicante.\u00a0 Cuando hablamos de ocupaci\u00f3n del territorio, nos referimos a\u00a0las actividades desarrolladas por el ser humano \u00a0en determinadas zonas.\u00a0Entre los usos del territorio hay [&hellip;]<\/p>\n","protected":false},"author":2470,"featured_media":0,"parent":0,"menu_order":0,"comment_status":"open","ping_status":"open","template":"","meta":{"footnotes":""},"class_list":["post-2","page","type-page","status-publish","hentry"],"_links":{"self":[{"href":"https:\/\/blogs.ua.es\/ocupacioterritoricostaalacant\/wp-json\/wp\/v2\/pages\/2","targetHints":{"allow":["GET"]}}],"collection":[{"href":"https:\/\/blogs.ua.es\/ocupacioterritoricostaalacant\/wp-json\/wp\/v2\/pages"}],"about":[{"href":"https:\/\/blogs.ua.es\/ocupacioterritoricostaalacant\/wp-json\/wp\/v2\/types\/page"}],"author":[{"embeddable":true,"href":"https:\/\/blogs.ua.es\/ocupacioterritoricostaalacant\/wp-json\/wp\/v2\/users\/2470"}],"replies":[{"embeddable":true,"href":"https:\/\/blogs.ua.es\/ocupacioterritoricostaalacant\/wp-json\/wp\/v2\/comments?post=2"}],"version-history":[{"count":3,"href":"https:\/\/blogs.ua.es\/ocupacioterritoricostaalacant\/wp-json\/wp\/v2\/pages\/2\/revisions"}],"predecessor-version":[{"id":87,"href":"https:\/\/blogs.ua.es\/ocupacioterritoricostaalacant\/wp-json\/wp\/v2\/pages\/2\/revisions\/87"}],"wp:attachment":[{"href":"https:\/\/blogs.ua.es\/ocupacioterritoricostaalacant\/wp-json\/wp\/v2\/media?parent=2"}],"curies":[{"name":"wp","href":"https:\/\/api.w.org\/{rel}","templated":true}]}}