{"id":13,"date":"2014-06-01T22:57:41","date_gmt":"2014-06-01T22:57:41","guid":{"rendered":"https:\/\/blogs.ua.es\/ontinyent\/?page_id=13"},"modified":"2014-06-01T22:57:50","modified_gmt":"2014-06-01T22:57:50","slug":"valoracion","status":"publish","type":"page","link":"https:\/\/blogs.ua.es\/ontinyent\/valoracion\/","title":{"rendered":"Valoraci\u00f3n"},"content":{"rendered":"<p>Sin duda, y despu\u00e9s de haber realizado este estudio, llego a la conclusi\u00f3n de la importancia que las actas municipales tienen para reflejar la sociedad y los pensamientos imperantes en un momento determinado dentro de un contexto hist\u00f3rico. As\u00ed pues, de sobra es conocido por todos los enormes cambios y convulsos procesos que se vivieron en el a\u00f1o 1939 en todo el territorio espa\u00f1ol. Pero es a la hora de analizarlo dentro de un municipio como Ontinyent, cuando &#8220;rasgas&#8221; en la superficie y ahondas m\u00e1s en los profundos cambios de mentalidad que se desarrollaron. Adem\u00e1s, este tipo de trabajos siempre suscita inter\u00e9s por parte de ciudadanos, generalmente del propio municipio, de encontrar alg\u00fan familiar o conocido suyo en estas actas plenarias. Curiosidades tan simples como &#8220;\u00bfQue pas\u00f3 con mi abuelo que lo nombraron guardia municipal?&#8221;, &#8220;Creo que mi bisabuelo estuvo en cierta comisi\u00f3n, \u00bfqu\u00e9 hay de cierto en eso?&#8221; creo que pueden servir para conocer de primera mano lo que, a trav\u00e9s de los libros de actas, aconteci\u00f3 en aquel periodo. Eso s\u00ed, sin ninguna otra pretensi\u00f3n que la de informar y dar a conocer documentos tan valiosos para la historia local.<\/p>\n<p>Y para finalizar, si me lo permiten, quiero agradecer al archivero auxiliar Tom\u00e0s Bordera por su colaboraci\u00f3n y la facilitaci\u00f3n de bibliograf\u00eda que pudiese servirme para contextualizar el convulso momento en el que se realizan las actas municipales que en este blog expongo.<\/p>\n","protected":false},"excerpt":{"rendered":"<p>Sin duda, y despu\u00e9s de haber realizado este estudio, llego a la conclusi\u00f3n de la importancia que las actas municipales tienen para reflejar la sociedad y los pensamientos imperantes en un momento determinado dentro de un contexto hist\u00f3rico. As\u00ed pues, &hellip; <a href=\"https:\/\/blogs.ua.es\/ontinyent\/valoracion\/\">Continue reading <span class=\"meta-nav\">&rarr;<\/span><\/a><\/p>\n","protected":false},"author":2473,"featured_media":0,"parent":0,"menu_order":0,"comment_status":"open","ping_status":"closed","template":"","meta":{"footnotes":""},"class_list":["post-13","page","type-page","status-publish","hentry"],"_links":{"self":[{"href":"https:\/\/blogs.ua.es\/ontinyent\/wp-json\/wp\/v2\/pages\/13","targetHints":{"allow":["GET"]}}],"collection":[{"href":"https:\/\/blogs.ua.es\/ontinyent\/wp-json\/wp\/v2\/pages"}],"about":[{"href":"https:\/\/blogs.ua.es\/ontinyent\/wp-json\/wp\/v2\/types\/page"}],"author":[{"embeddable":true,"href":"https:\/\/blogs.ua.es\/ontinyent\/wp-json\/wp\/v2\/users\/2473"}],"replies":[{"embeddable":true,"href":"https:\/\/blogs.ua.es\/ontinyent\/wp-json\/wp\/v2\/comments?post=13"}],"version-history":[{"count":2,"href":"https:\/\/blogs.ua.es\/ontinyent\/wp-json\/wp\/v2\/pages\/13\/revisions"}],"predecessor-version":[{"id":71,"href":"https:\/\/blogs.ua.es\/ontinyent\/wp-json\/wp\/v2\/pages\/13\/revisions\/71"}],"wp:attachment":[{"href":"https:\/\/blogs.ua.es\/ontinyent\/wp-json\/wp\/v2\/media?parent=13"}],"curies":[{"name":"wp","href":"https:\/\/api.w.org\/{rel}","templated":true}]}}