{"id":5,"date":"2014-06-01T10:01:05","date_gmt":"2014-06-01T10:01:05","guid":{"rendered":"https:\/\/blogs.ua.es\/ontinyent\/?page_id=5"},"modified":"2014-06-01T10:03:29","modified_gmt":"2014-06-01T10:03:29","slug":"presentacion","status":"publish","type":"page","link":"https:\/\/blogs.ua.es\/ontinyent\/presentacion\/","title":{"rendered":"Presentaci\u00f3n"},"content":{"rendered":"<p>Bienvenido a mi blog.<\/p>\n<p>Le saluda Jos\u00e9 Pastor Olcina, alumno de la asignatura de Archivos y Documentos de 2\u00ba Grado de Historia de la Universidad de Alicante. Aqu\u00ed les presento una recopilaci\u00f3n resumida de las actas municipales realizadas en el a\u00f1o 1939 y la localidad de Ontinyent, sin otra pretensi\u00f3n que ponerles al alcance de un &#8216;click&#8217; informaci\u00f3n y datos curiosos para dar a conocer un poco m\u00e1s los acontecimientos que rodean al a\u00f1o 1939.<\/p>\n<p>Espero que disfruten y que les sea \u00fatil. Ante cualquier duda u observaci\u00f3n, no duden en transmitirla en el apartado de comentarios.<\/p>\n<p>Un saludo<\/p>\n","protected":false},"excerpt":{"rendered":"<p>Bienvenido a mi blog. Le saluda Jos\u00e9 Pastor Olcina, alumno de la asignatura de Archivos y Documentos de 2\u00ba Grado de Historia de la Universidad de Alicante. Aqu\u00ed les presento una recopilaci\u00f3n resumida de las actas municipales realizadas en el &hellip; <a href=\"https:\/\/blogs.ua.es\/ontinyent\/presentacion\/\">Continue reading <span class=\"meta-nav\">&rarr;<\/span><\/a><\/p>\n","protected":false},"author":2473,"featured_media":0,"parent":0,"menu_order":0,"comment_status":"open","ping_status":"closed","template":"","meta":{"footnotes":""},"class_list":["post-5","page","type-page","status-publish","hentry"],"_links":{"self":[{"href":"https:\/\/blogs.ua.es\/ontinyent\/wp-json\/wp\/v2\/pages\/5","targetHints":{"allow":["GET"]}}],"collection":[{"href":"https:\/\/blogs.ua.es\/ontinyent\/wp-json\/wp\/v2\/pages"}],"about":[{"href":"https:\/\/blogs.ua.es\/ontinyent\/wp-json\/wp\/v2\/types\/page"}],"author":[{"embeddable":true,"href":"https:\/\/blogs.ua.es\/ontinyent\/wp-json\/wp\/v2\/users\/2473"}],"replies":[{"embeddable":true,"href":"https:\/\/blogs.ua.es\/ontinyent\/wp-json\/wp\/v2\/comments?post=5"}],"version-history":[{"count":3,"href":"https:\/\/blogs.ua.es\/ontinyent\/wp-json\/wp\/v2\/pages\/5\/revisions"}],"predecessor-version":[{"id":67,"href":"https:\/\/blogs.ua.es\/ontinyent\/wp-json\/wp\/v2\/pages\/5\/revisions\/67"}],"wp:attachment":[{"href":"https:\/\/blogs.ua.es\/ontinyent\/wp-json\/wp\/v2\/media?parent=5"}],"curies":[{"name":"wp","href":"https:\/\/api.w.org\/{rel}","templated":true}]}}