{"id":69,"date":"2014-06-01T22:44:40","date_gmt":"2014-06-01T22:44:40","guid":{"rendered":"https:\/\/blogs.ua.es\/ontinyent\/?page_id=69"},"modified":"2014-06-01T23:00:47","modified_gmt":"2014-06-01T23:00:47","slug":"metodologia-2","status":"publish","type":"page","link":"https:\/\/blogs.ua.es\/ontinyent\/metodologia-2\/","title":{"rendered":"Metodolog\u00eda"},"content":{"rendered":"<p>En lo que se refiere al c\u00f3mo de la realizaci\u00f3n del trabajo, se ha accedido al Archivo Municipal de Ontinyent para la consulta de los libros de actas correspondientes archivados en las instalaciones. Para ello, he tenido que realizar un mero tr\u00e1mite de registro indicando la finalidad de la consulta archiv\u00edstica. A continuaci\u00f3n, he procedido al resumen exhaustivo de cada acta municipal publicada en este blog mediante un sistema de publicaci\u00f3n. Ya para finalizar, he creado dicho blog y publicado las actas previamente le\u00eddas, analizadas y resumidas. Apuntar tambi\u00e9n que me ha parecido interesante reproducir digitalmente la primera acta del periodo franquista y exponerla en su correspondiente publicaci\u00f3n. Cabe destacar que en ning\u00fan momento he tenido problema alguno en el acceso a los documentos solicitados, adem\u00e1s de encontrarlos en perfecto estado.<\/p>\n","protected":false},"excerpt":{"rendered":"<p>En lo que se refiere al c\u00f3mo de la realizaci\u00f3n del trabajo, se ha accedido al Archivo Municipal de Ontinyent para la consulta de los libros de actas correspondientes archivados en las instalaciones. Para ello, he tenido que realizar un &hellip; <a href=\"https:\/\/blogs.ua.es\/ontinyent\/metodologia-2\/\">Continue reading <span class=\"meta-nav\">&rarr;<\/span><\/a><\/p>\n","protected":false},"author":2473,"featured_media":0,"parent":0,"menu_order":0,"comment_status":"open","ping_status":"closed","template":"","meta":{"footnotes":""},"class_list":["post-69","page","type-page","status-publish","hentry"],"_links":{"self":[{"href":"https:\/\/blogs.ua.es\/ontinyent\/wp-json\/wp\/v2\/pages\/69","targetHints":{"allow":["GET"]}}],"collection":[{"href":"https:\/\/blogs.ua.es\/ontinyent\/wp-json\/wp\/v2\/pages"}],"about":[{"href":"https:\/\/blogs.ua.es\/ontinyent\/wp-json\/wp\/v2\/types\/page"}],"author":[{"embeddable":true,"href":"https:\/\/blogs.ua.es\/ontinyent\/wp-json\/wp\/v2\/users\/2473"}],"replies":[{"embeddable":true,"href":"https:\/\/blogs.ua.es\/ontinyent\/wp-json\/wp\/v2\/comments?post=69"}],"version-history":[{"count":4,"href":"https:\/\/blogs.ua.es\/ontinyent\/wp-json\/wp\/v2\/pages\/69\/revisions"}],"predecessor-version":[{"id":74,"href":"https:\/\/blogs.ua.es\/ontinyent\/wp-json\/wp\/v2\/pages\/69\/revisions\/74"}],"wp:attachment":[{"href":"https:\/\/blogs.ua.es\/ontinyent\/wp-json\/wp\/v2\/media?parent=69"}],"curies":[{"name":"wp","href":"https:\/\/api.w.org\/{rel}","templated":true}]}}