{"id":4,"date":"2013-11-15T11:49:15","date_gmt":"2013-11-15T11:49:15","guid":{"rendered":"https:\/\/blogs.ua.es\/orihuela1\/?page_id=4"},"modified":"2013-12-11T18:01:16","modified_gmt":"2013-12-11T17:01:16","slug":"presentacion","status":"publish","type":"page","link":"https:\/\/blogs.ua.es\/orihuela1\/presentacion\/","title":{"rendered":"Presentaci\u00f3n"},"content":{"rendered":"<p>Hola, somos <strong>Guadalupe Almagro Rocamora<\/strong> y <strong>Mar\u00eda Jos\u00e9 Mar\u00edn Ruiz<\/strong>, alumnas de primero del grado en Historia en la <a title=\"Universidad de Alicante\" href=\"http:\/\/www.ua.es\" target=\"_blank\">Universidad de Alicante<\/a>. E<span style=\"line-height: 1.5\">ste trabajo es una iniciativa del departamento de <em>Fuentes y Documentos para la Historia.<\/em><\/span><\/p>\n<p>En este blog trataremos una serie de escrituras expuestas, todas ellas pertenecientes a la ciudad de Orihuela. \u00a0Esperamos que os resulte interesante.<\/p>\n<p>&nbsp;<\/p>\n","protected":false},"excerpt":{"rendered":"<p>Hola, somos Guadalupe Almagro Rocamora y Mar\u00eda Jos\u00e9 Mar\u00edn Ruiz, alumnas de primero del grado en Historia en la Universidad de Alicante. Este trabajo es una iniciativa del departamento de Fuentes y Documentos para la Historia. En este blog trataremos &hellip; <a href=\"https:\/\/blogs.ua.es\/orihuela1\/presentacion\/\">Continue reading <span class=\"meta-nav\">&rarr;<\/span><\/a><\/p>\n","protected":false},"author":3312,"featured_media":0,"parent":0,"menu_order":0,"comment_status":"open","ping_status":"open","template":"","meta":{"footnotes":""},"class_list":["post-4","page","type-page","status-publish","hentry"],"_links":{"self":[{"href":"https:\/\/blogs.ua.es\/orihuela1\/wp-json\/wp\/v2\/pages\/4","targetHints":{"allow":["GET"]}}],"collection":[{"href":"https:\/\/blogs.ua.es\/orihuela1\/wp-json\/wp\/v2\/pages"}],"about":[{"href":"https:\/\/blogs.ua.es\/orihuela1\/wp-json\/wp\/v2\/types\/page"}],"author":[{"embeddable":true,"href":"https:\/\/blogs.ua.es\/orihuela1\/wp-json\/wp\/v2\/users\/3312"}],"replies":[{"embeddable":true,"href":"https:\/\/blogs.ua.es\/orihuela1\/wp-json\/wp\/v2\/comments?post=4"}],"version-history":[{"count":2,"href":"https:\/\/blogs.ua.es\/orihuela1\/wp-json\/wp\/v2\/pages\/4\/revisions"}],"predecessor-version":[{"id":47,"href":"https:\/\/blogs.ua.es\/orihuela1\/wp-json\/wp\/v2\/pages\/4\/revisions\/47"}],"wp:attachment":[{"href":"https:\/\/blogs.ua.es\/orihuela1\/wp-json\/wp\/v2\/media?parent=4"}],"curies":[{"name":"wp","href":"https:\/\/api.w.org\/{rel}","templated":true}]}}