{"id":6,"date":"2013-11-15T11:50:22","date_gmt":"2013-11-15T11:50:22","guid":{"rendered":"https:\/\/blogs.ua.es\/orihuela1\/?page_id=6"},"modified":"2013-12-19T12:53:49","modified_gmt":"2013-12-19T11:53:49","slug":"explicacion","status":"publish","type":"page","link":"https:\/\/blogs.ua.es\/orihuela1\/explicacion\/","title":{"rendered":"Explicaci\u00f3n"},"content":{"rendered":"<p>Este blog es una recopilaci\u00f3n de las escrituras expuestas que se pueden encontrar en la ciudad y sus inmediaciones, ya sean en grafitis, placas, carteles o letreros.<\/p>\n<p>Cada fotograf\u00eda va acompa\u00f1ada de una breve explicaci\u00f3n, reflexi\u00f3n o curiosidad.\u00a0Para realizarla se ha recopilado informaci\u00f3n de diversas fuentes, tanto de internet como testimonios orales de las personas que conocen esos lugares.<\/p>\n<p>El car\u00e1cter hist\u00f3rico de la ciudad ha sido un hilo conductor fundamental en este trabajo como se refleja en las entradas.<\/p>\n<p>&nbsp;<\/p>\n","protected":false},"excerpt":{"rendered":"<p>Este blog es una recopilaci\u00f3n de las escrituras expuestas que se pueden encontrar en la ciudad y sus inmediaciones, ya sean en grafitis, placas, carteles o letreros. Cada fotograf\u00eda va acompa\u00f1ada de una breve explicaci\u00f3n, reflexi\u00f3n o curiosidad.\u00a0Para realizarla se &hellip; <a href=\"https:\/\/blogs.ua.es\/orihuela1\/explicacion\/\">Continue reading <span class=\"meta-nav\">&rarr;<\/span><\/a><\/p>\n","protected":false},"author":3312,"featured_media":0,"parent":0,"menu_order":1,"comment_status":"open","ping_status":"open","template":"","meta":{"footnotes":""},"class_list":["post-6","page","type-page","status-publish","hentry"],"_links":{"self":[{"href":"https:\/\/blogs.ua.es\/orihuela1\/wp-json\/wp\/v2\/pages\/6","targetHints":{"allow":["GET"]}}],"collection":[{"href":"https:\/\/blogs.ua.es\/orihuela1\/wp-json\/wp\/v2\/pages"}],"about":[{"href":"https:\/\/blogs.ua.es\/orihuela1\/wp-json\/wp\/v2\/types\/page"}],"author":[{"embeddable":true,"href":"https:\/\/blogs.ua.es\/orihuela1\/wp-json\/wp\/v2\/users\/3312"}],"replies":[{"embeddable":true,"href":"https:\/\/blogs.ua.es\/orihuela1\/wp-json\/wp\/v2\/comments?post=6"}],"version-history":[{"count":2,"href":"https:\/\/blogs.ua.es\/orihuela1\/wp-json\/wp\/v2\/pages\/6\/revisions"}],"predecessor-version":[{"id":106,"href":"https:\/\/blogs.ua.es\/orihuela1\/wp-json\/wp\/v2\/pages\/6\/revisions\/106"}],"wp:attachment":[{"href":"https:\/\/blogs.ua.es\/orihuela1\/wp-json\/wp\/v2\/media?parent=6"}],"curies":[{"name":"wp","href":"https:\/\/api.w.org\/{rel}","templated":true}]}}