{"id":11,"date":"2017-12-18T11:57:22","date_gmt":"2017-12-18T11:57:22","guid":{"rendered":"https:\/\/blogs.ua.es\/paseandoporcopenhague\/?page_id=11"},"modified":"2017-12-19T14:33:40","modified_gmt":"2017-12-19T14:33:40","slug":"copenhague","status":"publish","type":"page","link":"https:\/\/blogs.ua.es\/paseandoporcopenhague\/copenhague\/","title":{"rendered":"Copenhague"},"content":{"rendered":"<p><b>Geograf\u00eda paisaj\u00edstica<\/b><\/p>\n<p align=\"left\">Con una poblaci\u00f3n que supera los cuatro millones de habitantes, <strong>Copenhague<\/strong>, capital de <strong>Dinamarca<\/strong>, es la ciudad m\u00e1s poblada. Sus or\u00edgenes vikingos se remontan al siglo X y se vincula a una econom\u00eda pesquera. A comienzos del siglo XI fue bautizada con el nombre de <strong><i>havn <\/i><\/strong>que significa &#8216;puerto&#8217;. Est\u00e1 situada en la costa del noreste del pa\u00eds, concretamente entre las islas de <strong>Zealand<\/strong> y la <strong>Isla Amager<\/strong>.<\/p>\n<p align=\"left\">Sus extensos territorios de bosque y la naturaleza que la rodea son elementos muy caracter\u00edsticos. Hay multitud de parques y zonas boscosas que son visitables y muy transitadas durante todo el a\u00f1o. Uno de las parques m\u00e1s famosos es el de <strong>Valbyparken<\/strong> con m\u00e1s de 60 hect\u00e1reas en el que se celebra cada a\u00f1o el <strong>Gron Koncert<\/strong>. Por otro lado tenemos el parque de <strong>Faelledparken<\/strong>, con altas tasas de turismo con millones de visitantes anualmente. En el siglo XVIII el emblem\u00e1tico parque de <strong>Kongens<\/strong> abri\u00f3 sus puertas al p\u00fablico con espl\u00e9ndidos jardines situado justamente al lado del castillo de <strong>Rosenborg<\/strong>. No obstante, un parque que destaca por encima de todos es el de <strong>T\u00edvoli<\/strong>. Inaugurado en la primera mitad del siglo XIX por <strong>Georg Carstens<\/strong>, es uno de los m\u00e1s antiguos de toda <strong>Dinamarca<\/strong> y que mejor conservan su antigua forma. Es el m\u00e1s visitado a nivel nacional con m\u00e1s de 4 millones de visitantes. Cabe mencionar dentro de este apartado los cementerios, pues, no s\u00f3lo son lugares de enterramiento sino tambi\u00e9n zonas p\u00fablicas de f\u00e1cil acceso. Uno de los cementerios m\u00e1s importantes con \u00e9stas caracter\u00edsticas es el de <strong>Assistens<\/strong>. Para finalizar con el apartado de geograf\u00eda mencionaremos la destacada playa <strong>Amager Strandpark<\/strong>, es la m\u00e1s grande e incluso alberga una playa artificial de casi 5 km.<\/p>\n<p align=\"left\"><img loading=\"lazy\" decoding=\"async\" class=\"size-medium wp-image-142 aligncenter\" src=\"https:\/\/blogs.ua.es\/paseandoporcopenhague\/files\/2017\/12\/valbyparken-1-300x119.jpg\" alt=\"\" width=\"300\" height=\"119\" srcset=\"https:\/\/blogs.ua.es\/paseandoporcopenhague\/files\/2017\/12\/valbyparken-1-300x119.jpg 300w, https:\/\/blogs.ua.es\/paseandoporcopenhague\/files\/2017\/12\/valbyparken-1-768x305.jpg 768w, https:\/\/blogs.ua.es\/paseandoporcopenhague\/files\/2017\/12\/valbyparken-1-1024x406.jpg 1024w\" sizes=\"auto, (max-width: 300px) 100vw, 300px\" \/><\/p>\n<p style=\"text-align: center\" align=\"left\"><strong>Valbyparken<\/strong><\/p>\n<p align=\"left\"><img loading=\"lazy\" decoding=\"async\" class=\"alignnone size-medium wp-image-146 aligncenter\" src=\"https:\/\/blogs.ua.es\/paseandoporcopenhague\/files\/2017\/12\/parque-de-tivoli-300x169.jpg\" alt=\"\" width=\"300\" height=\"169\" srcset=\"https:\/\/blogs.ua.es\/paseandoporcopenhague\/files\/2017\/12\/parque-de-tivoli-300x169.jpg 300w, https:\/\/blogs.ua.es\/paseandoporcopenhague\/files\/2017\/12\/parque-de-tivoli-768x432.jpg 768w, https:\/\/blogs.ua.es\/paseandoporcopenhague\/files\/2017\/12\/parque-de-tivoli.jpg 1024w\" sizes=\"auto, (max-width: 300px) 100vw, 300px\" \/><\/p>\n<p style=\"text-align: center\" align=\"left\"><strong>Tivoli<\/strong><\/p>\n<p align=\"left\"><img loading=\"lazy\" decoding=\"async\" class=\"alignnone size-medium wp-image-147 aligncenter\" src=\"https:\/\/blogs.ua.es\/paseandoporcopenhague\/files\/2017\/12\/cementerio-asistence-copenhague-300x208.jpg\" alt=\"\" width=\"300\" height=\"208\" srcset=\"https:\/\/blogs.ua.es\/paseandoporcopenhague\/files\/2017\/12\/cementerio-asistence-copenhague-300x208.jpg 300w, https:\/\/blogs.ua.es\/paseandoporcopenhague\/files\/2017\/12\/cementerio-asistence-copenhague.jpg 560w\" sizes=\"auto, (max-width: 300px) 100vw, 300px\" \/><\/p>\n<p style=\"text-align: center\" align=\"left\"><strong>Cementerio de Assistens<\/strong><\/p>\n<p align=\"left\"><b>Una historia con luces y sombras<\/b><\/p>\n<p align=\"left\">Se trata de una ciudad con much\u00edsima historia y adem\u00e1s muy temprana. Hay expertos que sit\u00faan sus or\u00edgenes en la <strong>Edad de Piedra<\/strong> porque hay evidencias de asentamientos y adem\u00e1s se han hallado algunos objetos. No obstante, lo que s\u00ed que sabemos a ciencia cierta es que ya a partir del siglo XI su puerto natural era una fuente de riqueza de pesca y comercio de la zona acentu\u00e1ndose en el siglo XIII. Las primeras evidencias escritas de la ciudad son del siglo XII siendo nombrada la ciudad como <strong><i>Mercatorum Portus <\/i><\/strong>haciendo referencia a la importancia que ten\u00eda su puerto.<\/p>\n<p align=\"left\">Una caracter\u00edstica de <strong>Copenhague<\/strong> es que es una ciudad amurallada. La raz\u00f3n de que se levantase una muralla es principalmente porque se trata de un lugar estrat\u00e9gico. Siendo uno de los enclaves m\u00e1s importantes del mar <strong>B\u00e1ltico<\/strong> y <strong>Alemania<\/strong> por lo tanto supone siempre un conflicto. Su obra es del siglo XIII con materiales de construcci\u00f3n de piedra con 4 puertas por las cuales se controla la entrada y la salida de los transe\u00fantes siendo ampliada a finales del siglo XVI. A pesar de ello, al igual que todas las ciudades de la <strong>Liga Hanse\u00e1tica<\/strong>, fue atacada en numerosas ocasiones. Sin embargo, en 1416 toma posesi\u00f3n de la ciudad <strong>Eric de Pomerania<\/strong> perteneciendo desde ese momento a la <strong>Corona de Dinamarca<\/strong>.<\/p>\n<p align=\"left\">Avanzando en el tiempo podemos observar que el siglo XVIII fue un periodo tan importante como turbio. A comienzos de siglo vemos que se siente amenzada por dos motivos concretamente; el primero es el levantamiento de la armada sueca y el segundo fue la peste en el a\u00f1o 1712 que acab\u00f3 con la vida de una tercera parte de la poblaci\u00f3n. M\u00e1s adelante, en la d\u00e9cada de los a\u00f1os 20, fue un incendio el que provoc\u00f3 el desastre en la ciudad. Se quemaron m\u00e1s de 1500 viviendas incluidas iglesias y a finales de siglo se produce un nuevo un incendio (esta vez de menores dimensiones). A pesar de ello su econom\u00eda portuaria no se vio afectada alcanzando los niveles m\u00e1s altos.<\/p>\n<p align=\"left\">El siglo XIX comienza con el conflicto b\u00e9lico contra la flota brit\u00e1nica encabezada por el almirante <strong>Sir Hyde Parker<\/strong> y <strong>Hporatio Nelson<\/strong>. En los a\u00f1os posteriores la ciudad se bombardear\u00eda para evitar as\u00ed que <strong>Napole\u00f3n<\/strong> poseyera la flota de <strong>Dinamarca<\/strong>. La raz\u00f3n por la que este bombardeo fuera tan devastador fue por un desnivel armament\u00edstico. Mientras que la armada brit\u00e1nica estaba muy desarrollada en este campo, <strong>Copenhague<\/strong> todav\u00eda segu\u00eda utilizando las mismas armas que siglos atr\u00e1s.<\/p>\n<p align=\"left\"><img loading=\"lazy\" decoding=\"async\" class=\"alignnone size-medium wp-image-149\" src=\"https:\/\/blogs.ua.es\/paseandoporcopenhague\/files\/2017\/12\/batalla-naval-copenhague-300x169.jpg\" alt=\"\" width=\"300\" height=\"169\" srcset=\"https:\/\/blogs.ua.es\/paseandoporcopenhague\/files\/2017\/12\/batalla-naval-copenhague-300x169.jpg 300w, https:\/\/blogs.ua.es\/paseandoporcopenhague\/files\/2017\/12\/batalla-naval-copenhague-768x432.jpg 768w, https:\/\/blogs.ua.es\/paseandoporcopenhague\/files\/2017\/12\/batalla-naval-copenhague-1024x576.jpg 1024w, https:\/\/blogs.ua.es\/paseandoporcopenhague\/files\/2017\/12\/batalla-naval-copenhague.jpg 1600w\" sizes=\"auto, (max-width: 300px) 100vw, 300px\" \/>\u00a0 \u00a0 \u00a0 \u00a0 \u00a0 \u00a0 \u00a0 \u00a0 \u00a0\u00a0<img loading=\"lazy\" decoding=\"async\" class=\"alignnone wp-image-150\" src=\"https:\/\/blogs.ua.es\/paseandoporcopenhague\/files\/2017\/12\/batalla-1801-300x225.jpg\" alt=\"\" width=\"271\" height=\"203\" srcset=\"https:\/\/blogs.ua.es\/paseandoporcopenhague\/files\/2017\/12\/batalla-1801-300x225.jpg 300w, https:\/\/blogs.ua.es\/paseandoporcopenhague\/files\/2017\/12\/batalla-1801.jpg 638w\" sizes=\"auto, (max-width: 271px) 100vw, 271px\" \/><\/p>\n<p style=\"text-align: center\" align=\"left\"><strong>Batalla naval de 1801 con Inglaterra<\/strong><\/p>\n<p align=\"left\"><b>Decadencia <\/b><\/p>\n<p align=\"left\">Tras estos sucesos nos introducimos en una etapa de decadencia y pobreza de al menos dos d\u00e9cadas. Algunos campos como la literatura o las ciencias se vieron no obstante, brotaron a pesar de la situaci\u00f3n que atravesaba la ciudad. Con la <strong>Revoluci\u00f3n de Julio<\/strong> de 1830 triunf\u00f3 el movimiento nacional-liberal convirti\u00e9ndose veinte a\u00f1os m\u00e1s tarde en una monarqu\u00eda constitucional. Con el aumento demogr\u00e1fico, la poca salubridad y la antig\u00fcedad de la muralla se ampli\u00f3 por esta misma \u00e9poca.<\/p>\n<p align=\"left\">Llegados al siglo pasado, sabemos que Copenhague en 1940 fue ocupada por las tropas alemanas al igual que el resto del pa\u00eds hasta mayo de 1945. A partir de los a\u00f1os 60 se empieza a desarrollar nuevos barrios y transportes. A comienzos del siglo XXI concretamente en el a\u00f1o 2000 se inaugura el puente de<strong> Oresund<\/strong> por <strong>Margarita<\/strong> de <strong>Dinamarca<\/strong> y <strong>Gustavo de Suecia<\/strong>.<\/p>\n<p align=\"left\"><b>Conclusi\u00f3n <\/b><\/p>\n<p align=\"left\">En definitiva <strong>Copenhague<\/strong> es una ciudad que brilla con luz propia pero en la que tambi\u00e9n hay sombras y matices. Como hemos podido comprobar en \u00e9ste breve recorrido es una ciudad totalmente visitable e interesante tanto por sus paisajes como por su riqueza cultural.<\/p>\n","protected":false},"excerpt":{"rendered":"<p>Geograf\u00eda paisaj\u00edstica Con una poblaci\u00f3n que supera los cuatro millones de habitantes, Copenhague, capital de Dinamarca, es la ciudad m\u00e1s poblada. Sus or\u00edgenes vikingos se remontan al siglo X y se vincula a una econom\u00eda pesquera. A comienzos del siglo XI fue bautizada con el nombre de havn que significa &#8216;puerto&#8217;. Est\u00e1 situada en la [&hellip;]<\/p>\n","protected":false},"author":3649,"featured_media":0,"parent":0,"menu_order":1,"comment_status":"closed","ping_status":"closed","template":"","meta":{"footnotes":""},"class_list":["post-11","page","type-page","status-publish","hentry"],"_links":{"self":[{"href":"https:\/\/blogs.ua.es\/paseandoporcopenhague\/wp-json\/wp\/v2\/pages\/11","targetHints":{"allow":["GET"]}}],"collection":[{"href":"https:\/\/blogs.ua.es\/paseandoporcopenhague\/wp-json\/wp\/v2\/pages"}],"about":[{"href":"https:\/\/blogs.ua.es\/paseandoporcopenhague\/wp-json\/wp\/v2\/types\/page"}],"author":[{"embeddable":true,"href":"https:\/\/blogs.ua.es\/paseandoporcopenhague\/wp-json\/wp\/v2\/users\/3649"}],"replies":[{"embeddable":true,"href":"https:\/\/blogs.ua.es\/paseandoporcopenhague\/wp-json\/wp\/v2\/comments?post=11"}],"version-history":[{"count":8,"href":"https:\/\/blogs.ua.es\/paseandoporcopenhague\/wp-json\/wp\/v2\/pages\/11\/revisions"}],"predecessor-version":[{"id":162,"href":"https:\/\/blogs.ua.es\/paseandoporcopenhague\/wp-json\/wp\/v2\/pages\/11\/revisions\/162"}],"wp:attachment":[{"href":"https:\/\/blogs.ua.es\/paseandoporcopenhague\/wp-json\/wp\/v2\/media?parent=11"}],"curies":[{"name":"wp","href":"https:\/\/api.w.org\/{rel}","templated":true}]}}