{"id":15,"date":"2017-12-18T11:59:24","date_gmt":"2017-12-18T11:59:24","guid":{"rendered":"https:\/\/blogs.ua.es\/paseandoporcopenhague\/?page_id=15"},"modified":"2017-12-19T13:35:39","modified_gmt":"2017-12-19T13:35:39","slug":"barroco","status":"publish","type":"page","link":"https:\/\/blogs.ua.es\/paseandoporcopenhague\/barroco\/","title":{"rendered":"Barroco"},"content":{"rendered":"<p>El <strong>B<\/strong><strong>arroco<\/strong> apareci\u00f3 en el siglo XVII como un estilo que se puede extender tanto al arte, como a la m\u00fasica, la literatura y el teatro. Surgi\u00f3 como reacci\u00f3n frente a algunas tendencias que hab\u00edan caracterizado el arte del <strong>Renacimiento<\/strong>, y en particular frente\u00a0 a las reglas estrictas de las proporciones cl\u00e1sicas y la armon\u00eda de los vol\u00famenes, las luces y los colores. El <strong>Barroco<\/strong> apuesta por el virtuosismo de formas y colores que encontramos en las artes figurativas, la arquitectura y la escultura del siglo XVII, y en parte, el siglo XVIII.<\/p>\n<p>Aun as\u00ed, aunque muchos t\u00e9rminos definen la \u00e9poca del <strong>Barroco<\/strong>, dos son los que han sido objeto de estudio y valoraci\u00f3n, el <strong>Barroco<\/strong> y el <strong>Rococ\u00f3<\/strong>.<\/p>\n<p>Al tiempo en que <strong>Dinamarca<\/strong> aumentaba su peso pol\u00edtico en Europa, se produjo un florecimiento cultural y art\u00edstico abierto a lo que suced\u00eda en otros pa\u00edses. En la primera parte del siglo XVII, los arquitectos adoptaron un estilo alem\u00e1n-holand\u00e9s, y m\u00e1s tarde se inclinaron por el clasicismo de tipo franc\u00e9s. A esta fase le sigui\u00f3 una vuelta al estilo de <strong>Paladio<\/strong> de origen holand\u00e9s.<\/p>\n<p>Uno de los principales dise\u00f1adores de tiempo fue el arquitecto dan\u00e9s <strong>Lambert van Haven<\/strong> que se pieza maestra fue la Iglesia de Nuestro Salvador, culminada en el reinado de <strong>Frederick V<\/strong> y completada por <strong>Lauritz<\/strong> <strong>de Thurah<\/strong> en 1752.<\/p>\n<p><img loading=\"lazy\" decoding=\"async\" class=\"size-full wp-image-123 aligncenter\" src=\"https:\/\/blogs.ua.es\/paseandoporcopenhague\/files\/2017\/12\/Lambert_van_Haven_portrait.jpg\" alt=\"\" width=\"200\" height=\"236\" \/><\/p>\n<p style=\"text-align: center\"><strong><em>El arquitecto\u00a0<\/em><em>Lambert van Haven<\/em>\u00a0(1630-1695)<\/strong><\/p>\n<p>La <strong>Torre Round<\/strong> de <strong>Copenhague<\/strong>, proyecto de <strong>Christian IV<\/strong> y finalizado por <strong>Hans van Steenwinckel<\/strong>, adapt\u00f3 el dise\u00f1o barroco dan\u00e9s. Esta torre fue completada en 1642 con una altura de casi 40 metros.<\/p>\n<p>Por otro lado, nos encontramos con el <strong>Rococ\u00f3<\/strong>. Este estilo entr\u00f3 a la moda de <strong>Dinamarca<\/strong> en 1740, bajo el liderazgo de <strong>Nicolai Eigtved<\/strong>. <strong>Eitgtved<\/strong> pas\u00f3 muchos a\u00f1os en el extranjero donde se increment\u00f3 su inter\u00e9s por la arquitectura, especialmente en el estilo franc\u00e9s <strong>Rococ\u00f3<\/strong>. En su regreso a <strong>Dinamarca<\/strong>, construy\u00f3 el <strong>Prinsens Palae<\/strong> en <strong>Copenhague<\/strong> como una residencia para el coronado <strong>Pr\u00edncipe<\/strong> <strong>Frederick<\/strong>. Actualmente es el <strong>Museo Nacional<\/strong>.<\/p>\n<p>Poco despu\u00e9s, <strong>Eigtved<\/strong> aument\u00f3 su curr\u00edculo aportando sus dise\u00f1os al distrito de <strong>Fredericksstaden<\/strong> en 1749, en el cual se conservan los cuatro palacios de <strong>Amalienborg<\/strong> y es considerado como uno de los m\u00e1s importantes complejos <strong>Rococ\u00f3<\/strong> en Europa.<\/p>\n<p>Tambi\u00e9n, <strong>Philip de Lange<\/strong>, influenciado por <strong>Eigtved<\/strong>, desarroll\u00f3 su propio estilo bastante estricto durante este periodo. Podemos ver sus obras en la fachada ornamental del edificio <strong>Kunstforeningen<\/strong> en <strong>Copenhague<\/strong>.<\/p>\n<p>&nbsp;<\/p>\n","protected":false},"excerpt":{"rendered":"<p>El Barroco apareci\u00f3 en el siglo XVII como un estilo que se puede extender tanto al arte, como a la m\u00fasica, la literatura y el teatro. Surgi\u00f3 como reacci\u00f3n frente a algunas tendencias que hab\u00edan caracterizado el arte del Renacimiento, y en particular frente\u00a0 a las reglas estrictas de las proporciones cl\u00e1sicas y la armon\u00eda [&hellip;]<\/p>\n","protected":false},"author":3649,"featured_media":0,"parent":0,"menu_order":3,"comment_status":"closed","ping_status":"closed","template":"","meta":{"footnotes":""},"class_list":["post-15","page","type-page","status-publish","hentry"],"_links":{"self":[{"href":"https:\/\/blogs.ua.es\/paseandoporcopenhague\/wp-json\/wp\/v2\/pages\/15","targetHints":{"allow":["GET"]}}],"collection":[{"href":"https:\/\/blogs.ua.es\/paseandoporcopenhague\/wp-json\/wp\/v2\/pages"}],"about":[{"href":"https:\/\/blogs.ua.es\/paseandoporcopenhague\/wp-json\/wp\/v2\/types\/page"}],"author":[{"embeddable":true,"href":"https:\/\/blogs.ua.es\/paseandoporcopenhague\/wp-json\/wp\/v2\/users\/3649"}],"replies":[{"embeddable":true,"href":"https:\/\/blogs.ua.es\/paseandoporcopenhague\/wp-json\/wp\/v2\/comments?post=15"}],"version-history":[{"count":10,"href":"https:\/\/blogs.ua.es\/paseandoporcopenhague\/wp-json\/wp\/v2\/pages\/15\/revisions"}],"predecessor-version":[{"id":130,"href":"https:\/\/blogs.ua.es\/paseandoporcopenhague\/wp-json\/wp\/v2\/pages\/15\/revisions\/130"}],"wp:attachment":[{"href":"https:\/\/blogs.ua.es\/paseandoporcopenhague\/wp-json\/wp\/v2\/media?parent=15"}],"curies":[{"name":"wp","href":"https:\/\/api.w.org\/{rel}","templated":true}]}}