{"id":17,"date":"2017-12-18T11:59:39","date_gmt":"2017-12-18T11:59:39","guid":{"rendered":"https:\/\/blogs.ua.es\/paseandoporcopenhague\/?page_id=17"},"modified":"2017-12-18T20:59:55","modified_gmt":"2017-12-18T20:59:55","slug":"sobre-nosotros","status":"publish","type":"page","link":"https:\/\/blogs.ua.es\/paseandoporcopenhague\/sobre-nosotros\/","title":{"rendered":"Sobre nosotros"},"content":{"rendered":"<p>Bienvenidas\/os.<\/p>\n<p>Este blog ha sido creado por un grupo de estudiantes del <strong>Grado en Historia<\/strong> de la <strong>Universidad de Alicante<\/strong>:<\/p>\n<ul>\n<li><strong>Sandra Camero Ripoll<\/strong><\/li>\n<li><strong>Paula Chinchilla Domenech<\/strong><\/li>\n<li><strong>Jose Andr\u00e9s L\u00f3pez Mart\u00ednez<\/strong><\/li>\n<li><strong>Maria Useros Devesa<\/strong><\/li>\n<\/ul>\n<p>El proyecto surge como una actividad para asignatura &#8220;<strong><em>De los Estados Modernos hasta la Paz de Westfalia<\/em><\/strong>&#8221; impartida por el profesor J<strong>os\u00e9 Antonio Moreno Nieves<\/strong>. Nuestro objetivo es recolectar una serie muestras del movimiento art\u00edstico del <strong>Renacimiento<\/strong> y el <strong>Barroco<\/strong> en la ciudad de <strong>Copenhague<\/strong> (<strong>Dinamarca<\/strong>) para, de este modo, elaborar una serie de rutas tur\u00edsticas alrededor de la ciudad que sirvan de gu\u00eda a nuevas y nuevos visitantes.<\/p>\n<p>Se nos ha dado una gran libertad para la realizaci\u00f3n de este blog, la cu\u00e1l agradecemos, por lo que hemos decidido otorgarle una perspectiva m\u00e1s tur\u00edstica haciendo una divisi\u00f3n en seis partes: la p\u00e1gina de <strong><em>Inicio<\/em><\/strong>, donde es posible encontrar las rutas propuestas, el apartado de <strong>Copenhague<\/strong>, donde hemos intentado enmarcar tanto geogr\u00e1fica como temporalmente\u00a0<strong>Copenhague<\/strong>, otras dos p\u00e1ginas para hacer un breve resumen los movimientos del <strong>Renacimiento<\/strong> y el <strong>Barroco<\/strong> dan\u00e9s, y para finalizar una \u00faltima p\u00e1gina donde hemos dejado la bibliograf\u00eda consultada, especialmente gu\u00edas de viaje.<\/p>\n<p>Finalmente queremos agradecer al profesor <strong>Jos\u00e9 Antonio Moreno Nieves<\/strong> el habernos permitido la realizaci\u00f3n de este trabajo, ya que adem\u00e1s de divertido y ameno, nos ha dado la oportunidad de aprender m\u00e1s sobre ciudades un poco m\u00e1s desconocidas de <strong>Europa<\/strong>.<\/p>\n<p>Esperamos que os nuestro trabajo os haya gustado tanto como a nosotros hacerlo y, sobre todo, que os haya servido para descubrir los rincones de <strong>Copenhague<\/strong> y sacar vuestro lado viajero.<\/p>\n<p>Un saludo.<\/p>\n<p><img loading=\"lazy\" decoding=\"async\" class=\"alignnone wp-image-72\" src=\"https:\/\/blogs.ua.es\/paseandoporcopenhague\/files\/2017\/12\/nyhavn-300x120.jpg\" alt=\"\" width=\"645\" height=\"258\" \/><\/p>\n","protected":false},"excerpt":{"rendered":"<p>Bienvenidas\/os. Este blog ha sido creado por un grupo de estudiantes del Grado en Historia de la Universidad de Alicante: Sandra Camero Ripoll Paula Chinchilla Domenech Jose Andr\u00e9s L\u00f3pez Mart\u00ednez Maria Useros Devesa El proyecto surge como una actividad para asignatura &#8220;De los Estados Modernos hasta la Paz de Westfalia&#8221; impartida por el profesor Jos\u00e9 [&hellip;]<\/p>\n","protected":false},"author":3649,"featured_media":0,"parent":0,"menu_order":4,"comment_status":"closed","ping_status":"closed","template":"","meta":{"footnotes":""},"class_list":["post-17","page","type-page","status-publish","hentry"],"_links":{"self":[{"href":"https:\/\/blogs.ua.es\/paseandoporcopenhague\/wp-json\/wp\/v2\/pages\/17","targetHints":{"allow":["GET"]}}],"collection":[{"href":"https:\/\/blogs.ua.es\/paseandoporcopenhague\/wp-json\/wp\/v2\/pages"}],"about":[{"href":"https:\/\/blogs.ua.es\/paseandoporcopenhague\/wp-json\/wp\/v2\/types\/page"}],"author":[{"embeddable":true,"href":"https:\/\/blogs.ua.es\/paseandoporcopenhague\/wp-json\/wp\/v2\/users\/3649"}],"replies":[{"embeddable":true,"href":"https:\/\/blogs.ua.es\/paseandoporcopenhague\/wp-json\/wp\/v2\/comments?post=17"}],"version-history":[{"count":8,"href":"https:\/\/blogs.ua.es\/paseandoporcopenhague\/wp-json\/wp\/v2\/pages\/17\/revisions"}],"predecessor-version":[{"id":79,"href":"https:\/\/blogs.ua.es\/paseandoporcopenhague\/wp-json\/wp\/v2\/pages\/17\/revisions\/79"}],"wp:attachment":[{"href":"https:\/\/blogs.ua.es\/paseandoporcopenhague\/wp-json\/wp\/v2\/media?parent=17"}],"curies":[{"name":"wp","href":"https:\/\/api.w.org\/{rel}","templated":true}]}}