{"id":230,"date":"2020-06-12T09:35:45","date_gmt":"2020-06-12T09:35:45","guid":{"rendered":"https:\/\/blogs.ua.es\/patricia3\/?page_id=230"},"modified":"2020-06-12T09:35:45","modified_gmt":"2020-06-12T09:35:45","slug":"ejercicio-a-y-b","status":"publish","type":"page","link":"https:\/\/blogs.ua.es\/patricia3\/ejercicio-a-y-b\/","title":{"rendered":"Ejercicios A y B"},"content":{"rendered":"<p>&nbsp;<\/p>\n<p>El primer ejercicio (A) consiste en tres pruebas que se tienen que realizar para cada uno de los temas que hemos trabajado. En primer lugar, he elaborado un mapa conceptual de cada una de las teor\u00edas escogidas de cada tema, a saber: el &#8220;Otro generalizado&#8221;, la &#8220;Teor\u00eda de la civilizaci\u00f3n&#8221; y &#8220;Valores materialistas y postmaterialistas&#8221;. A continuaci\u00f3n, he buscado una escena de pel\u00edcula que ejemplifique cada teor\u00eda. Y por \u00faltimo he analizado, a trav\u00e9s de cada teor\u00eda, la situaci\u00f3n actual derivada por la pandemia mediante un art\u00edculo period\u00edstico, una imagen y un post de alguna red social.<\/p>\n<p>Mientras que el segundo ejercicio (B) se compone por los mapas mentales de los tres temas tratados, el tema 2, 3 y 4.<\/p>\n<p>Para acceder al contenido simplemente tienes que apretar en la casilla del apartado que quieras explorar.<\/p>\n","protected":false},"excerpt":{"rendered":"<p>&nbsp; El primer ejercicio (A) consiste en tres pruebas que se tienen que realizar para cada uno de los temas que hemos trabajado. En primer lugar, he elaborado un mapa conceptual de cada una de las teor\u00edas escogidas de cada tema, a saber: el &#8220;Otro generalizado&#8221;, la &#8220;Teor\u00eda de la civilizaci\u00f3n&#8221; y &#8220;Valores materialistas y [&hellip;]<\/p>\n","protected":false},"author":4419,"featured_media":0,"parent":0,"menu_order":0,"comment_status":"closed","ping_status":"closed","template":"","meta":{"footnotes":""},"class_list":["post-230","page","type-page","status-publish","hentry"],"_links":{"self":[{"href":"https:\/\/blogs.ua.es\/patricia3\/wp-json\/wp\/v2\/pages\/230","targetHints":{"allow":["GET"]}}],"collection":[{"href":"https:\/\/blogs.ua.es\/patricia3\/wp-json\/wp\/v2\/pages"}],"about":[{"href":"https:\/\/blogs.ua.es\/patricia3\/wp-json\/wp\/v2\/types\/page"}],"author":[{"embeddable":true,"href":"https:\/\/blogs.ua.es\/patricia3\/wp-json\/wp\/v2\/users\/4419"}],"replies":[{"embeddable":true,"href":"https:\/\/blogs.ua.es\/patricia3\/wp-json\/wp\/v2\/comments?post=230"}],"version-history":[{"count":2,"href":"https:\/\/blogs.ua.es\/patricia3\/wp-json\/wp\/v2\/pages\/230\/revisions"}],"predecessor-version":[{"id":259,"href":"https:\/\/blogs.ua.es\/patricia3\/wp-json\/wp\/v2\/pages\/230\/revisions\/259"}],"wp:attachment":[{"href":"https:\/\/blogs.ua.es\/patricia3\/wp-json\/wp\/v2\/media?parent=230"}],"curies":[{"name":"wp","href":"https:\/\/api.w.org\/{rel}","templated":true}]}}