{"id":82,"date":"2020-06-12T09:35:45","date_gmt":"2020-06-12T09:35:45","guid":{"rendered":"https:\/\/blogs.ua.es\/patricia3\/?page_id=82"},"modified":"2020-06-12T09:35:45","modified_gmt":"2020-06-12T09:35:45","slug":"mapa-mental-el-otro-generalizado","status":"publish","type":"page","link":"https:\/\/blogs.ua.es\/patricia3\/mapa-mental-el-otro-generalizado\/","title":{"rendered":"Mapa mental &#8220;el Otro generalizado&#8221;"},"content":{"rendered":"<p>&nbsp;<\/p>\n<p><img loading=\"lazy\" decoding=\"async\" class=\"alignnone wp-image-166\" src=\"https:\/\/blogs.ua.es\/patricia3\/files\/2020\/06\/Otro-generalizado-300x225.png\" alt=\"\" width=\"719\" height=\"539\" srcset=\"https:\/\/blogs.ua.es\/patricia3\/files\/2020\/06\/Otro-generalizado-300x225.png 300w, https:\/\/blogs.ua.es\/patricia3\/files\/2020\/06\/Otro-generalizado-768x576.png 768w, https:\/\/blogs.ua.es\/patricia3\/files\/2020\/06\/Otro-generalizado-100x75.png 100w, https:\/\/blogs.ua.es\/patricia3\/files\/2020\/06\/Otro-generalizado-150x113.png 150w, https:\/\/blogs.ua.es\/patricia3\/files\/2020\/06\/Otro-generalizado-200x150.png 200w, https:\/\/blogs.ua.es\/patricia3\/files\/2020\/06\/Otro-generalizado-450x338.png 450w, https:\/\/blogs.ua.es\/patricia3\/files\/2020\/06\/Otro-generalizado-600x450.png 600w, https:\/\/blogs.ua.es\/patricia3\/files\/2020\/06\/Otro-generalizado-900x675.png 900w, https:\/\/blogs.ua.es\/patricia3\/files\/2020\/06\/Otro-generalizado.png 1024w\" sizes=\"auto, (max-width: 719px) 100vw, 719px\" \/><\/p>\n<p><a href=\"https:\/\/blogs.ua.es\/patricia3\/files\/2020\/06\/Otro-generalizado.pdf\">Otro generalizado<\/a><\/p>\n<p>La Teor\u00eda del &#8220;Otro generalizado&#8221; fue acu\u00f1ada por George H. Mead. Se trata de la \u00faltima etapa de las cuatro que conforman el proceso de socializaci\u00f3n. Mediante este proceso las personas somos educadas en sociedad, con el objetivo de poder convivir arm\u00f3nicamente unas con otras. Para ello, desde que somos peque\u00f1as aprendemos, a trav\u00e9s de la socializaci\u00f3n, valores, normas, pautas de comportamiento, a interiorizar otras personas, etc.<\/p>\n<p>Seg\u00fan Mead, la socializaci\u00f3n consta de cuatro etapas:<\/p>\n<ul>\n<li>La<strong> Imitaci\u00f3n<\/strong>, en la cual, como su nombre indica, los ni\u00f1os y las ni\u00f1as imitan a sus madres y padres.<\/li>\n<li>El <strong>Juego<\/strong>. A trav\u00e9s de los roles que se establecen en este, ni\u00f1os y ni\u00f1as se identifican con sus padres y madres. Ya no se trata de una simple imitaci\u00f3n, sino que empiezan a entender el valor de sus actos. Aunque en cualquier momento pueden intercambiar sus papeles o darle un giro que no tiene que ver con la realidad.<\/li>\n<li>La <strong>Partida<\/strong>, en la que son conocedores de las reglas y lo que estas implican. Mientras que en el <em>juego<\/em> es plausible que haya variaciones e innovaciones no relacionadas con la vida real, en la <em>partida<\/em> los y las jugadoras se ci\u00f1en a sus papeles y a unas reglas estables e iguales para todos y todas.<\/li>\n<li>El \u201c<strong>Otro generalizado<\/strong>\u201d. En esta etapa las personas ya poseemos la capacidad de identificarnos con otras sin la necesidad de hacerlo mediante un juego. Las reglas sociales ya han sido adquiridas y asimiladas y es a trav\u00e9s de estas que nos relacionamos con el mundo.<\/li>\n<\/ul>\n","protected":false},"excerpt":{"rendered":"<p>&nbsp; Otro generalizado La Teor\u00eda del &#8220;Otro generalizado&#8221; fue acu\u00f1ada por George H. Mead. Se trata de la \u00faltima etapa de las cuatro que conforman el proceso de socializaci\u00f3n. Mediante este proceso las personas somos educadas en sociedad, con el objetivo de poder convivir arm\u00f3nicamente unas con otras. Para ello, desde que somos peque\u00f1as aprendemos, [&hellip;]<\/p>\n","protected":false},"author":4419,"featured_media":0,"parent":0,"menu_order":0,"comment_status":"closed","ping_status":"closed","template":"","meta":{"footnotes":""},"class_list":["post-82","page","type-page","status-publish","hentry"],"_links":{"self":[{"href":"https:\/\/blogs.ua.es\/patricia3\/wp-json\/wp\/v2\/pages\/82","targetHints":{"allow":["GET"]}}],"collection":[{"href":"https:\/\/blogs.ua.es\/patricia3\/wp-json\/wp\/v2\/pages"}],"about":[{"href":"https:\/\/blogs.ua.es\/patricia3\/wp-json\/wp\/v2\/types\/page"}],"author":[{"embeddable":true,"href":"https:\/\/blogs.ua.es\/patricia3\/wp-json\/wp\/v2\/users\/4419"}],"replies":[{"embeddable":true,"href":"https:\/\/blogs.ua.es\/patricia3\/wp-json\/wp\/v2\/comments?post=82"}],"version-history":[{"count":8,"href":"https:\/\/blogs.ua.es\/patricia3\/wp-json\/wp\/v2\/pages\/82\/revisions"}],"predecessor-version":[{"id":219,"href":"https:\/\/blogs.ua.es\/patricia3\/wp-json\/wp\/v2\/pages\/82\/revisions\/219"}],"wp:attachment":[{"href":"https:\/\/blogs.ua.es\/patricia3\/wp-json\/wp\/v2\/media?parent=82"}],"curies":[{"name":"wp","href":"https:\/\/api.w.org\/{rel}","templated":true}]}}