{"id":83,"date":"2020-06-12T09:35:45","date_gmt":"2020-06-12T09:35:45","guid":{"rendered":"https:\/\/blogs.ua.es\/patricia3\/?page_id=83"},"modified":"2020-06-12T09:35:45","modified_gmt":"2020-06-12T09:35:45","slug":"mapa-mental-la-teoria-de-la-civilizacion","status":"publish","type":"page","link":"https:\/\/blogs.ua.es\/patricia3\/mapa-mental-la-teoria-de-la-civilizacion\/","title":{"rendered":"Mapa mental &#8220;La teor\u00eda de la civilizaci\u00f3n&#8221;"},"content":{"rendered":"<p>&nbsp;<\/p>\n<p><img loading=\"lazy\" decoding=\"async\" class=\"alignnone wp-image-163\" src=\"https:\/\/blogs.ua.es\/patricia3\/files\/2020\/06\/Teor\u00eda-de-la-civilizaci\u00f3n-300x225.png\" alt=\"\" width=\"712\" height=\"534\" srcset=\"https:\/\/blogs.ua.es\/patricia3\/files\/2020\/06\/Teor\u00eda-de-la-civilizaci\u00f3n-300x225.png 300w, https:\/\/blogs.ua.es\/patricia3\/files\/2020\/06\/Teor\u00eda-de-la-civilizaci\u00f3n-768x576.png 768w, https:\/\/blogs.ua.es\/patricia3\/files\/2020\/06\/Teor\u00eda-de-la-civilizaci\u00f3n-100x75.png 100w, https:\/\/blogs.ua.es\/patricia3\/files\/2020\/06\/Teor\u00eda-de-la-civilizaci\u00f3n-150x113.png 150w, https:\/\/blogs.ua.es\/patricia3\/files\/2020\/06\/Teor\u00eda-de-la-civilizaci\u00f3n-200x150.png 200w, https:\/\/blogs.ua.es\/patricia3\/files\/2020\/06\/Teor\u00eda-de-la-civilizaci\u00f3n-450x338.png 450w, https:\/\/blogs.ua.es\/patricia3\/files\/2020\/06\/Teor\u00eda-de-la-civilizaci\u00f3n-600x450.png 600w, https:\/\/blogs.ua.es\/patricia3\/files\/2020\/06\/Teor\u00eda-de-la-civilizaci\u00f3n-900x675.png 900w, https:\/\/blogs.ua.es\/patricia3\/files\/2020\/06\/Teor\u00eda-de-la-civilizaci\u00f3n.png 1024w\" sizes=\"auto, (max-width: 712px) 100vw, 712px\" \/><\/p>\n<p><a href=\"https:\/\/blogs.ua.es\/patricia3\/files\/2020\/06\/Teor\u00eda-de-la-civilizaci\u00f3n.pdf\">Teor\u00eda de la civilizaci\u00f3n<\/a><\/p>\n<p>Norbert Elias consideraba que el cambio y la realidad social tienen gran variedad de dimensiones que no eran recogidas en la mayor\u00eda de paradigmas que los estudiaban. Es por eso que se propuso concebir un paradigma nuevo, uno que hiciera acopio de todas las facetas que componen estos conceptos. Y de este modo explicar el recorrido de la evoluci\u00f3n humana.<\/p>\n<p>Su obra fue titulada &#8220;Proceso de civilizaci\u00f3n&#8221;. El an\u00e1lisis que realiz\u00f3 se remonta a la \u00e9poca de las cortes, incluyendo aspectos como la violencia, la sexualidad, los modales y las necesidades fisiol\u00f3gicas. M\u00e1s tarde tambi\u00e9n analiz\u00f3 la din\u00e1mica social propia de su \u00e9poca y localidad.<\/p>\n<p>Norbert Elias estableci\u00f3 una sociedad en la que las personas est\u00e1n relacionadas entre s\u00ed mediante lazos de dependencia mutua. A esto le llam\u00f3 &#8220;Figuraci\u00f3n&#8221;, concepto similar al de &#8220;estructura&#8221;, pero con ciertos matices que lo distinguen. Para el soci\u00f3logo, la sociedad estaba configurada por una gran red social que conecta a unas personas con otras y en la cual no existen jerarqu\u00edas. Lo que se traduce en &#8220;figuraciones de individuos interdependientes&#8221;.<\/p>\n<p>Ante este contexto, Elias expuso que los cambios que se van dando en la sociedad son debidos a la pr\u00e1ctica de mecanismos de &#8220;autoconstre\u00f1imiento&#8221;. La realizaci\u00f3n de esta pr\u00e1ctica consta de dos fases:<\/p>\n<ul>\n<li>La <strong>coacci\u00f3n<\/strong>, que provoca un cambio conductual debido al temor al castigo.<\/li>\n<li>La <strong>autocoacci\u00f3n<\/strong>, proceso en el cual la pr\u00e1ctica es interiorizada por el individuo y ya no hacen falta agentes externos que infundan miedo para regular las conductas.<\/li>\n<\/ul>\n<p>Para referirse a los cambios el soci\u00f3logo propuso dos tipos, los <strong>psicogen\u00e9ticos<\/strong> y los <strong>sociogen\u00e9ticos<\/strong>. Los primeros hacen alusi\u00f3n a la introducci\u00f3n, por parte del individuo, de valores sociales que regulaci\u00f3n sus relaciones. Mientras que los segundos aluden al reconocimiento del proceso civilizatorio mediante la cultura.<\/p>\n<p>&nbsp;<\/p>\n<p>&nbsp;<\/p>\n","protected":false},"excerpt":{"rendered":"<p>&nbsp; Teor\u00eda de la civilizaci\u00f3n Norbert Elias consideraba que el cambio y la realidad social tienen gran variedad de dimensiones que no eran recogidas en la mayor\u00eda de paradigmas que los estudiaban. Es por eso que se propuso concebir un paradigma nuevo, uno que hiciera acopio de todas las facetas que componen estos conceptos. Y [&hellip;]<\/p>\n","protected":false},"author":4419,"featured_media":0,"parent":0,"menu_order":0,"comment_status":"closed","ping_status":"closed","template":"","meta":{"footnotes":""},"class_list":["post-83","page","type-page","status-publish","hentry"],"_links":{"self":[{"href":"https:\/\/blogs.ua.es\/patricia3\/wp-json\/wp\/v2\/pages\/83","targetHints":{"allow":["GET"]}}],"collection":[{"href":"https:\/\/blogs.ua.es\/patricia3\/wp-json\/wp\/v2\/pages"}],"about":[{"href":"https:\/\/blogs.ua.es\/patricia3\/wp-json\/wp\/v2\/types\/page"}],"author":[{"embeddable":true,"href":"https:\/\/blogs.ua.es\/patricia3\/wp-json\/wp\/v2\/users\/4419"}],"replies":[{"embeddable":true,"href":"https:\/\/blogs.ua.es\/patricia3\/wp-json\/wp\/v2\/comments?post=83"}],"version-history":[{"count":8,"href":"https:\/\/blogs.ua.es\/patricia3\/wp-json\/wp\/v2\/pages\/83\/revisions"}],"predecessor-version":[{"id":194,"href":"https:\/\/blogs.ua.es\/patricia3\/wp-json\/wp\/v2\/pages\/83\/revisions\/194"}],"wp:attachment":[{"href":"https:\/\/blogs.ua.es\/patricia3\/wp-json\/wp\/v2\/media?parent=83"}],"curies":[{"name":"wp","href":"https:\/\/api.w.org\/{rel}","templated":true}]}}