{"id":84,"date":"2020-06-12T09:35:45","date_gmt":"2020-06-12T09:35:45","guid":{"rendered":"https:\/\/blogs.ua.es\/patricia3\/?page_id=84"},"modified":"2020-06-12T09:35:45","modified_gmt":"2020-06-12T09:35:45","slug":"mapa-mental-valores-materialistas-y-postmateriales","status":"publish","type":"page","link":"https:\/\/blogs.ua.es\/patricia3\/mapa-mental-valores-materialistas-y-postmateriales\/","title":{"rendered":"Mapa mental &#8220;Valores materialistas y postmateriales&#8221;"},"content":{"rendered":"<p>&nbsp;<\/p>\n<p><img loading=\"lazy\" decoding=\"async\" class=\"alignnone wp-image-165\" src=\"https:\/\/blogs.ua.es\/patricia3\/files\/2020\/06\/Valores-materialistas-y-postmaterialistas-300x225.png\" alt=\"\" width=\"743\" height=\"557\" srcset=\"https:\/\/blogs.ua.es\/patricia3\/files\/2020\/06\/Valores-materialistas-y-postmaterialistas-300x225.png 300w, https:\/\/blogs.ua.es\/patricia3\/files\/2020\/06\/Valores-materialistas-y-postmaterialistas-768x576.png 768w, https:\/\/blogs.ua.es\/patricia3\/files\/2020\/06\/Valores-materialistas-y-postmaterialistas-100x75.png 100w, https:\/\/blogs.ua.es\/patricia3\/files\/2020\/06\/Valores-materialistas-y-postmaterialistas-150x113.png 150w, https:\/\/blogs.ua.es\/patricia3\/files\/2020\/06\/Valores-materialistas-y-postmaterialistas-200x150.png 200w, https:\/\/blogs.ua.es\/patricia3\/files\/2020\/06\/Valores-materialistas-y-postmaterialistas-450x338.png 450w, https:\/\/blogs.ua.es\/patricia3\/files\/2020\/06\/Valores-materialistas-y-postmaterialistas-600x450.png 600w, https:\/\/blogs.ua.es\/patricia3\/files\/2020\/06\/Valores-materialistas-y-postmaterialistas-900x675.png 900w, https:\/\/blogs.ua.es\/patricia3\/files\/2020\/06\/Valores-materialistas-y-postmaterialistas.png 1024w\" sizes=\"auto, (max-width: 743px) 100vw, 743px\" \/><\/p>\n<p><a href=\"https:\/\/blogs.ua.es\/patricia3\/files\/2020\/06\/Valores-materialistas-y-postmaterialistas.pdf\">Valores materialistas y postmaterialistas<\/a><\/p>\n<p>Ronald Inglehart es un polit\u00f3logo estadounidense que ha centrado gran parte de su carrera en el estudio del cambio social. Analiza cu\u00e1les son sus causas econ\u00f3micas y las consecuencias pol\u00edticas que puede provocar. Seg\u00fan Inglehart, los cambios tecnol\u00f3gicos y el desarrollo econ\u00f3mico tienen una serie de consecuencias pol\u00edticas y culturales predecibles. Si bien es cierto que la sociedad y cultura del lugar influyen en dichas consecuencias, la relaci\u00f3n que se establece entre estos factores es indiscutible.<\/p>\n<p>El polit\u00f3logo diferencia entre sociedad industriales y sociedades posindustriales. En las primeras priman los valores tradicionales, los cuales con el tiempo terminan transform\u00e1ndose en valores secular-racionales. Mientras que, en las segundas, los valores primordiales son lo de supervivencia, que finalmente se convierten en valores de autoexpresi\u00f3n. La diferencia que hay entre unas sociedades y otras es la relaci\u00f3n existente entre sus valores y la autoridad. Los valores propios de sociedades industriales acent\u00faan la <strong>racionalidad<\/strong> de la autoridad, originando en algunos casos reg\u00edmenes autoritarios. En contraposici\u00f3n, los valores caracter\u00edsticos de las sociedades posindustriales fomentan la <strong>emancipaci\u00f3n<\/strong> de la autoridad, ocasionando rebeliones y manifestaciones de las masas en pos de una participaci\u00f3n m\u00e1s activa.<\/p>\n<p>&nbsp;<\/p>\n<p>&nbsp;<\/p>\n<p>&nbsp;<\/p>\n<p>&nbsp;<\/p>\n","protected":false},"excerpt":{"rendered":"<p>&nbsp; Valores materialistas y postmaterialistas Ronald Inglehart es un polit\u00f3logo estadounidense que ha centrado gran parte de su carrera en el estudio del cambio social. Analiza cu\u00e1les son sus causas econ\u00f3micas y las consecuencias pol\u00edticas que puede provocar. Seg\u00fan Inglehart, los cambios tecnol\u00f3gicos y el desarrollo econ\u00f3mico tienen una serie de consecuencias pol\u00edticas y culturales [&hellip;]<\/p>\n","protected":false},"author":4419,"featured_media":0,"parent":0,"menu_order":0,"comment_status":"closed","ping_status":"closed","template":"","meta":{"footnotes":""},"class_list":["post-84","page","type-page","status-publish","hentry"],"_links":{"self":[{"href":"https:\/\/blogs.ua.es\/patricia3\/wp-json\/wp\/v2\/pages\/84","targetHints":{"allow":["GET"]}}],"collection":[{"href":"https:\/\/blogs.ua.es\/patricia3\/wp-json\/wp\/v2\/pages"}],"about":[{"href":"https:\/\/blogs.ua.es\/patricia3\/wp-json\/wp\/v2\/types\/page"}],"author":[{"embeddable":true,"href":"https:\/\/blogs.ua.es\/patricia3\/wp-json\/wp\/v2\/users\/4419"}],"replies":[{"embeddable":true,"href":"https:\/\/blogs.ua.es\/patricia3\/wp-json\/wp\/v2\/comments?post=84"}],"version-history":[{"count":6,"href":"https:\/\/blogs.ua.es\/patricia3\/wp-json\/wp\/v2\/pages\/84\/revisions"}],"predecessor-version":[{"id":195,"href":"https:\/\/blogs.ua.es\/patricia3\/wp-json\/wp\/v2\/pages\/84\/revisions\/195"}],"wp:attachment":[{"href":"https:\/\/blogs.ua.es\/patricia3\/wp-json\/wp\/v2\/media?parent=84"}],"curies":[{"name":"wp","href":"https:\/\/api.w.org\/{rel}","templated":true}]}}