{"id":85,"date":"2020-06-12T09:35:45","date_gmt":"2020-06-12T09:35:45","guid":{"rendered":"https:\/\/blogs.ua.es\/patricia3\/?page_id=85"},"modified":"2020-06-12T09:35:45","modified_gmt":"2020-06-12T09:35:45","slug":"pelicula-1","status":"publish","type":"page","link":"https:\/\/blogs.ua.es\/patricia3\/pelicula-1\/","title":{"rendered":"El viaje de Fanny"},"content":{"rendered":"<p>&nbsp;<\/p>\n<p><iframe loading=\"lazy\" title=\"El otro generalizado (Pel\u00edcula &quot;El viaje de Fanny&quot;)\" width=\"500\" height=\"281\" src=\"https:\/\/www.youtube.com\/embed\/EbGhW8kIT0w?feature=oembed\" frameborder=\"0\" allow=\"accelerometer; autoplay; clipboard-write; encrypted-media; gyroscope; picture-in-picture; web-share\" referrerpolicy=\"strict-origin-when-cross-origin\" allowfullscreen><\/iframe><\/p>\n<p>&#8220;El viaje de Fanny&#8221; es una pel\u00edcula ambientada en la Segunda Guerra Mundial. Trata sobre un grupo de ni\u00f1os y ni\u00f1as que han estado viviendo en casas de acogida, lejos de sus familias, para protegerse de los invasores alemanes. En un momento dado, con la guerra ya muy avanzada, Fanny y sus hermanas junto con otros ni\u00f1os y ni\u00f1as deben huir de la \u00faltima casa de acogida. El grupo emprende un largo viaje desde la Francia ocupada hasta la frontera con Suiza, pa\u00eds neutral, para poder ponerse al fin a salvo de la guerra.<\/p>\n<p>&nbsp;<\/p>\n<p>En la escena que se muestra, despu\u00e9s de haber encontrado una choza abandonada d\u00f3nde poder resguardarse, el grupo de amigos inicia un juego de roles. Con el prop\u00f3sito de ense\u00f1arle a uno de los chicos mayores c\u00f3mo estaban organizando la estancia, inocentemente este empieza a desempe\u00f1ar el papel de hombre mayor que tiene la intenci\u00f3n de comprar la casa. Acto seguido invita, sin abandonar su papel, a una de las chicas a representar el papel de su esposa. Y el resto de infantes se incorporan al juego autom\u00e1ticamente, unos como hijos de la pareja y otro como vendedor de la casa.<\/p>\n<p>Como se observa, al principio la chica que hace de mujer casada no termina de acomodarse a su papel. Sin embargo, pasados unos segundos, empieza a interpretarlo cuidadosamente. Por otra parte, los ni\u00f1os y ni\u00f1as m\u00e1s peque\u00f1os, aunque se integran en el juego sin dudarlo, no se limitan a interpretar un papel riguroso y veraz. Al final de la secuencia, despu\u00e9s de que uno de los amigos proponga adoptar a un perro como mascota, los peque\u00f1os se ponen a nombrar posibles animales ocurrentes que rara vez se ven como mascotas.<\/p>\n<p>Lo que nos muestra esta escena son ejemplos de la segunda y tercera etapas de la socializaci\u00f3n. Los infantes m\u00e1s peque\u00f1os se encuentran en la segunda etapa de su socializaci\u00f3n, la del <strong>juego<\/strong>, en la que ya empiezan a interpretar papeles, pero sin ce\u00f1irse del todo a la realidad. El chico y la chica m\u00e1s mayores est\u00e1n en la tercera etapa, la de la <strong>partida<\/strong>, ya que no se salen de su papel en ning\u00fan momento.<\/p>\n<p>&nbsp;<\/p>\n<p>&nbsp;<\/p>\n<p>&nbsp;<\/p>\n<p>&nbsp;<\/p>\n","protected":false},"excerpt":{"rendered":"<p>&nbsp; &#8220;El viaje de Fanny&#8221; es una pel\u00edcula ambientada en la Segunda Guerra Mundial. Trata sobre un grupo de ni\u00f1os y ni\u00f1as que han estado viviendo en casas de acogida, lejos de sus familias, para protegerse de los invasores alemanes. En un momento dado, con la guerra ya muy avanzada, Fanny y sus hermanas junto [&hellip;]<\/p>\n","protected":false},"author":4419,"featured_media":0,"parent":0,"menu_order":0,"comment_status":"closed","ping_status":"closed","template":"","meta":{"footnotes":""},"class_list":["post-85","page","type-page","status-publish","hentry"],"_links":{"self":[{"href":"https:\/\/blogs.ua.es\/patricia3\/wp-json\/wp\/v2\/pages\/85","targetHints":{"allow":["GET"]}}],"collection":[{"href":"https:\/\/blogs.ua.es\/patricia3\/wp-json\/wp\/v2\/pages"}],"about":[{"href":"https:\/\/blogs.ua.es\/patricia3\/wp-json\/wp\/v2\/types\/page"}],"author":[{"embeddable":true,"href":"https:\/\/blogs.ua.es\/patricia3\/wp-json\/wp\/v2\/users\/4419"}],"replies":[{"embeddable":true,"href":"https:\/\/blogs.ua.es\/patricia3\/wp-json\/wp\/v2\/comments?post=85"}],"version-history":[{"count":8,"href":"https:\/\/blogs.ua.es\/patricia3\/wp-json\/wp\/v2\/pages\/85\/revisions"}],"predecessor-version":[{"id":288,"href":"https:\/\/blogs.ua.es\/patricia3\/wp-json\/wp\/v2\/pages\/85\/revisions\/288"}],"wp:attachment":[{"href":"https:\/\/blogs.ua.es\/patricia3\/wp-json\/wp\/v2\/media?parent=85"}],"curies":[{"name":"wp","href":"https:\/\/api.w.org\/{rel}","templated":true}]}}