{"id":87,"date":"2020-06-12T09:35:45","date_gmt":"2020-06-12T09:35:45","guid":{"rendered":"https:\/\/blogs.ua.es\/patricia3\/?page_id=87"},"modified":"2020-06-12T09:35:45","modified_gmt":"2020-06-12T09:35:45","slug":"pelicula-3","status":"publish","type":"page","link":"https:\/\/blogs.ua.es\/patricia3\/pelicula-3\/","title":{"rendered":"Captain Fantastic"},"content":{"rendered":"<p>&nbsp;<\/p>\n<p><iframe loading=\"lazy\" title=\"Valores materialistas y postmaterialistas (Pel\u00edcula &quot;Captaina Fantastic&quot;)\" width=\"500\" height=\"281\" src=\"https:\/\/www.youtube.com\/embed\/tObezEPkUBc?feature=oembed\" frameborder=\"0\" allow=\"accelerometer; autoplay; clipboard-write; encrypted-media; gyroscope; picture-in-picture; web-share\" referrerpolicy=\"strict-origin-when-cross-origin\" allowfullscreen><\/iframe><\/p>\n<p>&#8220;Captain Fantastic&#8221;, una pel\u00edcula protagonizada por un padre y sus hijos e hijas, muestra las ventajas e inconvenientes de una vida alejada de la sociedad. Ben y su esposa decidieron antes de tener a su primer hijo, Bo, emprender un cambio radical en sus vidas. Se propusieron criar a su familia lejos de las masas, en medio de la naturaleza, persiguiendo valores como la subsistencia, la autosuperaci\u00f3n, la supervivencia y el conocimiento. Despu\u00e9s de caer enferma su esposa, Ben no flaquea y se mantiene firme para con sus ideales. Sigue adelante con la crianza de sus tres hijos y tres hijas, los educa, les ense\u00f1a a sobrevivir en la naturaleza, los entrena y les aporta todos los conocimientos de los que carecen la mayor\u00eda de ciudadanos. Ante la tr\u00e1gica noticia de la muerte de Leslie, la madre de sus hijos, \u00e9l y su familia decide iniciar un viaje para defender su \u00faltimo deseo: ser enterrada siguiendo la tradici\u00f3n budista.<\/p>\n<p>&nbsp;<\/p>\n<p>A lo largo del viaje realizan varias paradas, en las cuales suceden diferentes experiencias vitales para toda la familia. Una de ellas es la que se muestra en la escena. Con tal de despojar de tensiones la situaci\u00f3n que est\u00e1n viviendo, Ben decide sorprender a sus hijos e hijas con un pastel y la celebraci\u00f3n de &#8216;el d\u00eda de Noam Chomsky&#8217;. Se trata de una tradici\u00f3n familiar que ensalza tanto a Chomsky como a sus valores y aportaciones.<\/p>\n<p>Sin embargo, uno de los hijos es contrario a dicha celebraci\u00f3n. Rellian cuestiona a su padre sus actos y manifiesta su inquietud por celebrar festividades como la navidad. Ante tal <strong>rebeli\u00f3n<\/strong> su padre no se muestra airado, sino m\u00e1s bien al contrario, lo anima a exponer sus argumentos y a intentar convencer al resto de la familia.<\/p>\n<p>La pel\u00edcula en su plenitud muestra los valores tanto de las sociedades industriales como de las posindustriales. Valores como la <strong>autoexpresi\u00f3n<\/strong> y la <strong>supervivencia<\/strong>, t\u00edpicos de las sociedades posindustriales, son los que mueven a esta familia; en contraposici\u00f3n a los valores que sustentan a la sociedad de la que pretenden escapar. Asimismo, en la secuencia seleccionada se observa el valor de la <strong>autoexpresi\u00f3n<\/strong> \u00edntegramente: el padre (la autoridad) invita al hijo a rebelarse y manifestar sus ideales.<\/p>\n<p>&nbsp;<\/p>\n<p>&nbsp;<\/p>\n","protected":false},"excerpt":{"rendered":"<p>&nbsp; &#8220;Captain Fantastic&#8221;, una pel\u00edcula protagonizada por un padre y sus hijos e hijas, muestra las ventajas e inconvenientes de una vida alejada de la sociedad. Ben y su esposa decidieron antes de tener a su primer hijo, Bo, emprender un cambio radical en sus vidas. Se propusieron criar a su familia lejos de las [&hellip;]<\/p>\n","protected":false},"author":4419,"featured_media":0,"parent":0,"menu_order":0,"comment_status":"closed","ping_status":"closed","template":"","meta":{"footnotes":""},"class_list":["post-87","page","type-page","status-publish","hentry"],"_links":{"self":[{"href":"https:\/\/blogs.ua.es\/patricia3\/wp-json\/wp\/v2\/pages\/87","targetHints":{"allow":["GET"]}}],"collection":[{"href":"https:\/\/blogs.ua.es\/patricia3\/wp-json\/wp\/v2\/pages"}],"about":[{"href":"https:\/\/blogs.ua.es\/patricia3\/wp-json\/wp\/v2\/types\/page"}],"author":[{"embeddable":true,"href":"https:\/\/blogs.ua.es\/patricia3\/wp-json\/wp\/v2\/users\/4419"}],"replies":[{"embeddable":true,"href":"https:\/\/blogs.ua.es\/patricia3\/wp-json\/wp\/v2\/comments?post=87"}],"version-history":[{"count":5,"href":"https:\/\/blogs.ua.es\/patricia3\/wp-json\/wp\/v2\/pages\/87\/revisions"}],"predecessor-version":[{"id":217,"href":"https:\/\/blogs.ua.es\/patricia3\/wp-json\/wp\/v2\/pages\/87\/revisions\/217"}],"wp:attachment":[{"href":"https:\/\/blogs.ua.es\/patricia3\/wp-json\/wp\/v2\/media?parent=87"}],"curies":[{"name":"wp","href":"https:\/\/api.w.org\/{rel}","templated":true}]}}