{"id":88,"date":"2020-05-27T12:21:25","date_gmt":"2020-05-27T12:21:25","guid":{"rendered":"https:\/\/blogs.ua.es\/patricia3\/?page_id=88"},"modified":"2020-06-13T08:34:49","modified_gmt":"2020-06-13T08:34:49","slug":"la-teoria-en-la-realidad-2","status":"publish","type":"page","link":"https:\/\/blogs.ua.es\/patricia3\/la-teoria-en-la-realidad-2\/","title":{"rendered":"La teor\u00eda en la realidad"},"content":{"rendered":"<p>&nbsp;<\/p>\n<p><strong>a) Art\u00edculo period\u00edstico<\/strong><\/p>\n<p><img loading=\"lazy\" decoding=\"async\" class=\"alignnone  wp-image-122\" src=\"https:\/\/blogs.ua.es\/patricia3\/files\/2020\/06\/Art\u00edculo-period\u00edstico-1-300x170.png\" alt=\"\" width=\"568\" height=\"322\" srcset=\"https:\/\/blogs.ua.es\/patricia3\/files\/2020\/06\/Art\u00edculo-period\u00edstico-1-300x170.png 300w, https:\/\/blogs.ua.es\/patricia3\/files\/2020\/06\/Art\u00edculo-period\u00edstico-1-1024x582.png 1024w, https:\/\/blogs.ua.es\/patricia3\/files\/2020\/06\/Art\u00edculo-period\u00edstico-1-768x436.png 768w, https:\/\/blogs.ua.es\/patricia3\/files\/2020\/06\/Art\u00edculo-period\u00edstico-1-1536x873.png 1536w, https:\/\/blogs.ua.es\/patricia3\/files\/2020\/06\/Art\u00edculo-period\u00edstico-1-100x57.png 100w, https:\/\/blogs.ua.es\/patricia3\/files\/2020\/06\/Art\u00edculo-period\u00edstico-1-150x85.png 150w, https:\/\/blogs.ua.es\/patricia3\/files\/2020\/06\/Art\u00edculo-period\u00edstico-1-200x114.png 200w, https:\/\/blogs.ua.es\/patricia3\/files\/2020\/06\/Art\u00edculo-period\u00edstico-1-450x256.png 450w, https:\/\/blogs.ua.es\/patricia3\/files\/2020\/06\/Art\u00edculo-period\u00edstico-1-600x341.png 600w, https:\/\/blogs.ua.es\/patricia3\/files\/2020\/06\/Art\u00edculo-period\u00edstico-1-900x511.png 900w, https:\/\/blogs.ua.es\/patricia3\/files\/2020\/06\/Art\u00edculo-period\u00edstico-1.png 1832w\" sizes=\"auto, (max-width: 568px) 100vw, 568px\" \/><\/p>\n<p><a href=\"https:\/\/elpais.com\/elpais\/2020\/05\/04\/mamas_papas\/1588573385_549203.html\">https:\/\/elpais.com\/elpais\/2020\/05\/04\/mamas_papas\/1588573385_549203.html<\/a><\/p>\n<p>En este art\u00edculo de El Pa\u00eds del 7 de mayo Diana Oliver muestra la necesidad de que ni\u00f1os y ni\u00f1as jueguen durante el confinamiento. Sustent\u00e1ndose en las voces de varios especialistas en la materia, la autora expone numerosos argumentos que defienden el juego como una acci\u00f3n primordial para el desarrollo de los infantes, sobre todo en momentos de excepcionalidad. Este manifiesto va acorde con la teor\u00eda de la que se ha hablado anteriormente, el &#8220;Otro generalizado&#8221;. Esta teor\u00eda plantea la importancia del juego en la socializaci\u00f3n de un ni\u00f1o o una ni\u00f1a. Es a trav\u00e9s del juego como de peque\u00f1as, las personas, asimilamos y adquirimos valores sociales, normas de comportamiento, ideales, etc. De modo que tambi\u00e9n es a trav\u00e9s del juego como en situaciones ins\u00f3litas los ni\u00f1os y ni\u00f1as entienden qu\u00e9 est\u00e1 pasando y aprenden a actuar en ese nuevo mundo que se est\u00e1 generando.<\/p>\n<p>Por ello, el art\u00edculo no solo defiende la importancia del juego, sino que tambi\u00e9n enumera diversos juegos interesantes para jugar en familia.<\/p>\n<p>&nbsp;<\/p>\n<p><strong>b) Elemento gr\u00e1fico<\/strong><\/p>\n<p><img loading=\"lazy\" decoding=\"async\" class=\"alignnone  wp-image-115\" src=\"https:\/\/blogs.ua.es\/patricia3\/files\/2020\/06\/Elemento-gr\u00e1fico-1-300x200.jpg\" alt=\"\" width=\"475\" height=\"316\" srcset=\"https:\/\/blogs.ua.es\/patricia3\/files\/2020\/06\/Elemento-gr\u00e1fico-1-300x200.jpg 300w, https:\/\/blogs.ua.es\/patricia3\/files\/2020\/06\/Elemento-gr\u00e1fico-1-1024x683.jpg 1024w, https:\/\/blogs.ua.es\/patricia3\/files\/2020\/06\/Elemento-gr\u00e1fico-1-768x512.jpg 768w, https:\/\/blogs.ua.es\/patricia3\/files\/2020\/06\/Elemento-gr\u00e1fico-1-100x67.jpg 100w, https:\/\/blogs.ua.es\/patricia3\/files\/2020\/06\/Elemento-gr\u00e1fico-1-150x100.jpg 150w, https:\/\/blogs.ua.es\/patricia3\/files\/2020\/06\/Elemento-gr\u00e1fico-1-200x133.jpg 200w, https:\/\/blogs.ua.es\/patricia3\/files\/2020\/06\/Elemento-gr\u00e1fico-1-450x300.jpg 450w, https:\/\/blogs.ua.es\/patricia3\/files\/2020\/06\/Elemento-gr\u00e1fico-1-600x400.jpg 600w, https:\/\/blogs.ua.es\/patricia3\/files\/2020\/06\/Elemento-gr\u00e1fico-1-900x600.jpg 900w, https:\/\/blogs.ua.es\/patricia3\/files\/2020\/06\/Elemento-gr\u00e1fico-1.jpg 1200w\" sizes=\"auto, (max-width: 475px) 100vw, 475px\" \/><\/p>\n<p>La primera etapa de la socializaci\u00f3n, seg\u00fan G. Mead, se basa en la imitaci\u00f3n. En esta, los infantes emulan las acciones de sus padres y madres.<\/p>\n<p>En la foto se muestra un claro ejemplo de esta etapa. Aparece un padre sentado en el banco y su hijo al lado, coloc\u00e1ndose bien la mascarilla, la cual puede evitar posibles contagios por la Covid-19. Es una imagen interesante, porque adem\u00e1s de ejemplificar la teor\u00eda tratada, tambi\u00e9n pone de manifiesto la importancia de que los padres y madres sirvan de ejemplo a sus hijos e hijas, sobre todo en edades tan tempranas. Es as\u00ed como desde peque\u00f1os asimilaran envergadura de sus actos cuando a la salud de otras personas se refiere.<\/p>\n<p>&nbsp;<\/p>\n<p><strong>c) Red social<\/strong><\/p>\n<p>https:\/\/www.instagram.com\/p\/CASRHY8KeDA\/<\/p>\n<p>Como se ha afirmado al inicio de este apartado, el juego es una parte crucial en la vida de un ni\u00f1o o ni\u00f1a. Y uno de los tipos de juego m\u00e1s com\u00fan es el que se realiza con mu\u00f1ecos y mu\u00f1ecas.<\/p>\n<p>Este <em>post<\/em>, extra\u00eddo de Instagram, muestra la iniciativa de una empresa alicantina de mu\u00f1ecas. De forma altruista, la empresa decidi\u00f3 empezar a fabricar mu\u00f1ecos trajeados con uniformes de sanitarios y sanitarias, con el fin de poder llegar a los infantes a trav\u00e9s del juego y as\u00ed hacerles toda esta situaci\u00f3n m\u00e1s comprensible y concienciarlos.<\/p>\n","protected":false},"excerpt":{"rendered":"<p>&nbsp; a) Art\u00edculo period\u00edstico https:\/\/elpais.com\/elpais\/2020\/05\/04\/mamas_papas\/1588573385_549203.html En este art\u00edculo de El Pa\u00eds del 7 de mayo Diana Oliver muestra la necesidad de que ni\u00f1os y ni\u00f1as jueguen durante el confinamiento. Sustent\u00e1ndose en las voces de varios especialistas en la materia, la autora expone numerosos argumentos que defienden el juego como una acci\u00f3n primordial para el desarrollo [&hellip;]<\/p>\n","protected":false},"author":4419,"featured_media":0,"parent":0,"menu_order":0,"comment_status":"closed","ping_status":"closed","template":"","meta":{"footnotes":""},"class_list":["post-88","page","type-page","status-publish","hentry"],"_links":{"self":[{"href":"https:\/\/blogs.ua.es\/patricia3\/wp-json\/wp\/v2\/pages\/88","targetHints":{"allow":["GET"]}}],"collection":[{"href":"https:\/\/blogs.ua.es\/patricia3\/wp-json\/wp\/v2\/pages"}],"about":[{"href":"https:\/\/blogs.ua.es\/patricia3\/wp-json\/wp\/v2\/types\/page"}],"author":[{"embeddable":true,"href":"https:\/\/blogs.ua.es\/patricia3\/wp-json\/wp\/v2\/users\/4419"}],"replies":[{"embeddable":true,"href":"https:\/\/blogs.ua.es\/patricia3\/wp-json\/wp\/v2\/comments?post=88"}],"version-history":[{"count":13,"href":"https:\/\/blogs.ua.es\/patricia3\/wp-json\/wp\/v2\/pages\/88\/revisions"}],"predecessor-version":[{"id":303,"href":"https:\/\/blogs.ua.es\/patricia3\/wp-json\/wp\/v2\/pages\/88\/revisions\/303"}],"wp:attachment":[{"href":"https:\/\/blogs.ua.es\/patricia3\/wp-json\/wp\/v2\/media?parent=88"}],"curies":[{"name":"wp","href":"https:\/\/api.w.org\/{rel}","templated":true}]}}