{"id":91,"date":"2020-06-12T09:35:45","date_gmt":"2020-06-12T09:35:45","guid":{"rendered":"https:\/\/blogs.ua.es\/patricia3\/?page_id=91"},"modified":"2020-06-13T08:36:27","modified_gmt":"2020-06-13T08:36:27","slug":"la-teoria-en-la-realidad-3","status":"publish","type":"page","link":"https:\/\/blogs.ua.es\/patricia3\/la-teoria-en-la-realidad-3\/","title":{"rendered":"La teor\u00eda en la realidad"},"content":{"rendered":"<p>&nbsp;<\/p>\n<p><strong>a) Art\u00edculo period\u00edstico<\/strong><\/p>\n<p><img loading=\"lazy\" decoding=\"async\" class=\"alignnone  wp-image-124\" src=\"https:\/\/blogs.ua.es\/patricia3\/files\/2020\/06\/Art\u00edculo-period\u00edstico-3-284x300.png\" alt=\"\" width=\"544\" height=\"575\" srcset=\"https:\/\/blogs.ua.es\/patricia3\/files\/2020\/06\/Art\u00edculo-period\u00edstico-3-284x300.png 284w, https:\/\/blogs.ua.es\/patricia3\/files\/2020\/06\/Art\u00edculo-period\u00edstico-3-968x1024.png 968w, https:\/\/blogs.ua.es\/patricia3\/files\/2020\/06\/Art\u00edculo-period\u00edstico-3-768x813.png 768w, https:\/\/blogs.ua.es\/patricia3\/files\/2020\/06\/Art\u00edculo-period\u00edstico-3-100x106.png 100w, https:\/\/blogs.ua.es\/patricia3\/files\/2020\/06\/Art\u00edculo-period\u00edstico-3-150x159.png 150w, https:\/\/blogs.ua.es\/patricia3\/files\/2020\/06\/Art\u00edculo-period\u00edstico-3-200x212.png 200w, https:\/\/blogs.ua.es\/patricia3\/files\/2020\/06\/Art\u00edculo-period\u00edstico-3-300x317.png 300w, https:\/\/blogs.ua.es\/patricia3\/files\/2020\/06\/Art\u00edculo-period\u00edstico-3-450x476.png 450w, https:\/\/blogs.ua.es\/patricia3\/files\/2020\/06\/Art\u00edculo-period\u00edstico-3-600x635.png 600w, https:\/\/blogs.ua.es\/patricia3\/files\/2020\/06\/Art\u00edculo-period\u00edstico-3-900x952.png 900w, https:\/\/blogs.ua.es\/patricia3\/files\/2020\/06\/Art\u00edculo-period\u00edstico-3.png 1016w\" sizes=\"auto, (max-width: 544px) 100vw, 544px\" \/><\/p>\n<p><a href=\"https:\/\/www.eldiario.es\/cultura\/fenomenos\/Mascarillas-moda-identidad-politica_0_1025048243.html\">https:\/\/www.eldiario.es\/cultura\/fenomenos\/Mascarillas-moda-identidad-politica_0_1025048243.html<\/a><\/p>\n<p>Este art\u00edculo de eldiario.es pone de manifiesto la carga pol\u00edtica que algunas empresas textiles le est\u00e1n otorgando a las mascarillas. Se nos explica que de un tiempo a esta parte los y las ciudadanas han aprovechado esta nueva imposici\u00f3n gubernamental de llevar cubierta parte de la cara para alzar la voz y defender sus ideales. Y parece ser que algunas empresas como &#8216;198&#8217; o &#8216;Segundapel&#8217; no se han quedado atr\u00e1s y se han unido en la fabricaci\u00f3n de este producto.<\/p>\n<p>Inglehart remarca que una de las caracter\u00edsticas de las sociedades posindustriales es la fomentaci\u00f3n de la rebeli\u00f3n y la manifestaci\u00f3n, propios de los valores de autoexpresi\u00f3n. Lo cual sale reflejado en este art\u00edculo.<\/p>\n<p>&nbsp;<\/p>\n<p><strong>b) Elemento gr\u00e1fico<\/strong><\/p>\n<p><img loading=\"lazy\" decoding=\"async\" class=\"alignnone  wp-image-114\" src=\"https:\/\/blogs.ua.es\/patricia3\/files\/2020\/06\/Elemento-gr\u00e1fico-3-300x209.jpg\" alt=\"\" width=\"489\" height=\"340\" srcset=\"https:\/\/blogs.ua.es\/patricia3\/files\/2020\/06\/Elemento-gr\u00e1fico-3-300x209.jpg 300w, https:\/\/blogs.ua.es\/patricia3\/files\/2020\/06\/Elemento-gr\u00e1fico-3-768x536.jpg 768w, https:\/\/blogs.ua.es\/patricia3\/files\/2020\/06\/Elemento-gr\u00e1fico-3-100x70.jpg 100w, https:\/\/blogs.ua.es\/patricia3\/files\/2020\/06\/Elemento-gr\u00e1fico-3-150x105.jpg 150w, https:\/\/blogs.ua.es\/patricia3\/files\/2020\/06\/Elemento-gr\u00e1fico-3-200x140.jpg 200w, https:\/\/blogs.ua.es\/patricia3\/files\/2020\/06\/Elemento-gr\u00e1fico-3-450x314.jpg 450w, https:\/\/blogs.ua.es\/patricia3\/files\/2020\/06\/Elemento-gr\u00e1fico-3-600x419.jpg 600w, https:\/\/blogs.ua.es\/patricia3\/files\/2020\/06\/Elemento-gr\u00e1fico-3-900x628.jpg 900w, https:\/\/blogs.ua.es\/patricia3\/files\/2020\/06\/Elemento-gr\u00e1fico-3.jpg 960w\" sizes=\"auto, (max-width: 489px) 100vw, 489px\" \/><\/p>\n<p>Si bien el Gobierno se ha asegurado de que la obligatoriedad del uso de mascarilla llegara a todos los ciudadanos y ciudadanas a trav\u00e9s de todas las v\u00edas pertinentes (ruedas de prensa, art\u00edculos period\u00edsticos, medios de comunicaci\u00f3n,&#8230;), poco a poco van apareciendo otro tipo de modos de divulgaci\u00f3n no procedentes del Estado. Y este cartel es uno de ellos.\u00a0En \u00e9l se enumeran las diversas situaciones en las cuales una persona est\u00e1 obligada a llevar la mascarilla puesta.<\/p>\n<p>La cuesti\u00f3n es que si el Gobierno ya se ha encargado de promulgar la informaci\u00f3n, \u00bfpor qu\u00e9 siguen emergiendo nuevas formas de difusi\u00f3n? Se trata de un ejemplo de acentuaci\u00f3n de la racionalizaci\u00f3n de la autoridad, caracter\u00edstico de sociedades industriales. Con estos carteles se potencia la veracidad y autoridad del Estado, otorg\u00e1ndole m\u00e1s poder.<\/p>\n<p>&nbsp;<\/p>\n<p><strong>c) Red social<\/strong><\/p>\n<p>https:\/\/twitter.com\/RiidaTanjawii\/status\/1262395783048986632?s=08<\/p>\n<p>Este <em>tweet<\/em> contiene un v\u00eddeo grabado en un vag\u00f3n de tren, en el cual un par guardias de seguridad est\u00e1n reduciendo a un civil. Seg\u00fan la persona que ha publicado este <em>post<\/em>, los guardias acusaban al hombre de no llevar puesta la mascarilla y por esa raz\u00f3n deciden usar la fuerza contra \u00e9l.<\/p>\n<p>Si en el primer apartado (el art\u00edculo period\u00edstico) habl\u00e1bamos de un ejemplo de sociedad posindustrial y en el segundo, de un ejemplo de sociedad industrial, en este caso podemos encontrar rasgos caracter\u00edsticos de ambas. Por una parte, los guardias de seguridad inmovilizan a ese hombre con el pretexto de que no llevaba la mascarilla puesta, cuando en el v\u00eddeo se puede observar que se le cae al suelo durante el forcejeo. Este acto muestra un claro abuso de la autoridad, particularidad propia de reg\u00edmenes autoritarios, que pueden generarse en sociedad industriales. Por otra parte, la persona que graba todo el suceso y las que posteriormente lo comparten por redes sociales ejemplifican valores de autoexpresi\u00f3n, ya que se est\u00e1n rebelando contra la autoridad y manifestando sus m\u00e1ximas.<\/p>\n","protected":false},"excerpt":{"rendered":"<p>&nbsp; a) Art\u00edculo period\u00edstico https:\/\/www.eldiario.es\/cultura\/fenomenos\/Mascarillas-moda-identidad-politica_0_1025048243.html Este art\u00edculo de eldiario.es pone de manifiesto la carga pol\u00edtica que algunas empresas textiles le est\u00e1n otorgando a las mascarillas. Se nos explica que de un tiempo a esta parte los y las ciudadanas han aprovechado esta nueva imposici\u00f3n gubernamental de llevar cubierta parte de la cara para alzar la [&hellip;]<\/p>\n","protected":false},"author":4419,"featured_media":0,"parent":0,"menu_order":0,"comment_status":"closed","ping_status":"closed","template":"","meta":{"footnotes":""},"class_list":["post-91","page","type-page","status-publish","hentry"],"_links":{"self":[{"href":"https:\/\/blogs.ua.es\/patricia3\/wp-json\/wp\/v2\/pages\/91","targetHints":{"allow":["GET"]}}],"collection":[{"href":"https:\/\/blogs.ua.es\/patricia3\/wp-json\/wp\/v2\/pages"}],"about":[{"href":"https:\/\/blogs.ua.es\/patricia3\/wp-json\/wp\/v2\/types\/page"}],"author":[{"embeddable":true,"href":"https:\/\/blogs.ua.es\/patricia3\/wp-json\/wp\/v2\/users\/4419"}],"replies":[{"embeddable":true,"href":"https:\/\/blogs.ua.es\/patricia3\/wp-json\/wp\/v2\/comments?post=91"}],"version-history":[{"count":12,"href":"https:\/\/blogs.ua.es\/patricia3\/wp-json\/wp\/v2\/pages\/91\/revisions"}],"predecessor-version":[{"id":307,"href":"https:\/\/blogs.ua.es\/patricia3\/wp-json\/wp\/v2\/pages\/91\/revisions\/307"}],"wp:attachment":[{"href":"https:\/\/blogs.ua.es\/patricia3\/wp-json\/wp\/v2\/media?parent=91"}],"curies":[{"name":"wp","href":"https:\/\/api.w.org\/{rel}","templated":true}]}}