{"id":154,"date":"2011-12-20T17:42:15","date_gmt":"2011-12-20T17:42:15","guid":{"rendered":"https:\/\/blogs.ua.es\/patrimoniomonumentalalicante\/?page_id=154"},"modified":"2012-01-14T19:10:45","modified_gmt":"2012-01-14T19:10:45","slug":"todas-las-referencias","status":"publish","type":"page","link":"https:\/\/blogs.ua.es\/patrimoniomonumentalalicante\/todas-las-referencias\/","title":{"rendered":"Todas las referencias"},"content":{"rendered":"<h3 style=\"text-align: center\"><strong>PINCHA SOBRE CADA T\u00cdTULO PARA IR DIRECTAMENTE A LA ENTRADA DE CADA REFERENCIA<\/strong><\/h3>\n<p><strong>1) <\/strong><a href=\"https:\/\/blogs.ua.es\/patrimoniomonumentalalicante\/2011\/12\/05\/patrimonio-cultural-de-alicante-el-patrimonio-inmueble\/\" target=\"_blank\"><em>Patrimonio cultural de Alicante: el patrimonio inmueble<\/em>\u00a0<\/a>(05\/12\/2011)<br \/>\n<strong><span style=\"color: #000000\">2) <\/span><\/strong><em><a href=\"https:\/\/blogs.ua.es\/patrimoniomonumentalalicante\/2011\/12\/07\/cuando-el-castillo-de-alicante-era-prision-de-estado\/\" target=\"_blank\">Cuando el Castillo de Alicante era prisi\u00f3n de Estado<\/a> <\/em>(07\/12\/2011)<br \/>\n<strong>3)\u00a0<\/strong><em><a href=\"https:\/\/blogs.ua.es\/patrimoniomonumentalalicante\/2011\/12\/20\/lucentum-virtual\/\" target=\"_blank\">Lucentum virtual<\/a> <\/em>(20\/12\/2011)<br \/>\n<strong>4) <\/strong><em><a href=\"https:\/\/blogs.ua.es\/patrimoniomonumentalalicante\/2011\/12\/20\/lucentum-apuntes-biograficos-y-escritos-ineditos-de-valcarcel-pio-de-saboya-2\/\" target=\"_blank\">Lucentum: Apuntes biogr\u00e1ficos y escritos in\u00e9ditos de Valc\u00e1rcel P\u00edo de Saboya <\/a><\/em>(20\/12\/2011)<br \/>\n<strong>5) <\/strong><em><a href=\"https:\/\/blogs.ua.es\/patrimoniomonumentalalicante\/2011\/12\/21\/catalogo-monumental-y-artistico-de-la-provincia-de-alicante-1907-1908\/\" target=\"_blank\">Cat\u00e1logo monumental y art\u00edstico de la provincia de Alicante 1907-1908 <\/a><\/em>(21\/12\/2011)<br \/>\n<strong>6) <\/strong><em><a href=\"https:\/\/blogs.ua.es\/patrimoniomonumentalalicante\/2011\/12\/21\/un-libro-recoge-el-patrimonio-mas-destacado-de-la-ciudad-de-alicante\/\" target=\"_blank\">Un libro recoge el patrimonio m\u00e1s destacado de la ciudad de Alicante <\/a><\/em>(21\/12\/2011)<br \/>\n<strong>7) <\/strong><em><a href=\"https:\/\/blogs.ua.es\/patrimoniomonumentalalicante\/2011\/12\/26\/el-gil-albert-recupera-un-catalogo-del-patrimonio-alicantino-perdido-en-el-36\/\" target=\"_blank\">El Gil-Albert recupera un cat\u00e1logo de patrimonio alicantino perdido en el 36<\/a><\/em>\u00a0(26\/12\/2011)<br \/>\n<strong>8) <\/strong><em><a href=\"https:\/\/blogs.ua.es\/patrimoniomonumentalalicante\/2011\/12\/26\/monumentos-desaparecidos\/\" target=\"_blank\">Monumentos desaparecidos<\/a> <\/em>(26\/12\/2011)<br \/>\n<strong>9) <\/strong><em><a href=\"https:\/\/blogs.ua.es\/patrimoniomonumentalalicante\/2011\/12\/26\/247\/\" target=\"_blank\">Evoluci\u00f3n Urbana de Alicante<\/a><\/em>\u00a0(26\/12\/2011)<br \/>\n<strong>10) <\/strong><em><a href=\"https:\/\/blogs.ua.es\/patrimoniomonumentalalicante\/2011\/12\/26\/el-puerto-de-alicante\/\" target=\"_blank\">El Puerto de Alicante<\/a> <\/em>(26\/12\/2011)<br \/>\n<strong>11) <\/strong><em><a href=\"https:\/\/blogs.ua.es\/patrimoniomonumentalalicante\/2011\/12\/26\/el-faro-de-alicante-recuperacion-del-patrimonio-portuario\/\" target=\"_blank\">El Faro de Alicante. Recuperaci\u00f3n del patrimonio portuario<\/a> <\/em>(26\/12\/2011)<br \/>\n<strong>12) <\/strong><em><a href=\"https:\/\/blogs.ua.es\/patrimoniomonumentalalicante\/2011\/12\/27\/275\/\" target=\"_blank\">Alicante, un rinconcito en el cielo<\/a> <\/em>(27\/12\/2011)<br \/>\n<strong>13) <\/strong><em><a href=\"https:\/\/blogs.ua.es\/patrimoniomonumentalalicante\/2011\/12\/27\/gestion-del-patrimonio-arqueologico-como-recurso-turistico\/\" target=\"_blank\">Gesti\u00f3n del Patrimonio Arqueol\u00f3gico como recurso tur\u00edstico <\/a><\/em>(27\/12\/2011)<br \/>\n<strong>14) <\/strong><em><a href=\"https:\/\/blogs.ua.es\/patrimoniomonumentalalicante\/2011\/12\/27\/juan-conchillos-y-su-obra-en-el-camarin-de-la-santa-faz-de-alicante\/\" target=\"_blank\">Juan Conchillos y su obra en el Camar\u00edn de la Santa Faz de Alicante <\/a><\/em>(27\/12\/2011)<br \/>\n<strong>15) <\/strong><em><a href=\"https:\/\/blogs.ua.es\/patrimoniomonumentalalicante\/2011\/12\/27\/lienzos-de-la-parroquial-de-santa-maria-de-alicante\/\" target=\"_blank\">Lienzos de la parroquial de Santa Mar\u00eda de Alicante<\/a> <\/em>(27\/12\/2011)<br \/>\n<strong>16) <\/strong><em><a href=\"https:\/\/blogs.ua.es\/patrimoniomonumentalalicante\/2011\/12\/27\/san-jose-parroquia-de-san-nicolas-de-alicante\/\" target=\"_blank\">San Jos\u00e9. Parroquia de San Nicol\u00e1s de Alicante<\/a><\/em>\u00a0(27\/12\/2011)<br \/>\n<strong>17) <\/strong><em><a href=\"https:\/\/blogs.ua.es\/patrimoniomonumentalalicante\/2011\/12\/27\/conjunto-de-lienzos-de-la-capilla-del-oratorio-del-ayuntamiento-de-alicante\/\" target=\"_blank\">Conjunto de lienzos de la Capilla del Oratorio del Ayuntamiento de Alicante<\/a> <\/em>(27\/12\/2011)<br \/>\n<strong>18) <\/strong><em><a href=\"https:\/\/blogs.ua.es\/patrimoniomonumentalalicante\/2011\/12\/28\/alacant-en-excavacions-arqueologiques-de-salvament-a-la-comunitat-valenciana-1984-1988-i-intervencions-urbanes\/\" target=\"_blank\">Alacant en Excavacions Arqueol\u00f2giques de salvament a la Comunitat Valenciana 1984-1988. I. Intervencions Urbanes<\/a> <\/em>(28\/12\/2011)<br \/>\n<strong>19) <\/strong><em><a href=\"https:\/\/blogs.ua.es\/patrimoniomonumentalalicante\/2011\/12\/28\/lalcoraya-en-excavacions-arqueologiques-de-salvament-a-la-comunitat-valenciana-1984-1988-ii-intervencions-rural\/\" target=\"_blank\">L&#8217;alcoraya en Excavaciones Arqueol\u00f2giques de salvament a la Comunitat Valenciana 1984-1988. II. Intervencions Rurals<\/a> <\/em>(28\/12\/2011)<br \/>\n<strong>20) <\/strong><em><a href=\"https:\/\/blogs.ua.es\/patrimoniomonumentalalicante\/2011\/12\/28\/castillo-de-santa-barbara-en-excavacions-arqueologiques-de-salvament-a-la-comunitat-valenciana-1984-1988-ii-intervencions-rurals\/\" target=\"_blank\">Castillo de Santa B\u00e1rbara en Excavacions Arqueol\u00f2giques de salvament a la Comunitat Valenciana 1984-1988. II. Intervencios Rurals<\/a>\u00a0<\/em>(28\/12\/2011)<br \/>\n<strong>21) <\/strong><em><a href=\"https:\/\/blogs.ua.es\/patrimoniomonumentalalicante\/2011\/12\/29\/catalogo-del-real-patrimonio-de-alicante\/\" target=\"_blank\">Cat\u00e1logo del Real Patrimonio de Alicante<\/a> <\/em>(29\/12\/2011)<br \/>\n<strong>22) <\/strong><em><a href=\"https:\/\/blogs.ua.es\/patrimoniomonumentalalicante\/2011\/12\/29\/alicante-v-siglos-de-arquitectura\/\" target=\"_blank\">Alicante: V Siglos de Arquitectura<\/a> <\/em>(29\/12\/2011)<br \/>\n<strong>23) <\/strong><em><a href=\"https:\/\/blogs.ua.es\/patrimoniomonumentalalicante\/2011\/12\/30\/la-arquitectura-de-principios-de-siglo-en-alicante-y-provincia\/\" target=\"_blank\">La arquitectura de principios de siglo en Alicante y provincia <\/a><\/em>(30\/12\/2011)<br \/>\n<strong>24) <\/strong><em><a href=\"https:\/\/blogs.ua.es\/patrimoniomonumentalalicante\/2011\/12\/30\/evolucion-historica-del-puerto-de-alicante\/\" target=\"_blank\">Evoluci\u00f3n hist\u00f3rica del Puerto de Alicante<\/a> <\/em>(30\/12\/2011)<br \/>\n<strong>25) <\/strong><em><a href=\"https:\/\/blogs.ua.es\/patrimoniomonumentalalicante\/2011\/12\/30\/ntervencion-restauratoria-e-investigacion-historica-el-sistema-de-acceso-al-castillo-medieval-de-alicante\/\" target=\"_blank\">Intervenci\u00f3n restauratoria e investigaci\u00f3n hist\u00f3rica. El sistema de acceso al Castillo medieval<\/a> <\/em>(30\/12\/2011)<br \/>\n<strong>26) <\/strong><em><a href=\"https:\/\/blogs.ua.es\/patrimoniomonumentalalicante\/2012\/01\/01\/debate-sobre-el-estado-del-patrimonio-alicantino\/\" target=\"_blank\">Debate sobre el estado del patrimonio alicantino<\/a> <\/em>(01\/01\/2012)<br \/>\n<strong>27) <\/strong><em><a href=\"https:\/\/blogs.ua.es\/patrimoniomonumentalalicante\/2012\/01\/02\/congreso-sobre-las-jornadas-de-arqueologia-y-el-patrimonio-alicantino\/\" target=\"_blank\">Congreso sobre las jornadas de arqueolog\u00eda y patrimonio alicantino <\/a><\/em>(02\/01\/2012)<br \/>\n<strong>28) <\/strong>\u00a0<em><a href=\"https:\/\/blogs.ua.es\/patrimoniomonumentalalicante\/2012\/01\/02\/lqnt-patrimonio-cultural-de-la-ciudad-de-alicante\/\" target=\"_blank\">LQTN, patrimonio cultural de la ciudad de Alicante<\/a> <\/em>(02\/01\/2012)<br \/>\n<strong>29) <\/strong><em><a href=\"https:\/\/blogs.ua.es\/patrimoniomonumentalalicante\/2012\/01\/02\/la-arqueologia-urbana-en-la-ciudad-de-alicante-monumentos-en-los-anos-50\/\" target=\"_blank\">La arqueolog\u00eda urbana en la ciudad de Alicante: monumentos en los a\u00f1os<\/a> 50 <\/em>(02\/01\/2012)<br \/>\n<strong>30) <\/strong><em><a href=\"https:\/\/blogs.ua.es\/patrimoniomonumentalalicante\/2012\/01\/02\/una-dobla-hafsi-encontrada-en-alicante\/\" target=\"_blank\">Una dobla hafs\u00ed encontrada en Alicante<\/a> <\/em>(02\/01\/2012)<br \/>\n<strong>31) <\/strong><em><a href=\"https:\/\/blogs.ua.es\/patrimoniomonumentalalicante\/2012\/01\/03\/alicante-manual-de-uso-y-conservacion\/\" target=\"_blank\">Alicante: Manual de uso y conservaci\u00f3n<\/a> <\/em>(03\/01\/2012)<br \/>\n<strong>32) <\/strong><em><a href=\"https:\/\/blogs.ua.es\/patrimoniomonumentalalicante\/2012\/01\/03\/entrevista-a-agustin-azkarate-catedratico-de-arqueologia-medieval\/\" target=\"_blank\">Entrevista a Agust\u00edn Azkarate<\/a> <\/em>(03\/01\/2012)<br \/>\n<strong>33) <\/strong><em><a href=\"https:\/\/blogs.ua.es\/patrimoniomonumentalalicante\/2012\/01\/03\/un-lavado-de-cara-monumental\/\" target=\"_blank\">Una lavado de cara monumental<\/a> <\/em>(03\/01\/2012)<br \/>\n<strong>34) <\/strong><em><a href=\"https:\/\/blogs.ua.es\/patrimoniomonumentalalicante\/2012\/01\/03\/una-familia-monumental\/\" target=\"_blank\">Una familia monumental<\/a> <\/em>(03\/01\/2012)<br \/>\n<strong>35) <\/strong><em><a href=\"https:\/\/blogs.ua.es\/patrimoniomonumentalalicante\/2012\/01\/03\/alicante-a-traves-de-sus-fuentes\/\" target=\"_blank\">Alicante a trav\u00e9s de sus fuentes<\/a> <\/em>(03\/01\/2012)<br \/>\n<strong>36) <\/strong><em><a href=\"https:\/\/blogs.ua.es\/patrimoniomonumentalalicante\/2012\/01\/03\/la-estela-monumental-de-alicante\/\" target=\"_blank\">La estela monumental de Alicante<\/a> <\/em>(03\/01\/2012)<br \/>\n<strong>37) <\/strong><em><a href=\"https:\/\/blogs.ua.es\/patrimoniomonumentalalicante\/2012\/01\/03\/el-paseo-y-monumento-de-los-martires-de-la-libertad\/\" target=\"_blank\">El paseo y monumento de los &#8220;M\u00e1rtires de la Liberad&#8221;<\/a> <\/em>(03\/01\/2012)<br \/>\n<strong>38) <\/strong><em><a href=\"https:\/\/blogs.ua.es\/patrimoniomonumentalalicante\/2012\/01\/03\/tres-monedas-musulmanas-en-alicante\/\" target=\"_blank\">Tres monedas musulmanas en Alicante<\/a> <\/em>(03\/01\/2012)<br \/>\n<strong>39) <\/strong><em><a href=\"https:\/\/blogs.ua.es\/patrimoniomonumentalalicante\/2012\/01\/04\/monumental-y-canalla\/\" target=\"_blank\">Monumental y canalla<\/a> <\/em>(04\/01\/2012)<br \/>\n<strong>40) <\/strong><em><a href=\"https:\/\/blogs.ua.es\/patrimoniomonumentalalicante\/2012\/01\/04\/apuntes-personales-sobre-la-reconstruccion-del-patrimonio-monumental-construido\/\" target=\"_blank\">Apuntes personales sobre la reconstrucci\u00f3n del patrimonio monumental construido<\/a> <\/em>(04\/01\/2012)<\/p>\n","protected":false},"excerpt":{"rendered":"<p>PINCHA SOBRE CADA T\u00cdTULO PARA IR DIRECTAMENTE A LA ENTRADA DE CADA REFERENCIA 1) Patrimonio cultural de Alicante: el patrimonio inmueble\u00a0(05\/12\/2011) 2) Cuando el Castillo de Alicante era prisi\u00f3n de Estado (07\/12\/2011) 3)\u00a0Lucentum virtual (20\/12\/2011) 4) Lucentum: Apuntes biogr\u00e1ficos y escritos in\u00e9ditos de Valc\u00e1rcel P\u00edo de Saboya (20\/12\/2011) 5) Cat\u00e1logo monumental y art\u00edstico de la [&hellip;]<\/p>\n","protected":false},"author":2481,"featured_media":0,"parent":0,"menu_order":2,"comment_status":"open","ping_status":"open","template":"","meta":{"footnotes":""},"class_list":["post-154","page","type-page","status-publish","hentry"],"_links":{"self":[{"href":"https:\/\/blogs.ua.es\/patrimoniomonumentalalicante\/wp-json\/wp\/v2\/pages\/154","targetHints":{"allow":["GET"]}}],"collection":[{"href":"https:\/\/blogs.ua.es\/patrimoniomonumentalalicante\/wp-json\/wp\/v2\/pages"}],"about":[{"href":"https:\/\/blogs.ua.es\/patrimoniomonumentalalicante\/wp-json\/wp\/v2\/types\/page"}],"author":[{"embeddable":true,"href":"https:\/\/blogs.ua.es\/patrimoniomonumentalalicante\/wp-json\/wp\/v2\/users\/2481"}],"replies":[{"embeddable":true,"href":"https:\/\/blogs.ua.es\/patrimoniomonumentalalicante\/wp-json\/wp\/v2\/comments?post=154"}],"version-history":[{"count":22,"href":"https:\/\/blogs.ua.es\/patrimoniomonumentalalicante\/wp-json\/wp\/v2\/pages\/154\/revisions"}],"predecessor-version":[{"id":486,"href":"https:\/\/blogs.ua.es\/patrimoniomonumentalalicante\/wp-json\/wp\/v2\/pages\/154\/revisions\/486"}],"wp:attachment":[{"href":"https:\/\/blogs.ua.es\/patrimoniomonumentalalicante\/wp-json\/wp\/v2\/media?parent=154"}],"curies":[{"name":"wp","href":"https:\/\/api.w.org\/{rel}","templated":true}]}}