{"id":206,"date":"2011-12-22T01:18:40","date_gmt":"2011-12-22T01:18:40","guid":{"rendered":"https:\/\/blogs.ua.es\/patrimoniomonumentalalicante\/?page_id=206"},"modified":"2011-12-28T17:59:33","modified_gmt":"2011-12-28T17:59:33","slug":"contexto-historico","status":"publish","type":"page","link":"https:\/\/blogs.ua.es\/patrimoniomonumentalalicante\/contexto-historico\/","title":{"rendered":"Contexto hist\u00f3rico"},"content":{"rendered":"<p style=\"text-align: justify\"><em>La localizaci\u00f3n de Alicante, en un \u00e1rea de convergencia de caminos naturales, situado frente al mar y protegido por varios cerros que hacen del lugar con gran valor defensivo, fue decisiva para favorecer los primeros asentamientos humanos. Existen vestigios de la existencia en la Edad del Bronce en un yacimiento ubicado en la Serra Grossa datado en el segundo milenio a.C. Igualmente hay numerosos restos de la \u00e9poca ib\u00e9rica, resaltando los de la Albufereta, con la destacada ciudad fortificada del Tossal de Manises, constat\u00e1ndose una ocupaci\u00f3n desde el s. IV a. C. hasta los s. III y IV d.C. Tambi\u00e9n fue descubierta la existencia de la ciudad romana denominada Lucentum, la cual est\u00e1 excavada y musealizada. Adem\u00e1s, la primera ciudad musulmana se desarrolla al pie del Benacantil, claro est\u00e1, que fue por motivos defensivos. \u00a0Y fue por ello, el motivo por el cual Alicante se convirti\u00f3 en un punto de abastecimiento mar\u00edtimo y se cultiv\u00f3 un floreciente comercio.<\/em><\/p>\n<p style=\"text-align: justify\"><em>En 1244 por el tratado de Almizra, se fijan las fronteras entre Castilla y Arag\u00f3n quedando Alicante incluida entre los territorios castellanos. Tres a\u00f1os despu\u00e9s, en 1247, la ciudad fue conquistada por Alfonso X \u201cEl Sabio\u201d, construy\u00e9ndose as\u00ed, la &#8220;Vila Nova\u201d. En 1296 Jaime II incorpora definitivamente la villa de Alicante al Reino de Valencia y dos siglos despu\u00e9s, en 1490, Fernando II el Cat\u00f3lico eleva la villa de Alicante al status de ciudad.<\/em><\/p>\n<p style=\"text-align: justify\"><em>En el siglo XVI se produjo un gran crecimiento poblacional debido al desarrollo del comercio, artesan\u00eda de exportaci\u00f3n y, gracias a, una pr\u00f3spera agricultura local. En esta \u00e9poca se inici\u00f3 la construcci\u00f3n de dos arrabales extramuros: el mar\u00edtimo de San Francisco y el Interior de San Ant\u00f3n. La ciudad duplic\u00f3 sus habitantes de 1510 a 1609. En los siglos XVII y XVIII el puerto dinamiza las transformaciones urban\u00edsticas de la ciudad, se habilita para comerciar con Am\u00e9rica y se crea un consulado de Mar y Tierra para fomento de la navegaci\u00f3n y la agricultura. En 1797 Alicante ya contaba con veinte mil habitantes.<\/em><\/p>\n<div style=\"text-align: justify\">\n<p><em>El siglo XIX se caracteriza por la demolici\u00f3n de las murallas, la creaci\u00f3n de nuevos barrios y la llegada del<a href=\"https:\/\/blogs.ua.es\/patrimoniomonumentalalicante\/files\/2011\/12\/alicante_01.jpg\" target=\"_blank\"><img loading=\"lazy\" decoding=\"async\" class=\"alignright size-medium wp-image-210\" style=\"border-width: 2px;border-color: black;border-style: solid\" src=\"https:\/\/blogs.ua.es\/patrimoniomonumentalalicante\/files\/2011\/12\/alicante_01-300x225.jpg\" alt=\"\" width=\"300\" height=\"225\" srcset=\"https:\/\/blogs.ua.es\/patrimoniomonumentalalicante\/files\/2011\/12\/alicante_01-300x225.jpg 300w, https:\/\/blogs.ua.es\/patrimoniomonumentalalicante\/files\/2011\/12\/alicante_01.jpg 500w\" sizes=\"auto, (max-width: 300px) 100vw, 300px\" \/><\/a> ferrocarril. Pero es en el siglo XX, cuando la intensificaci\u00f3n de las actividades secundaria y terciaria, su consolidaci\u00f3n como centro de servicios y de desarrollo tur\u00edstico, provocan el desarrollo actual de la ciudad.<\/em><\/p>\n<\/div>\n<p style=\"text-align: justify\"><em>Entre los puntos de inter\u00e9s m\u00e1s destacados, sobresalen, por ejemplo, la Bas\u00edlica de Santa Mar\u00eda, el Convento de las Hermanas de la Sangre o la Iglesia de San Nicol\u00e1s. El Teatro Principal, donde se conservan perfectamente documentados los restos \u00f3seos y materiales de una antigua necr\u00f3polis romana. Tampoco nos podemos perder\u00a0 el lugar m\u00e1s emblem\u00e1tico de la ciudad de Alicante, Castillo de Santa B\u00e1rbara, que ocupa la cumbre y parte de la ladera del Monte Benacantil, o el Castillo de San Fernando, que se alza, en cambio, en el monte Tossal. Y, a su vez, nunca est\u00e1 de m\u00e1s poder visitar el monasterio de la Santa Faz, el Ayuntamiento, la Diputaci\u00f3n Provincial, \u00a0el Palacio Maisonnave, el Mercado Central, la Ermita de la Santa Cruz, el Edificio Carbonell, el Convento de las Angustias y la Ermita de San Roque.<\/em><\/p>\n<p style=\"text-align: justify\"><em>En el apartado dedicado a &#8220;Otros blog&#8221;, ten\u00e9is los enlaces del Ayuntamiento de Alicante, y adem\u00e1s, el de Turismo de Alicante, para aquellos que disfrutan indagando y conociendo mejor su ciudad, la nuestra, Alicante.<\/em><\/p>\n<p style=\"text-align: justify\">\n<p style=\"text-align: justify\"><strong>Bibliograf\u00eda:<\/strong><\/p>\n<p style=\"text-align: justify\">LLOBREGAT, Enrique A. <em>Historia de la ciudad de Alicante. <\/em>Patronato Municipal del Quinto Centenario de la Ciudad de Alicante, 1990, 4 vol\u00famenes. ISBN. 84-40084-04-6.<\/p>\n<p style=\"text-align: justify\">PASTOR DE LA ROSA, Jos\u00e9. <em>Historia general de la ciudad y castillo de Alicante. <\/em>Librer\u00edas Par\u00eds-Valencia, 1993, 376 pp. ISBN. 978-84-97615-70-9<\/p>\n<p style=\"text-align: justify\"><em>Alicante Turismo.<\/em>\u00a0Patronato Municipal de Turismo de Alicante y Grupo-Skala, 2008. [21\/12\/2011]. Disponible en:\u00a0<a title=\"Alicante Turismo\" href=\"http:\/\/www.alicanteturismo.com\/\" target=\"_blank\">http:\/\/www.alicanteturismo.com\/<\/a><\/p>\n","protected":false},"excerpt":{"rendered":"<p>La localizaci\u00f3n de Alicante, en un \u00e1rea de convergencia de caminos naturales, situado frente al mar y protegido por varios cerros que hacen del lugar con gran valor defensivo, fue decisiva para favorecer los primeros asentamientos humanos. Existen vestigios de la existencia en la Edad del Bronce en un yacimiento ubicado en la Serra Grossa [&hellip;]<\/p>\n","protected":false},"author":2469,"featured_media":0,"parent":0,"menu_order":1,"comment_status":"open","ping_status":"open","template":"","meta":{"footnotes":""},"class_list":["post-206","page","type-page","status-publish","hentry"],"_links":{"self":[{"href":"https:\/\/blogs.ua.es\/patrimoniomonumentalalicante\/wp-json\/wp\/v2\/pages\/206","targetHints":{"allow":["GET"]}}],"collection":[{"href":"https:\/\/blogs.ua.es\/patrimoniomonumentalalicante\/wp-json\/wp\/v2\/pages"}],"about":[{"href":"https:\/\/blogs.ua.es\/patrimoniomonumentalalicante\/wp-json\/wp\/v2\/types\/page"}],"author":[{"embeddable":true,"href":"https:\/\/blogs.ua.es\/patrimoniomonumentalalicante\/wp-json\/wp\/v2\/users\/2469"}],"replies":[{"embeddable":true,"href":"https:\/\/blogs.ua.es\/patrimoniomonumentalalicante\/wp-json\/wp\/v2\/comments?post=206"}],"version-history":[{"count":16,"href":"https:\/\/blogs.ua.es\/patrimoniomonumentalalicante\/wp-json\/wp\/v2\/pages\/206\/revisions"}],"predecessor-version":[{"id":344,"href":"https:\/\/blogs.ua.es\/patrimoniomonumentalalicante\/wp-json\/wp\/v2\/pages\/206\/revisions\/344"}],"wp:attachment":[{"href":"https:\/\/blogs.ua.es\/patrimoniomonumentalalicante\/wp-json\/wp\/v2\/media?parent=206"}],"curies":[{"name":"wp","href":"https:\/\/api.w.org\/{rel}","templated":true}]}}