{"id":206,"date":"2013-01-17T17:03:15","date_gmt":"2013-01-17T17:03:15","guid":{"rendered":"https:\/\/blogs.ua.es\/pedrocavadas\/?page_id=206"},"modified":"2013-01-27T14:10:18","modified_gmt":"2013-01-27T14:10:18","slug":"pagina-de-presentacion","status":"publish","type":"page","link":"https:\/\/blogs.ua.es\/pedrocavadas\/pagina-de-presentacion\/","title":{"rendered":"Presentaci\u00f3n"},"content":{"rendered":"<p>&nbsp;<\/p>\n<p style=\"text-align: justify\"><span style=\"font-family: arial\">Hola, somos Mar\u00eda \u00c1ngeles Amigo Somavilla y Alejandro S\u00e1nchez Esp\u00edn,\u00a0alumnos de 1\u00ba en los grados de Histor\u00eda y Geograf\u00eda que se imparten este a\u00f1o en la Universidad de Alicante. Vamos a desarrollar este blog sobre el doctor Pedro Cavadas como parte de un trabajo de pr\u00e1cticas para la asignatura Fuentes y Documentos para la Historia.<\/span><\/p>\n<p>&nbsp;<\/p>\n<figure id=\"attachment_291\" aria-describedby=\"caption-attachment-291\" style=\"width: 175px\" class=\"wp-caption aligncenter\"><a href=\"https:\/\/blogs.ua.es\/pedrocavadas\/files\/2013\/01\/imgres-11.jpeg\"><img loading=\"lazy\" decoding=\"async\" class=\"size-full wp-image-291\" src=\"https:\/\/blogs.ua.es\/pedrocavadas\/files\/2013\/01\/imgres-11.jpeg\" alt=\"\" width=\"175\" height=\"179\" \/><\/a><figcaption id=\"caption-attachment-291\" class=\"wp-caption-text\">Logo de la Universidad de Alicante<\/figcaption><\/figure>\n","protected":false},"excerpt":{"rendered":"<p>&nbsp; Hola, somos Mar\u00eda \u00c1ngeles Amigo Somavilla y Alejandro S\u00e1nchez Esp\u00edn,\u00a0alumnos de 1\u00ba en los grados de Histor\u00eda y Geograf\u00eda que se imparten este a\u00f1o en la Universidad de Alicante. Vamos a desarrollar este blog sobre el doctor Pedro Cavadas como parte de un trabajo de pr\u00e1cticas para la asignatura Fuentes y Documentos para la [&hellip;]<\/p>\n","protected":false},"author":1933,"featured_media":0,"parent":0,"menu_order":1,"comment_status":"open","ping_status":"closed","template":"","meta":{"footnotes":""},"class_list":["post-206","page","type-page","status-publish","hentry"],"_links":{"self":[{"href":"https:\/\/blogs.ua.es\/pedrocavadas\/wp-json\/wp\/v2\/pages\/206","targetHints":{"allow":["GET"]}}],"collection":[{"href":"https:\/\/blogs.ua.es\/pedrocavadas\/wp-json\/wp\/v2\/pages"}],"about":[{"href":"https:\/\/blogs.ua.es\/pedrocavadas\/wp-json\/wp\/v2\/types\/page"}],"author":[{"embeddable":true,"href":"https:\/\/blogs.ua.es\/pedrocavadas\/wp-json\/wp\/v2\/users\/1933"}],"replies":[{"embeddable":true,"href":"https:\/\/blogs.ua.es\/pedrocavadas\/wp-json\/wp\/v2\/comments?post=206"}],"version-history":[{"count":20,"href":"https:\/\/blogs.ua.es\/pedrocavadas\/wp-json\/wp\/v2\/pages\/206\/revisions"}],"predecessor-version":[{"id":260,"href":"https:\/\/blogs.ua.es\/pedrocavadas\/wp-json\/wp\/v2\/pages\/206\/revisions\/260"}],"wp:attachment":[{"href":"https:\/\/blogs.ua.es\/pedrocavadas\/wp-json\/wp\/v2\/media?parent=206"}],"curies":[{"name":"wp","href":"https:\/\/api.w.org\/{rel}","templated":true}]}}