{"id":208,"date":"2013-01-17T17:03:31","date_gmt":"2013-01-17T17:03:31","guid":{"rendered":"https:\/\/blogs.ua.es\/pedrocavadas\/?page_id=208"},"modified":"2013-01-27T14:00:56","modified_gmt":"2013-01-27T14:00:56","slug":"descripcion-del-blog-2","status":"publish","type":"page","link":"https:\/\/blogs.ua.es\/pedrocavadas\/descripcion-del-blog-2\/","title":{"rendered":"Recursos"},"content":{"rendered":"<p>&nbsp;<\/p>\n<p style=\"text-align: justify\"><span style=\"font-family: arial\">Los recursos que hemos empleado en la b\u00fasqueda de la informaci\u00f3n necesaria son principalmente bases de datos, directorios de prensa y buscadores, tanto gen\u00e9ricos como espec\u00edficos. Han sido los siguientes:<\/span><\/p>\n<p align=\"JUSTIFY\"><span style=\"font-family: Arial, serif\"><span style=\"text-decoration: underline\"><strong>FACTIVA,<\/strong><\/span><\/span><span style=\"font-family: Arial, serif\"> base de datos suscrita por la Universidad de Alicante que ofrece a texto completo peri\u00f3dicos internacionales y agencias de prensa que nos permiten localizar informaci\u00f3n en las m\u00e1s prestigiosas fuentes de informaci\u00f3n nacionales e internacionales. Hemos accedido desde la Universidad de Alicante.<\/span><\/p>\n<p align=\"JUSTIFY\"><span style=\"font-family: Arial, serif\"><span style=\"text-decoration: underline\"><strong>El Quiosc<\/strong><\/span><\/span><span style=\"font-family: Arial, serif\">, directorio de peri\u00f3dicos y revistas de todo el mundo elaborado por la Universidad Aut\u00f3noma de Barcelona. Tambi\u00e9n reporta informaci\u00f3n sobre bases de datos de prensa y otros recursos. Hemos accedido directamente desde la Universidad de Alicante de forma gratuita.<\/span><\/p>\n<p align=\"JUSTIFY\"><span style=\"font-family: Arial, serif\"><span style=\"text-decoration: underline\"><strong>PUNT BIU<\/strong><\/span><\/span><span style=\"font-family: Arial, serif\">, que nos ha ayudado en nuestro periplo buscador de bibliograf\u00eda sobre el doctor Cavadas, orient\u00e1ndonos acerca de los recursos que estaban a nuestra disposici\u00f3n en la Biblioteca de la U.A. Se encuentra en la planta baja de la Biblioteca General.<\/span><\/p>\n<p align=\"JUSTIFY\"><span style=\"font-family: Arial, serif\"><span style=\"text-decoration: underline\"><strong>MEDLINE<\/strong><\/span><\/span><span style=\"font-family: Arial, serif\">, base de datos internacional, que es producida por la National Library of Medicine, que nos ha resultado de gran ayuda ya que los art\u00edculos publicados en las revistas especializadas extranjeras los hemos obtenido de ah\u00ed. Recoge citas bibliogr\u00e1ficas, res\u00famenes, palabras clave y te remite al texto completo. Esta base la hemos utilizado por dos v\u00edas diferentes: una de ellas desde la Universidad de Alicante, que nos permite a los alumnos tener el acceso directo, y la otra desde la Biblioteca de la Facultad de Medicina de la Universidad Miguel Hern\u00e1ndez, a la que muy amablemente, nos han permitido acceder.<\/span><\/p>\n<p align=\"JUSTIFY\"><span style=\"font-family: Arial, serif\"><span style=\"text-decoration: underline\"><strong>La Vanguardia Digital<\/strong><\/span><strong> e\u00a0<\/strong><\/span><span style=\"text-decoration: underline\"><strong>Informaci\u00f3n digital<\/strong><\/span><\/p>\n<p style=\"text-align: justify\"><span style=\"font-family: arial\">Son dos publicaciones nacionales en formato electr\u00f3nico (esto es lo que les da el car\u00e1cter digital) que tienen en Internet su soporte y medio de difusi\u00f3n. Ambos se publican diariamente. Se han revelado como herramientas magn\u00edficas con las que poder informaci\u00f3n para el desarrollo de nuestro blog.<\/span><\/p>\n<p align=\"JUSTIFY\"><span style=\"font-family: Arial, serif\"><span style=\"text-decoration: underline\"><strong>Youtube<\/strong><\/span><\/span><\/p>\n<p style=\"text-align: justify\"><span style=\"font-family: arial\">Es un sitio web en el que los usuarios podemos subir nuestros v\u00eddeos para compartirlos con todo el mundo. Existe la posibilidad de comentarlos y tambi\u00e9n calificarlos. Muchos de los v\u00eddeos que encontramos en YouTube son de aficionados, pero los contenidos de otros muchos cuentan con derechos de autor<\/span><\/p>\n<p align=\"JUSTIFY\"><span style=\"font-family: Arial, serif\"><strong>\u00a0<span style=\"text-decoration: underline\">Google<\/span> \u00a0\u00a0<\/strong><span style=\"color: #000000\"><strong><strong>buscador gen\u00e9rico<\/strong><\/strong><\/span><\/span><\/p>\n<p align=\"JUSTIFY\"><span style=\"font-family: Arial, serif\"><strong>\u00a0<\/strong><\/span><span style=\"text-decoration: underline;color: #000000\"><span style=\"font-family: Arial, serif\"><strong>Google Acad\u00e9mico<\/strong><\/span><\/span><span style=\"color: #000000\"><span style=\"font-family: Arial, serif\"><strong> \u00a0y \u00a0<\/strong><\/span><\/span><span style=\"text-decoration: underline;color: #000000\"><span style=\"font-family: Arial, serif\"><strong>Google<\/strong><\/span><\/span><span style=\"font-family: Arial, serif\"><strong><span style=\"text-decoration: underline\">\u00a0Libros<\/span> \u00a0\u00a0<\/strong><\/span><span style=\"color: #000000\"><span style=\"font-family: Arial, serif\"><strong><strong>buscadores espec\u00edficos<\/strong><\/strong><\/span><\/span><\/p>\n","protected":false},"excerpt":{"rendered":"<p>&nbsp; Los recursos que hemos empleado en la b\u00fasqueda de la informaci\u00f3n necesaria son principalmente bases de datos, directorios de prensa y buscadores, tanto gen\u00e9ricos como espec\u00edficos. Han sido los siguientes: FACTIVA, base de datos suscrita por la Universidad de Alicante que ofrece a texto completo peri\u00f3dicos internacionales y agencias de prensa que nos permiten [&hellip;]<\/p>\n","protected":false},"author":1933,"featured_media":0,"parent":0,"menu_order":4,"comment_status":"open","ping_status":"closed","template":"","meta":{"footnotes":""},"class_list":["post-208","page","type-page","status-publish","hentry"],"_links":{"self":[{"href":"https:\/\/blogs.ua.es\/pedrocavadas\/wp-json\/wp\/v2\/pages\/208","targetHints":{"allow":["GET"]}}],"collection":[{"href":"https:\/\/blogs.ua.es\/pedrocavadas\/wp-json\/wp\/v2\/pages"}],"about":[{"href":"https:\/\/blogs.ua.es\/pedrocavadas\/wp-json\/wp\/v2\/types\/page"}],"author":[{"embeddable":true,"href":"https:\/\/blogs.ua.es\/pedrocavadas\/wp-json\/wp\/v2\/users\/1933"}],"replies":[{"embeddable":true,"href":"https:\/\/blogs.ua.es\/pedrocavadas\/wp-json\/wp\/v2\/comments?post=208"}],"version-history":[{"count":15,"href":"https:\/\/blogs.ua.es\/pedrocavadas\/wp-json\/wp\/v2\/pages\/208\/revisions"}],"predecessor-version":[{"id":378,"href":"https:\/\/blogs.ua.es\/pedrocavadas\/wp-json\/wp\/v2\/pages\/208\/revisions\/378"}],"wp:attachment":[{"href":"https:\/\/blogs.ua.es\/pedrocavadas\/wp-json\/wp\/v2\/media?parent=208"}],"curies":[{"name":"wp","href":"https:\/\/api.w.org\/{rel}","templated":true}]}}