{"id":210,"date":"2013-01-17T17:03:44","date_gmt":"2013-01-17T17:03:44","guid":{"rendered":"https:\/\/blogs.ua.es\/pedrocavadas\/?page_id=210"},"modified":"2013-01-27T14:01:06","modified_gmt":"2013-01-27T14:01:06","slug":"metodologia","status":"publish","type":"page","link":"https:\/\/blogs.ua.es\/pedrocavadas\/metodologia\/","title":{"rendered":"Metodolog\u00eda"},"content":{"rendered":"<p>&nbsp;<\/p>\n<div style=\"text-align: -webkit-auto\"><\/div>\n<p align=\"JUSTIFY\"><span style=\"font-family: Arial, serif\">Ante el reto que ten\u00edamos por delante con la realizaci\u00f3n de un blog basado en la figura del cirujano Pedro Cavadas, lo primero que nos planteamos los autores era que ten\u00edamos que recabar la mayor informaci\u00f3n b\u00e1sica posible sobre \u00e9l mismo y su trayectoria profesional, para hacernos una idea de lo que pod\u00edamos esperar a nivel de personaje. <\/span><\/p>\n<p align=\"JUSTIFY\"><span style=\"font-family: Arial, serif\">Comenzamos primeramente con el buscador gen\u00e9rico Google y despu\u00e9s con los m\u00e1s espec\u00edficos Google Acad\u00e9mico y Google Libros. Ya en este primer paso hemos podido comprobar la repercusi\u00f3n social que tiene la labor profesional que realiza y que su persona trasciende lo meramente profesional (la documentaci\u00f3n necesaria para elaborar la biograf\u00eda y la bibliograf\u00eda la hemos obtenido de la p\u00e1gina web que la Fundaci\u00f3n Cavadas tiene en Google gen\u00e9rico).\u00a0<\/span><span style=\"font-family: Arial, serif\">Seguidamente entramos en Youtube para ver qu\u00e9 es lo que pod\u00edamos encontrar y verdaderamente la b\u00fasqueda ha sido fruct\u00edfera ya que hemos encontrado varias entrevistas realizadas al doctor Cavadas y tambi\u00e9n v\u00eddeos en los que expone los detalles de algunas de sus operaciones.<\/span><\/p>\n<p align=\"JUSTIFY\"><span style=\"font-family: Arial, serif\">El segundo paso que hemos dado ha sido el de buscar en cat\u00e1logos bibliogr\u00e1ficos como los de la Universidad de Alicante y de la Facultad de la Universidad Miguel Hern\u00e1ndez, en el Campus de San Juan. Busc\u00e1bamos libros y art\u00edculos publicados en revistas con formato papel y tambi\u00e9n en formato digital.<\/span><\/p>\n<p align=\"JUSTIFY\"><span style=\"font-family: Arial, serif\">En tercer lugar, ya entramos de lleno en las bases de datos que pens\u00e1bamos que pod\u00edan reportarnos la informaci\u00f3n bibliogr\u00e1fica que necesit\u00e1bamos para llevar a cabo nuestro cometido. El tener acceso directo y libre a algunas de ellas desde la Universidad de Alicante, nos ha facilitado mucho las cosas.<\/span><\/p>\n<p align=\"JUSTIFY\"><span style=\"font-family: Arial, serif\">Cuando decidimos que ya cont\u00e1bamos con el material suficiente para dar cuerpo al blog, pasamos a realizar una lectura profunda de los documentos encontrados y a la posterior traducci\u00f3n de los que estaban escritos en ingl\u00e9s, utilizando como herramienta de apoyo el traductor gratuito Babylon, ya que nos merec\u00eda cierta confianza.<\/span><\/p>\n<p align=\"JUSTIFY\"><span style=\"font-family: Arial, serif\">Finalmente, con el puzzle extendido sobre la mesa, comenzamos a unir las piezas, para dar forma definitiva a nuestro blog, que esperamos y deseamos que os resulte interesante.<\/span><\/p>\n<p align=\"JUSTIFY\">\n","protected":false},"excerpt":{"rendered":"<p>&nbsp; Ante el reto que ten\u00edamos por delante con la realizaci\u00f3n de un blog basado en la figura del cirujano Pedro Cavadas, lo primero que nos planteamos los autores era que ten\u00edamos que recabar la mayor informaci\u00f3n b\u00e1sica posible sobre \u00e9l mismo y su trayectoria profesional, para hacernos una idea de lo que pod\u00edamos esperar [&hellip;]<\/p>\n","protected":false},"author":1933,"featured_media":0,"parent":0,"menu_order":4,"comment_status":"open","ping_status":"closed","template":"","meta":{"footnotes":""},"class_list":["post-210","page","type-page","status-publish","hentry"],"_links":{"self":[{"href":"https:\/\/blogs.ua.es\/pedrocavadas\/wp-json\/wp\/v2\/pages\/210","targetHints":{"allow":["GET"]}}],"collection":[{"href":"https:\/\/blogs.ua.es\/pedrocavadas\/wp-json\/wp\/v2\/pages"}],"about":[{"href":"https:\/\/blogs.ua.es\/pedrocavadas\/wp-json\/wp\/v2\/types\/page"}],"author":[{"embeddable":true,"href":"https:\/\/blogs.ua.es\/pedrocavadas\/wp-json\/wp\/v2\/users\/1933"}],"replies":[{"embeddable":true,"href":"https:\/\/blogs.ua.es\/pedrocavadas\/wp-json\/wp\/v2\/comments?post=210"}],"version-history":[{"count":14,"href":"https:\/\/blogs.ua.es\/pedrocavadas\/wp-json\/wp\/v2\/pages\/210\/revisions"}],"predecessor-version":[{"id":275,"href":"https:\/\/blogs.ua.es\/pedrocavadas\/wp-json\/wp\/v2\/pages\/210\/revisions\/275"}],"wp:attachment":[{"href":"https:\/\/blogs.ua.es\/pedrocavadas\/wp-json\/wp\/v2\/media?parent=210"}],"curies":[{"name":"wp","href":"https:\/\/api.w.org\/{rel}","templated":true}]}}