{"id":212,"date":"2013-01-17T17:04:16","date_gmt":"2013-01-17T17:04:16","guid":{"rendered":"https:\/\/blogs.ua.es\/pedrocavadas\/?page_id=212"},"modified":"2013-01-27T14:01:15","modified_gmt":"2013-01-27T14:01:15","slug":"biografia-y-bibliografia-p-cavadas","status":"publish","type":"page","link":"https:\/\/blogs.ua.es\/pedrocavadas\/biografia-y-bibliografia-p-cavadas\/","title":{"rendered":"Introducci\u00f3n"},"content":{"rendered":"<p>&nbsp;<br \/>\n<strong>Biograf\u00eda de Pedro Cavadas<\/strong><\/p>\n<p align=\"justify\"><span style=\"font-family: Arial, serif\">Pedro Cavadas Rodr\u00edguez es medico especialista en cirug\u00eda pl\u00e1stica reconstructiva y presidente de la Fundaci\u00f3n que lleva su nombre. Es el autor entre otras muchas cirug\u00edas, del primer trasplante bilateral de piernas que se realiza en el mundo y tambi\u00e9n del primero de cara en nuestro pa\u00eds. <\/span><\/p>\n<p align=\"justify\"><span style=\"font-family: Arial, serif\">Nacido en noviembre de 1965 en Valencia, Cavadas estudi\u00f3 Medicina en la Universidad de Valencia. en la que se licenci\u00f3 en 1989 con Matr\u00edcula de Honor. <\/span><\/p>\n<p align=\"justify\"><span style=\"font-family: Arial, serif\">Seguidamente, llev\u00f3 a cabo el MIR como m\u00e9dico interno residente en el Hospital La Fe de Valencia en donde se especializ\u00f3 en Cirug\u00eda Pl\u00e1stica y Reparadora en 1995, a\u00f1o en el que tambi\u00e9n se doctor\u00f3 por esta misma Universidad. Complet\u00f3 su periodo de formaci\u00f3n traslad\u00e1ndose a Estados Unidos (San Francisco, Detroit, Dallas y Alabama) donde aprender\u00eda las m\u00e1s novedosas t\u00e9cnicas relacionadas con su especialidad. <\/span><\/p>\n<p align=\"justify\"><span style=\"font-family: Arial, serif\">En 1994, cre\u00f3 una cl\u00ednica que lleva su nombre y que est\u00e1 dedicada a la reconstrucci\u00f3n microquir\u00fargica, realizando alrededor de 1.800 cirug\u00edas al a\u00f1o. En esa cl\u00ednica se emplean los tratamientos m\u00e1s novedosos para dar soluciones a pacientes considerados inoperables o que han quedado con secuelas muy dif\u00edcilmente reparables. <\/span><\/p>\n<p align=\"justify\"><span style=\"font-family: Arial, serif\">Fiel a un compromiso solidario, en 2003 puso en marcha junto a sus dos hermanos Eduardo y Virginia la Fundaci\u00f3n Cavadas, con el objetivo de dotar de cirug\u00eda reconstructiva a pacientes desfavorecidos de pa\u00edses africanos, donde opera anomal\u00edas y malformaciones, sobre todo en ni\u00f1os, en las varias misiones m\u00e9dicas que organiza al a\u00f1o. Los pacientes con mayor problem\u00e1tica se los trae a Espa\u00f1a <\/span><\/p>\n<p align=\"justify\"><span style=\"font-family: Arial, serif\">Los beneficios que a Pedro Cavadas le reportan sus operaciones, son invertidos en la Fundaci\u00f3n en un 99%, y s\u00f3lo el uno por ciento restante corresponde a donativos. <\/span><\/p>\n<p align=\"justify\"><span style=\"font-family: Arial, serif\">Cavadas cobr\u00f3\u00a0cierta relevancia para el p\u00fablico en general cuando en el a\u00f1o 2004 los m\u00e9dios de comunicaci\u00f3n daban la noticia de que hab\u00eda conseguido mantener<\/span><span style=\"font-family: Arial, serif\">\u00a0&#8220;vivo&#8221; el brazo amputado de un paciente a causa de un accidente, dej\u00e1ndolo unido a una pierna, con las venas y arterias de ambas extremidades conectadas, hasta que el brazo volvi\u00f3 a ser reimplantado en el mu\u00f1\u00f3n en la que tambi\u00e9n fue una operaci\u00f3n pionera. Un a\u00f1o despu\u00e9s, oper\u00f3 y reconstruy\u00f3 el pene a dos ni\u00f1os de Kenia que hab\u00edan sido mutilados.<\/span><\/p>\n<p align=\"justify\"><span style=\"font-family: Arial, serif\">La fama del doctor Cavadas se increment\u00f3 a\u00fan m\u00e1s al practicarle un transplante dilateral de antebrazos a una mujer colombiana que los hab\u00eda perdido 28 a\u00f1os antes. Este tipo de cirug\u00edas que realiza es precisamente la causa de que el doctor Cavadas<\/span><span style=\"font-family: Arial, serif\">\u00a0se haya convertido en una figura muy conocida en nuestro pa\u00eds a nivel social. Sus m\u00e1s espectaculares tienen un amplio eco en la prensa nacional.<\/span><\/p>\n<p align=\"justify\"><span style=\"font-family: Arial, serif\">Efectivamente, a esa intervenci\u00f3n quir\u00fargica le siguieron muchas otras, como por ejemplo, la que se desarrollar\u00eda al a\u00f1o siguiente, cuando reimplant\u00f3 la mano derecha en la izquierda de un hombre manco y paralizado desde hac\u00eda tres a\u00f1os del lado derecho de su cuerpo. <\/span><\/p>\n<p align=\"justify\"><span style=\"font-family: Arial, serif\">En 2008 reimplant\u00f3 a un joven de 20 a\u00f1os la pierna derecha que perdi\u00f3 en un accidente laboral, tras mantenerla &#8220;viva&#8221; en la ingle y tobillo izquierdos. <\/span><\/p>\n<p align=\"justify\"><span style=\"font-family: Arial, serif\">Ya en agosto de 2009 trasplant\u00f3 la cara de un donante fallecido en accidente de tr\u00e1fico de 35 a\u00f1os a un paciente de 43 que sufr\u00eda de c\u00e1ncer de rostro, convirtiendo esta operaci\u00f3n en la primera del mundo que inclu\u00eda mand\u00edbula y lengua.<\/span><\/p>\n<p style=\"text-align: justify\"><span style=\"font-family: arial\">Este tipo de cirug\u00edas que realiza es precisamente la causa de que el doctor Cavadas\u00a0se haya convertido en una figura muy conocida en nuestro pa\u00eds a nivel social. Sus m\u00e1s espectaculares intervenciones tienen un amplio eco en la prensa nacional. Si preguntamos a la gente de la calle qui\u00e9n es Pedro Cavadas, pocas personas lo saben, ahora, si decimos que es ese cirujano que hace transplantes de cara y de brazos, todo el mundo nos remite a alguna de sus operaciones y a las fotograf\u00edas de las mismas que han visto en los diarios porque les ha impactado.<\/span><\/p>\n<p align=\"justify\"><span style=\"font-family: Arial, serif\">Como suele suceder entre la comunidad cient\u00edfica, el doctor Cavadas divulga sus experiencias profesionales en revistas cient\u00edficas, siendo a d\u00eda de hoy autor de m\u00e1s de 120 publicaciones internacionales. As\u00ed mismo, asiste y organiza m\u00faltiples cursos en Cirug\u00eda Reconstructiva. <\/span><\/p>\n<p align=\"justify\"><strong>\u00a0<\/strong><\/p>\n<p align=\"justify\"><strong>Bibliograf\u00eda de Pedro Cavadas<\/strong><\/p>\n<p><span style=\"font-family: arial\">Cano-Parra J, P\u00e9rez-Torregrosa VT, Mu\u00f1oz G, Cavadas PC, D\u00edaz-llopis M. Lesiones oculares tras un traumatismo el\u00e9ctrico de alta tensi\u00f3n. Ann Oftalmol. 3:119-123, 1993.<\/span><\/p>\n<p><span style=\"font-family: arial\">Cavadas PC. Avulsi\u00f3n masiva de la piel genital en el var\u00f3n. A prop\u00f3sito de un caso y revisi\u00f3n del tratamiento. Arch Esp Urol. 48:952-954, 1995.<\/span><\/p>\n<p><span style=\"font-family: arial\">Cavadas PC. Reconstrucci\u00f3n de pared abdominal mediante colgajo fasciomiocut\u00e1neo de tensor fasciae latae en isla. Caso cl\u00ednico. Cirug\u00eda Espa\u00f1ola. 57:585-587. 1995.<\/span><\/p>\n<p><span style=\"font-family: arial\">Cavadas PC,. Empleo del colgajo fasciosubcut\u00e1neo radial antebraquial inverso con preservaci\u00f3n de la arteria radial. Caso cl\u00ednico. Rev Esp Trauma Ortop. 41:368-371, 1997.<\/span><\/p>\n<p><span style=\"font-family: arial\">Cavadas PC,. Empleo del colgajo fasciosubcut\u00e1neo radial antebraquial inverso con preservaci\u00f3n de la arteria radial. Caso cl\u00ednico. Rev Esp Trauma Ortop. 41:368-371, 1997.<\/span><\/p>\n<p><span style=\"font-family: arial\">Cavadas PC. Tratamiento microquir\u00fargico de las osteomielitis de calc\u00e1neo. Rev Esp Trauma Ortop. 42:19-25, 1998.<\/span><\/p>\n<p><span style=\"font-family: arial\">Cavadas PC, Sim\u00f3n E, Bonanad E. Avulsi\u00f3n mayor bilateral de pabell\u00f3n auricular. Caso cl\u00ednico. Cir Plast Iberolatinoamer 22:277-280, 1996.<\/span><\/p>\n<p><span style=\"font-family: arial\">Cavadas PC, Bonanad E. Prefabricaci\u00f3n de un colgajo libre cut\u00e1neo-condro-mucoso tubular para reconstrucci\u00f3n traqueal. Estudio experimental en el perro. Cir Plast Iberolatinoamer 22:133-142, 1996.<\/span><\/p>\n<p><span style=\"font-family: arial\">Cavadas PC. Reconstrucci\u00f3n de pie diab\u00e9tico cr\u00edtico mediante transferencia libre sobre vasos receptores prefabricados. Caso cl\u00ednico. Cir Plast Iberolatinoamer 22:371-375, 1996.<\/span><\/p>\n<p><span style=\"font-family: arial\">Cavadas PC, Cort\u00e9s Llopis F. Complicaci\u00f3n de un abordaje transfrontonasal para base de cr\u00e1neo. Caso cl\u00ednico. Cir Plast Iberolatinoamer 23:361-364, 1997.<\/span><\/p>\n<p><span style=\"font-family: arial\">Cavadas PC. Colgajo neurocut\u00e1neo antebraquial lateral de flujo inverso. Caso cl\u00ednico. Cir Plast Iberolatinoamer 23:43-46, 1997.<\/span><\/p>\n<p><span style=\"font-family: arial\">Cavadas PC, Alvarez-Garijo JA. Abordaje transfrontonasal para resecci\u00f3n de un craneofaringioma gigante. Cir Plast Iberolatinoamer , 23: 145-150, 1997.<\/span><\/p>\n<p><span style=\"font-family: arial\">Cavadas PC, Alvarez-Garijo JA. Correcci\u00f3n quir\u00fargica de las craneosinostosis met\u00f3picas a prop\u00f3sito de 56 casos. Cir Plast Iberolatinoamer. 24:49-55, 1998.<\/span><\/p>\n<p><span style=\"font-family: arial\">Cavadas PC. Colgajo neurocut\u00e1neo sural retr\u00f3grado. Experiencia cl\u00ednica en 19 casos. Cir Plast Iberolatinoamer. 24:361-365, 1998.<\/span><\/p>\n<p><span style=\"font-family: arial\">Cavadas PC. Colgajo neurocut\u00e1neo safeno anter\u00f3grado. Experiencia cl\u00ednica en 9 casos. Cir Plast Iberolatinoamer in press.<\/span><\/p>\n<p><span style=\"font-family: arial\">Cavadas PC. Colgajo fasciocut\u00e1neo de primera arteria perforante para reconstrucci\u00f3n de \u00falceras trocant\u00e9reas. Cir Plast Iberolatinoamer 25,1:71-73, 1999.<\/span><\/p>\n<p><span style=\"font-family: arial\">Cavadas PC. Reimplante y salvamento de miembro inferior. Cir Plast Iberolatinoamer. 24:189-192, 1998.<\/span><\/p>\n<p><span style=\"font-family: arial\">Cavadas PC. Colgajo libre lateral de antebrazo para reconstrucci\u00f3n de defectos postraum\u00e1ticos. . Rev Esp Trauma Ortop. 3:181-185, 1999.<\/span><\/p>\n<p><span style=\"font-family: arial\">Alvarez Garijo, JA, Cavadas PC, Vila MM, Fabregat JS. Resecci\u00f3n de un craneofaringioma calcificado por v\u00eda transbasal anterior: Caso cl\u00ednico. Neurocirug\u00eda. 9:57-60, 1998.<\/span><\/p>\n<p><span style=\"font-family: arial\">Cavadas PC, Albert-Pampl\u00f3 R, Colgajo libre fileteado de pie para salvamento de la rodilla en una amputaci\u00f3n traum\u00e1tica de miembro inferior. Caso cl\u00ednico. Rev Esp Trauma Ortop. 3:310-312, 2000.<\/span><\/p>\n<p><span style=\"font-family: arial\">Cavadas PC, Marco Algarra J. Colgajo muscular temporal retr\u00f3grado para reconstrucci\u00f3n de fosa craneal anterior. caso cl\u00ednico. Cir Plast Iberolatinamer. 27:67-71, 2001.<\/span><\/p>\n<p><span style=\"font-family: arial\">Cavadas PC, Navarro-Monzon\u00eds A, Soler S. Reconstrucci\u00f3n microquir\u00fargica del pie. A prop\u00f3sito de 46 casos. Rev Esp Trauma Ortop. 6:540-547, 2000.<\/span><\/p>\n<p><span style=\"font-family: arial\">Cavadas PC, Baena-Montilla P. Progressive late seroma as an uncommon cause of wound dehiscence and expander extrusion. Plast Reconstr Surg. 95:212, 1995.<\/span><\/p>\n<p><span style=\"font-family: arial\">Cavadas PC, Bonanad E. Local anesthetic infiltration in the surgical repair of pressure sores in paraplegic patients with mass reflexes. Plast Reconstr Surg. 95:939, 1995.<\/span><\/p>\n<p><span style=\"font-family: arial\">Cavadas PC, Bonanad E, Baena-Montilla P, Vera-Sempere FJ. Prefabrication of a free flap for tracheal reconstruction. An experimental study. Plast Reconstr Surg. 98: 1052-1062, 1996.<\/span><\/p>\n<p><span style=\"font-family: arial\">Cavadas PC. Unusual complication in a gracilis myocutaneous free flap. Plast Reconstr Surg. 97:683, 1996.<\/span><\/p>\n<p><span style=\"font-family: arial\">Cavadas PC. An easy maneuvre to improve exposure in difficult end-to-side anastomoses. Plast Reconstr Surg. 98:187, 1996.<\/span><\/p>\n<p><span style=\"font-family: arial\">Cavadas PC, Bonanad E. Reverse flow sural island flap in the varicose leg. Plast Reconstr Surg. 98:901-902, 1996.<\/span><\/p>\n<p><span style=\"font-family: arial\">Cavadas PC. Reattachment of the temporalis muscle to methyl-methacrylate in secondary surgery for craniosynostosis. Plast Reconstr Surg. 98:573-574, 1996.<\/span><\/p>\n<p><span style=\"font-family: arial\">Cavadas PC, Bonanad E. Unusual evolution of a revascularized high voltage injured hand. Plast Reconstr Surg. 98:914-915, 1996.<\/span><\/p>\n<p><span style=\"font-family: arial\">Cavadas PC. The free forearm-fillet flap in traumatic arm amputation. Plast Reconstr Surg. 98:1119-1120, 1996.<\/span><\/p>\n<p><span style=\"font-family: arial\">Cavadas PC. An inexpensive customized round-handled knife. Plast Reconstr Surg. 98:1317, 1996.<\/span><\/p>\n<p><span style=\"font-family: arial\">Cavadas PC. Reverse saphenous neurocutaneous island flap. Clinical experience. Plast Reconstr Surg. 99, 1940-1946, 1997.<\/span><\/p>\n<p><span style=\"font-family: arial\">Cavadas PC, Vilar de la Pe\u00f1a R. Reinsertion of the pectoralis minor into the gracilis free transfer in brachial plexus reconstruction. Plast Reconstr Surg. 99:261-262., 1997.<\/span><\/p>\n<p><span style=\"font-family: arial\">Cavadas PC, Olag\u00fce J. Salvage of an extruded pacemaker using a greater omentum flap. Case report. Eur J Plast Surg. 20: 220-222, 1997.<\/span><\/p>\n<p><span style=\"font-family: arial\">Cavadas PC, Vera-Sempere FJ. Prefabrication of a vascularized nerve graft by vessel implantation. Preliminary report of an experimental model. Microsurgery. 15:877-881, 1994.<\/span><\/p>\n<p><span style=\"font-family: arial\">Cavadas PC, Vera-Sempere FJ. In vivo microarterial freezing. Experimental study. Microsurgery. 17:109-114, 1996<\/span><\/p>\n<p><span style=\"font-family: arial\">Cavadas PC. In vivo vascular freezing in clinical microvascular transfer. Case Report. Microsurgery. 17:121-122, 1996<\/span><\/p>\n<p><span style=\"font-family: arial\">Cavadas PC, Vera-Sempere FJ. In vivo microvascular freezing in veins. Experimental study. Microsurgery. 17:115-120, 1996.<\/span><\/p>\n<p><span style=\"font-family: arial\">Cavadas PC. The role of perivenous areolar tissue in the viability of unipedicled venous flaps. Further experience in the rat model. Research in Surg. 6:69-71, 1994.<\/span><\/p>\n<p><span style=\"font-family: arial\">Benito-Ruiz J, Baena-Montilla P, Navarro-Monzon\u00eds A, Bonanad E, Cavadas PC. Severe electric burn of the skull. Burns. 20:553-556, 1994.<\/span><\/p>\n<p><span style=\"font-family: arial\">Cavadas PC. Use of cyanoacrylate glue to repair punctured expanders. Burns. 22:252, 1996.<\/span><\/p>\n<p><span style=\"font-family: arial\">Cavadas PC, Baena-Montilla P, Jord\u00e1-Cuevas M, Vera-Sempere FJ. Primary intracranial malignant tumor mistaken for a postburn scalp Marjolin\u00b4s ulcer. Burns. 22:331-334, 1996.<\/span><\/p>\n<p><span style=\"font-family: arial\">Cavadas PC, Baena-Montilla P, Vera F. Experimental tracheal reconstruction with a prefabricated arterialized venous flap. Eur J Plast Surg. 17:322-327, 1994.<\/span><\/p>\n<p><span style=\"font-family: arial\">Cavadas PC. Abdominal wall reconstruction in an electrical burn with a myocutaneous tensor fascia lata island flap. Case report. Ann Medit Burns Club. 12, 4:221-223, 1999.<\/span><\/p>\n<p><span style=\"font-family: arial\">Cavadas PC. Limb salvage in a burn patient with a muscle free flap. Ann Medit Burns Club. 13, 1:28-30, 2000.<\/span><\/p>\n<p><span style=\"font-family: arial\">Cavadas PC. Salvage of a failed auricle replant with a temporoparietal fascia and subgaleal fascia flaps. Eur J Plast Surg. 20: 92-94, 1997.<\/span><\/p>\n<p><span style=\"font-family: arial\">Cavadas PC. Turn-over deepithelialized edge flaps in pressure sore repair. Plast Reconstr Surg. 99:921-922, 1997.<\/span><\/p>\n<p><span style=\"font-family: arial\">Cavadas PC, Alvarez-Garijo JA. Surgical correction of posterior plagiocephaly. Plast Reconstr Surg. 99:1465, 1997.<\/span><\/p>\n<p><span style=\"font-family: arial\">Cavadas PC. Refinement in cranial bone graft harvesting. Plast Reconstr Surg. 99:1196, 1997.<\/span><\/p>\n<p><span style=\"font-family: arial\">Cavadas PC, Vera-Sempere FJ. Experimental free tissue transfer over perivascular-injured vessels. Effect of in vivo freezing. Microsurgery. 17:295-300, 1996.<\/span><\/p>\n<p><span style=\"font-family: arial\">Unusual intraoperative venous complication in a free DIEP flap. Plast Reconstr Surg. 107:1312-1313, 2001.<\/span><\/p>\n<p><span style=\"font-family: arial\">Cavadas PC. Tracheal reconstruction using a free jejunal flap with cartilage skeleton. Experimental study. Plast Reconstr Surg. 101:937-942, 1998.<\/span><\/p>\n<p><span style=\"font-family: arial\">Cavadas PC, Puertes-Corella L. The subcutaneous turn-over flap in the treatment of difficult wounds of the fingers. J Hand Surg. [Eur]. 23:472-475, 1998<\/span><\/p>\n<p><span style=\"font-family: arial\">Cavadas PC, Navarro-Monzon\u00eds A. Carpal tunnel release under local anesthesia: a reliable and inexpensive procedure. Plast Reconstr Surg. In press.<\/span><\/p>\n<p><span style=\"font-family: arial\">Cavadas PC. The split medial gastrocnemius muscle flap: the &#8220;one fourth gastrocnemius flap&#8221;. Plast Reconstr Surg. 102:1782-1783, 1998<\/span><\/p>\n<p><span style=\"font-family: arial\">Cavadas PC. Multiple vein grafts for microarterial repair: An experimental study. Microsurgery. 18:331-333, 1998.<\/span><\/p>\n<p><span style=\"font-family: arial\">Cavadas PC. Repetitive valsalva maneuvre as an uncommon cause of late massive arterial bleeding after free flap transfer. Plast Reconstr Surg. 104 (1):310, 1999.<\/span><\/p>\n<p><span style=\"font-family: arial\">Cavadas PC. Posterior interosseous flap based on a septal perforator, in the absence of the distal artery. Plast Reconstr Surg. 104:592, 1999.<\/span><\/p>\n<p><span style=\"font-family: arial\">Cavadas PC. Posterior interosseous free flap with extended pedicle for hand reconstruction. Plast Reconstr Surg. 108:897-901, 2001.<\/span><\/p>\n<p><span style=\"font-family: arial\">Cavadas PC. Heterotopic neurotization of the medial plantar flap for heel reconstruction. case report. Plast Reconstr Surg. In Press.<\/span><\/p>\n<p><span style=\"font-family: arial\">Cavadas PC, Sanz jim\u00e9nez-Rico JR, Guti\u00e9rrez de la C\u00e1mara A, Navarro A, Soler S. The medial sural artery perforator free flap. Plast Reconstr Surg. 108:1609-1615, 2001.<\/span><\/p>\n<p><span style=\"font-family: arial\">Cavadas PC. The 3D Z-plasty for the treatment of depressed adhered scars. Plast Reconstr Surg.107:1076-1077, 2001.<\/span><\/p>\n<p><span style=\"font-family: arial\">Cavadas PC. Directional versus acoustic doppler in preoperative mapping of perforator vessels. Plast Reconstr Surg. In press.<\/span><\/p>\n<p><span style=\"font-family: arial\">Cavadas PC, Teran PP. The combined latissimus dorsi-Thoracodorsal artery perforator flap: the razor flap. J Reconstr Microsurg. 18 :29-31, 2002.<\/span><\/p>\n<p><span style=\"font-family: arial\">Alvarez-Garijo JA, Cavadas P, Vila M, Fabregat J, Alvarez A. Craniopharyngioma in children. Surgical treatment by a transbasal anterior approach.. Chids Nerv Syst. 14:709-712, 1998.<\/span><\/p>\n<p><span style=\"font-family: arial\">Cavadas PC. Reversed osteocutaneous dorsoulnar thumb flap. Plast Reconstr Surg. In press.<\/span><\/p>\n<p><span style=\"font-family: arial\">Cavadas PC, Bakli\u00f1ska M, Soler S, Navarro A. Pedicled foot fillet flap based on the tibialis anterior vessels. Case report. J Reconstr Microsurg. 18:87-89, 2002.<\/span><\/p>\n<p><span style=\"font-family: arial\">Cavadas PC. Supramicrosurgical ear replantation. Case report. J Reconstr Microsurg. 18:393-395, 2002.<\/span><\/p>\n<p><span style=\"font-family: arial\">Cavadas PC. Reversed saphenous neurocutaneous island flap: Clinical experience. Evolution to the posterior tibial perforator-saphenous subcutaneous flap (PTP-SSF). Plast Reconstr Surg. In Press.<\/span><\/p>\n<p><span style=\"font-family: arial\">Cavadas PC, Raimondi P. Free fillet flap from the hand for elbow preservation in nonreplantable forearm amputations. J Reconstr Microsurg. In press.<\/span><\/p>\n<p><span style=\"font-family: arial\">Cavadas PC, Sanz-Jimenez-Rico JR, Landin L, Martinez-Soriano F. Segmental gracilis free flap based on secondary pedicles. Anatomocal study and clinical series. Plast Reconstr Surg. In Press.<\/span><\/p>\n<p><span style=\"font-family: arial\">Cavadas PC. Treatment of recalcitrant urethral structure in a female-to-male transsexual using a tubulized pedicle flap from the labia minora. Case report. J Reconstr Microsurg. In Press.<\/span><\/p>\n<p><span style=\"font-family: arial\">Cavadas PC, Sanz-Jimenez-Rico JR. Use of the extended-pedicle vastus lateralis free flap for lower extremity reconstruction. Plast Reonstr Surg. In Press.<\/span><\/p>\n<p><span style=\"font-family: arial\">Cavadas PC, Mir X. Single stage reconstruction of the flexor mechanism of the fingers with a free vascularized tendon flap. J Hand Surg. In Press.<\/span><\/p>\n<p><span style=\"font-family: arial\">Cavadas PC, Sanz-Jimenez-Rico, JR, Landin L, Correa J. Biceps femoris perforator free flap for upper extremity reconstruction. Anatomical study and clinical series. Plast Reconstr Surg. In Press.<\/span><\/p>\n<p>&nbsp;<\/p>\n<p>&nbsp;<\/p>\n","protected":false},"excerpt":{"rendered":"<p>&nbsp; Biograf\u00eda de Pedro Cavadas Pedro Cavadas Rodr\u00edguez es medico especialista en cirug\u00eda pl\u00e1stica reconstructiva y presidente de la Fundaci\u00f3n que lleva su nombre. Es el autor entre otras muchas cirug\u00edas, del primer trasplante bilateral de piernas que se realiza en el mundo y tambi\u00e9n del primero de cara en nuestro pa\u00eds. Nacido en noviembre [&hellip;]<\/p>\n","protected":false},"author":1933,"featured_media":0,"parent":0,"menu_order":2,"comment_status":"open","ping_status":"closed","template":"","meta":{"footnotes":""},"class_list":["post-212","page","type-page","status-publish","hentry"],"_links":{"self":[{"href":"https:\/\/blogs.ua.es\/pedrocavadas\/wp-json\/wp\/v2\/pages\/212","targetHints":{"allow":["GET"]}}],"collection":[{"href":"https:\/\/blogs.ua.es\/pedrocavadas\/wp-json\/wp\/v2\/pages"}],"about":[{"href":"https:\/\/blogs.ua.es\/pedrocavadas\/wp-json\/wp\/v2\/types\/page"}],"author":[{"embeddable":true,"href":"https:\/\/blogs.ua.es\/pedrocavadas\/wp-json\/wp\/v2\/users\/1933"}],"replies":[{"embeddable":true,"href":"https:\/\/blogs.ua.es\/pedrocavadas\/wp-json\/wp\/v2\/comments?post=212"}],"version-history":[{"count":16,"href":"https:\/\/blogs.ua.es\/pedrocavadas\/wp-json\/wp\/v2\/pages\/212\/revisions"}],"predecessor-version":[{"id":380,"href":"https:\/\/blogs.ua.es\/pedrocavadas\/wp-json\/wp\/v2\/pages\/212\/revisions\/380"}],"wp:attachment":[{"href":"https:\/\/blogs.ua.es\/pedrocavadas\/wp-json\/wp\/v2\/media?parent=212"}],"curies":[{"name":"wp","href":"https:\/\/api.w.org\/{rel}","templated":true}]}}