{"id":251,"date":"2013-01-25T09:25:35","date_gmt":"2013-01-25T09:25:35","guid":{"rendered":"https:\/\/blogs.ua.es\/pedrocavadas\/?page_id=251"},"modified":"2013-01-27T14:05:41","modified_gmt":"2013-01-27T14:05:41","slug":"valoracion","status":"publish","type":"page","link":"https:\/\/blogs.ua.es\/pedrocavadas\/valoracion\/","title":{"rendered":"Valoraci\u00f3n"},"content":{"rendered":"<p>&nbsp;<\/p>\n<p align=\"justify\"><span style=\"font-family: Arial, serif\">Para la realizaci\u00f3n de este blog hemos buscado en varias bibliotecas, pero no se nos ha presentado la posibilidad de encontrar publicaciones m\u00e9dicas en formato papel que hablaran del trabajo del doctor Cavadas. La respuesta a este enigma nos la ofrecieron en la Biblioteca de Medicina de la Universidad Miguel Hern\u00e1ndez: \u201cSe est\u00e1 digitalizando todo\u201d. Tampoco hemos podido acceder a la informaci\u00f3n de fondos bibliogr\u00e1ficos que tuvieran alg\u00fan tipo de monograf\u00eda especializada en el tema que nos ocupa y que estuviera en formato papel. <\/span><\/p>\n<p align=\"justify\"><span style=\"font-family: Arial, serif\">Ha sido en Internet donde hemos podido satisfacer las necesidades de la informaci\u00f3n tan concreta que necesit\u00e1bamos de una forma eficaz y en un tiempo corto. Gracias a la asignatura de Fuentes y Documentos para la Historia, sab\u00edamos con qu\u00e9 fuentes de informaci\u00f3n cont\u00e1bamos y tambi\u00e9n c\u00f3mo utilizarlas de una manera efectiva, pudiendo obtener resultados con rapidez.<\/span><\/p>\n<p align=\"justify\"><span style=\"font-family: Arial, serif\">Finalmente, donde hemos encontrado la informaci\u00f3n que nos interesaba ha sido en la base de datos MEDLINE, ya que \u00e9sta nos ofrec\u00eda la posibilidad de encontrar art\u00edculos a texto completo y de manera gratuita puesto que es una de las bases de datos a la que podemos acceder gratuitamente desde la Universidad de Alicante los alumnos. Otras, como SCIRUS, que es una base de datos que ofrece contenidos cient\u00edficos, s\u00f3lo nos permit\u00eda acceder al texto completo previo pago o suscripci\u00f3n.<\/span><\/p>\n<p align=\"justify\"><span style=\"font-family: Arial, serif\">En cuanto a la prensa digital, hemos hecho uso de las m\u00faltiples posibilidades que nos ofrece nuestra universidad, accediendo a los peri\u00f3dicos suscritos que son La Vanguardia, Informaci\u00f3n y El Pa\u00eds, aunque este \u00faltimo no estaba disponible en los d\u00edas que nosotros intentamos consultarlo.<\/span><\/p>\n<p align=\"justify\"><span style=\"font-family: Arial, serif\">Las ventajas que hemos encontrado en la red es que los art\u00edculos que nos interesaban presentaban unas ilustraciones a color con muy buena resoluci\u00f3n, que la informaci\u00f3n est\u00e1 disponible de forma constante con un simple acceso a Internet, que hemos accedido con suma facilidad a la b\u00fasqueda de contenidos, ya que los textos pueden buscarse mediante palabras clave y finalmente, que hemos podido tener acceso a algunos de los comentarios que suscitan los art\u00edculos.\u00a0<\/span>En definitiva, hemos aprovechado las ventajas que nos brindan las nuevas tecnolog\u00edas.<\/p>\n<p style=\"text-align: justify\"><span style=\"font-family: arial\">Por \u00faltimo, se\u00f1alar que tanto las referencias de los trabajos publicados por el doctor Pedro Cavadas que comentamos en este blog, como las publicaciones de diarios digitales que hemos introducido en nuestro trabajo se han realizado de acuerdo a la norma ISO-620-2010.<\/span><\/p>\n","protected":false},"excerpt":{"rendered":"<p>&nbsp; Para la realizaci\u00f3n de este blog hemos buscado en varias bibliotecas, pero no se nos ha presentado la posibilidad de encontrar publicaciones m\u00e9dicas en formato papel que hablaran del trabajo del doctor Cavadas. La respuesta a este enigma nos la ofrecieron en la Biblioteca de Medicina de la Universidad Miguel Hern\u00e1ndez: \u201cSe est\u00e1 digitalizando [&hellip;]<\/p>\n","protected":false},"author":3003,"featured_media":0,"parent":0,"menu_order":5,"comment_status":"open","ping_status":"open","template":"","meta":{"footnotes":""},"class_list":["post-251","page","type-page","status-publish","hentry"],"_links":{"self":[{"href":"https:\/\/blogs.ua.es\/pedrocavadas\/wp-json\/wp\/v2\/pages\/251","targetHints":{"allow":["GET"]}}],"collection":[{"href":"https:\/\/blogs.ua.es\/pedrocavadas\/wp-json\/wp\/v2\/pages"}],"about":[{"href":"https:\/\/blogs.ua.es\/pedrocavadas\/wp-json\/wp\/v2\/types\/page"}],"author":[{"embeddable":true,"href":"https:\/\/blogs.ua.es\/pedrocavadas\/wp-json\/wp\/v2\/users\/3003"}],"replies":[{"embeddable":true,"href":"https:\/\/blogs.ua.es\/pedrocavadas\/wp-json\/wp\/v2\/comments?post=251"}],"version-history":[{"count":13,"href":"https:\/\/blogs.ua.es\/pedrocavadas\/wp-json\/wp\/v2\/pages\/251\/revisions"}],"predecessor-version":[{"id":265,"href":"https:\/\/blogs.ua.es\/pedrocavadas\/wp-json\/wp\/v2\/pages\/251\/revisions\/265"}],"wp:attachment":[{"href":"https:\/\/blogs.ua.es\/pedrocavadas\/wp-json\/wp\/v2\/media?parent=251"}],"curies":[{"name":"wp","href":"https:\/\/api.w.org\/{rel}","templated":true}]}}