{"id":102,"date":"2012-01-14T22:30:05","date_gmt":"2012-01-14T22:30:05","guid":{"rendered":"https:\/\/blogs.ua.es\/peliculasdocumentalescontemporanea\/?page_id=102"},"modified":"2012-01-14T22:30:09","modified_gmt":"2012-01-14T22:30:09","slug":"tema-topic","status":"publish","type":"page","link":"https:\/\/blogs.ua.es\/peliculasdocumentalescontemporanea\/tema-topic\/","title":{"rendered":"Tema \/ Topic"},"content":{"rendered":"<p style=\"text-align: justify\">\u00a0\u00a0\u00a0\u00a0\u00a0 Como bien representa el t\u00edtulo del blog, la tem\u00e1tica de \u00e9ste trata sobre films y documentales que reflejan la etapa contempor\u00e1nea, centr\u00e1ndonos en un per\u00edodo concreto que abarca desde la Revoluci\u00f3n Francesa (1789) hasta los principios de la II Guerra Mundial (1939).<\/p>\n<p style=\"text-align: justify\"><a href=\"https:\/\/blogs.ua.es\/peliculasdocumentalescontemporanea\/files\/2012\/01\/revolucion-francesa1.jpg\"><img loading=\"lazy\" decoding=\"async\" class=\"alignnone size-full wp-image-131\" src=\"https:\/\/blogs.ua.es\/peliculasdocumentalescontemporanea\/files\/2012\/01\/revolucion-francesa1.jpg\" alt=\"Revoluci\u00f3n Francesa\" width=\"287\" height=\"266\" \/><\/a>\u00a0\u00a0\u00a0\u00a0 <a href=\"https:\/\/blogs.ua.es\/peliculasdocumentalescontemporanea\/files\/2012\/01\/0003478401.png\"><img loading=\"lazy\" decoding=\"async\" class=\"alignnone size-medium wp-image-132\" src=\"https:\/\/blogs.ua.es\/peliculasdocumentalescontemporanea\/files\/2012\/01\/0003478401-246x300.png\" alt=\"II Guerra Mundial\" width=\"246\" height=\"300\" srcset=\"https:\/\/blogs.ua.es\/peliculasdocumentalescontemporanea\/files\/2012\/01\/0003478401-246x300.png 246w, https:\/\/blogs.ua.es\/peliculasdocumentalescontemporanea\/files\/2012\/01\/0003478401.png 279w\" sizes=\"auto, (max-width: 246px) 100vw, 246px\" \/><\/a><\/p>\n<p style=\"text-align: justify\">\u00a0\u00a0\u00a0\u00a0\u00a0 Con esta materia a trabajar lo que pretendemos es reconciliar el concepto de \u201chistoria\u201d, no muy bien acogido por una parte del p\u00fablico, y \u00a0el de cine, uno de los referentes del ocio por excelencia y m\u00e1s bien reconocido como el S\u00e9ptimo Arte.<\/p>\n<p style=\"text-align: justify\">\u00a0\u00a0\u00a0\u00a0\u00a0\u00a0\u00a0\u00a0\u00a0\u00a0\u00a0\u00a0\u00a0\u00a0\u00a0\u00a0\u00a0\u00a0\u00a0\u00a0\u00a0\u00a0\u00a0\u00a0\u00a0\u00a0\u00a0\u00a0 \u00a0<a href=\"https:\/\/blogs.ua.es\/peliculasdocumentalescontemporanea\/files\/2012\/01\/cine-clasico11.jpg\"><img loading=\"lazy\" decoding=\"async\" class=\"alignnone size-medium wp-image-133\" src=\"https:\/\/blogs.ua.es\/peliculasdocumentalescontemporanea\/files\/2012\/01\/cine-clasico11-300x240.jpg\" alt=\"S\u00e9ptimo Arte\" width=\"300\" height=\"240\" srcset=\"https:\/\/blogs.ua.es\/peliculasdocumentalescontemporanea\/files\/2012\/01\/cine-clasico11-300x240.jpg 300w, https:\/\/blogs.ua.es\/peliculasdocumentalescontemporanea\/files\/2012\/01\/cine-clasico11-375x300.jpg 375w, https:\/\/blogs.ua.es\/peliculasdocumentalescontemporanea\/files\/2012\/01\/cine-clasico11.jpg 400w\" sizes=\"auto, (max-width: 300px) 100vw, 300px\" \/><\/a><\/p>\n<p style=\"text-align: justify\">\u00a0\u00a0\u00a0\u00a0\u00a0 Hay que tener en cuenta las grandes aportaciones que hace la historia en numerosas pel\u00edculas que acaban convirti\u00e9ndose en \u00e9xitos gracias, en parte, a su contexto y en parte al relato, pues sin un marco de fondo todo quedar\u00eda desenlazado e inconexo. \u00a0Es decir, las pel\u00edculas hist\u00f3ricas o ambientadas en un marco hist\u00f3rico van desde simples recreaciones cinematogr\u00e1ficas de la biograf\u00eda de alg\u00fan personaje hist\u00f3rico, a adaptaciones de obras literarias (novelas\u2026).<\/p>\n<p style=\"text-align: justify\">\u00a0\u00a0\u00a0\u00a0\u00a0\u00a0De este modo deseamos obsequiar con un nuevo punto de vista -apoyado en el S\u00e9ptimo Arte-\u00a0sobre la historia a aquellos cin\u00e9filos y a los que no lo son tambi\u00e9n, dando a entender que cualquier contexto hist\u00f3rico puede ser un perfecto escenario o un simple marco de ambientaci\u00f3n a un relato o argumento cualquiera de tem\u00e1ticas diversas como las de aventuras, de suspense, de amor, de tragedia\u2026O por el contrario hacen de la historia la narraci\u00f3n central de un acontecimiento hist\u00f3rico de mayor o menor importancia. Es por ello que el cine que elige la historia como contexto al argumento o como protagonista\u00a0 puede (o no) ganar un inmenso valor como recurso divulgativo o did\u00e1ctico para comprender la \u00e9poca ilustrada en sus im\u00e1genes, en cualquier caso tiene muchas probabilidades de ser as\u00ed.<\/p>\n<p style=\"text-align: justify\">\u00a0\u00a0\u00a0\u00a0\u00a0 Tambi\u00e9n hay que tener en cuenta la aportaci\u00f3n que se hace con los documentales, reforzando as\u00ed la imagen de la historia contempor\u00e1nea en la actualidad desde otras perspectivas y teniendo en el foco del objetivo diferentes espacios geogr\u00e1ficos para abarcar una imagen m\u00e1s global de lo sucedido en el planeta que habitamos durante el espacio temporal indicado anteriormente.<\/p>\n<p>&#8212;<\/p>\n<p style=\"text-align: justify\">\u00a0\u00a0\u00a0\u00a0\u00a0\u00a0Since good represents the title of the blog, the subject matter of this one treats on films and documentaries that reflect the contemporary stage, centring in a concrete period that it includes from the French Revolution (1789) until the beginning of the World War II (1939).<\/p>\n<p style=\"text-align: justify\"><a href=\"https:\/\/blogs.ua.es\/peliculasdocumentalescontemporanea\/files\/2012\/01\/revolucion-francesa1.jpg\"><img loading=\"lazy\" decoding=\"async\" class=\"alignnone size-full wp-image-131\" src=\"https:\/\/blogs.ua.es\/peliculasdocumentalescontemporanea\/files\/2012\/01\/revolucion-francesa1.jpg\" alt=\"Revoluci\u00f3n Francesa\" width=\"287\" height=\"266\" \/><\/a>\u00a0\u00a0\u00a0\u00a0 <a href=\"https:\/\/blogs.ua.es\/peliculasdocumentalescontemporanea\/files\/2012\/01\/0003478401.png\"><img loading=\"lazy\" decoding=\"async\" class=\"alignnone size-medium wp-image-132\" src=\"https:\/\/blogs.ua.es\/peliculasdocumentalescontemporanea\/files\/2012\/01\/0003478401-246x300.png\" alt=\"II Guerra Mundial\" width=\"246\" height=\"300\" srcset=\"https:\/\/blogs.ua.es\/peliculasdocumentalescontemporanea\/files\/2012\/01\/0003478401-246x300.png 246w, https:\/\/blogs.ua.es\/peliculasdocumentalescontemporanea\/files\/2012\/01\/0003478401.png 279w\" sizes=\"auto, (max-width: 246px) 100vw, 246px\" \/><\/a><\/p>\n<p style=\"text-align: justify\"><span style=\"font-family: Times New Roman;color: #000000;font-size: small\">\u00a0\u00a0\u00a0\u00a0\u00a0\u00a0\u00a0 <\/span>With this matter to working what we claim is to reconcile the concept of &#8220;history&#8221;, not very well received on one hand of the public, and that of cinema, one of the modals of the leisure excellent and rather recognized as the Seventh Art.<\/p>\n<p style=\"text-align: justify\">\u00a0\u00a0\u00a0\u00a0\u00a0\u00a0\u00a0\u00a0\u00a0\u00a0\u00a0\u00a0\u00a0\u00a0\u00a0\u00a0\u00a0\u00a0\u00a0\u00a0\u00a0\u00a0\u00a0\u00a0\u00a0\u00a0\u00a0\u00a0\u00a0\u00a0 <a href=\"https:\/\/blogs.ua.es\/peliculasdocumentalescontemporanea\/files\/2012\/01\/cine-clasico11.jpg\"><img loading=\"lazy\" decoding=\"async\" class=\"alignnone size-medium wp-image-133\" src=\"https:\/\/blogs.ua.es\/peliculasdocumentalescontemporanea\/files\/2012\/01\/cine-clasico11-300x240.jpg\" alt=\"S\u00e9ptimo Arte\" width=\"300\" height=\"240\" srcset=\"https:\/\/blogs.ua.es\/peliculasdocumentalescontemporanea\/files\/2012\/01\/cine-clasico11-300x240.jpg 300w, https:\/\/blogs.ua.es\/peliculasdocumentalescontemporanea\/files\/2012\/01\/cine-clasico11-375x300.jpg 375w, https:\/\/blogs.ua.es\/peliculasdocumentalescontemporanea\/files\/2012\/01\/cine-clasico11.jpg 400w\" sizes=\"auto, (max-width: 300px) 100vw, 300px\" \/><\/a><\/p>\n<p style=\"text-align: justify\">\u00a0\u00a0\u00a0\u00a0\u00a0\u00a0It is necessary to bear in mind the big contributions that the history does in numerous movies that finish turning into successes thank you, partly, to his context and partly to the statement, since without a frame of bottom everything would remain unravelled and unconnected. That is to say, the movies historical or set in a historical frame go from simple cinematographic recreations of the biography of some historical personage, to adjustments of literary works (novels \u2026).<\/p>\n<p style=\"text-align: justify\"><span style=\"font-family: Times New Roman;color: #000000;font-size: small\">\u00a0\u00a0\u00a0\u00a0\u00a0\u00a0\u00a0 <\/span>Thus we want to give a new point of view &#8211; supported on the Seventh Art &#8211; on the history those movie fans and to those who it are not also, giving to understand that any historical context can be a perfect scene or a simple frame of setting to a statement or I argue any of diverse subject matters as those of adventures, of suspense, of love, of tragedy \u2026 Or on the contrary they do of the history the central story of a historical event of major or minor importance. It is for it that the cinema that chooses the history as context to the argument or as protagonist it can (or not) to gain an immense value as divulgative or didactic resource to understand the epoch illustrated in his images, in any case has a lot of probabilities of being like that.<\/p>\n<p style=\"text-align: justify\">\u00a0\u00a0\u00a0\u00a0\u00a0\u00a0\u00a0\u00a0\u00a0Also it is necessary to bear in mind the contribution that is done by the documentaries, reinforcing this way the image of the contemporary history at present from other perspectives and having in the area of the aim different geographical spaces to include a more global image of the happened in the planet that we live during the temporary space indicated previously.<\/p>\n<p style=\"text-align: justify\">\n","protected":false},"excerpt":{"rendered":"<p>\u00a0\u00a0\u00a0\u00a0\u00a0 Como bien representa el t\u00edtulo del blog, la tem\u00e1tica de \u00e9ste trata sobre films y documentales que reflejan la etapa contempor\u00e1nea, centr\u00e1ndonos en un per\u00edodo concreto que abarca desde la Revoluci\u00f3n Francesa (1789) hasta los principios de la II &hellip; <a href=\"https:\/\/blogs.ua.es\/peliculasdocumentalescontemporanea\/tema-topic\/\">Continue reading <span class=\"meta-nav\">&rarr;<\/span><\/a><\/p>\n","protected":false},"author":2430,"featured_media":0,"parent":0,"menu_order":0,"comment_status":"open","ping_status":"open","template":"","meta":{"footnotes":""},"class_list":["post-102","page","type-page","status-publish","hentry"],"_links":{"self":[{"href":"https:\/\/blogs.ua.es\/peliculasdocumentalescontemporanea\/wp-json\/wp\/v2\/pages\/102","targetHints":{"allow":["GET"]}}],"collection":[{"href":"https:\/\/blogs.ua.es\/peliculasdocumentalescontemporanea\/wp-json\/wp\/v2\/pages"}],"about":[{"href":"https:\/\/blogs.ua.es\/peliculasdocumentalescontemporanea\/wp-json\/wp\/v2\/types\/page"}],"author":[{"embeddable":true,"href":"https:\/\/blogs.ua.es\/peliculasdocumentalescontemporanea\/wp-json\/wp\/v2\/users\/2430"}],"replies":[{"embeddable":true,"href":"https:\/\/blogs.ua.es\/peliculasdocumentalescontemporanea\/wp-json\/wp\/v2\/comments?post=102"}],"version-history":[{"count":8,"href":"https:\/\/blogs.ua.es\/peliculasdocumentalescontemporanea\/wp-json\/wp\/v2\/pages\/102\/revisions"}],"predecessor-version":[{"id":139,"href":"https:\/\/blogs.ua.es\/peliculasdocumentalescontemporanea\/wp-json\/wp\/v2\/pages\/102\/revisions\/139"}],"wp:attachment":[{"href":"https:\/\/blogs.ua.es\/peliculasdocumentalescontemporanea\/wp-json\/wp\/v2\/media?parent=102"}],"curies":[{"name":"wp","href":"https:\/\/api.w.org\/{rel}","templated":true}]}}