{"id":136,"date":"2012-01-14T18:13:13","date_gmt":"2012-01-14T18:13:13","guid":{"rendered":"https:\/\/blogs.ua.es\/peliculasdocumentalescontemporanea\/?page_id=136"},"modified":"2012-01-14T18:13:13","modified_gmt":"2012-01-14T18:13:13","slug":"presentacion-presentation","status":"publish","type":"page","link":"https:\/\/blogs.ua.es\/peliculasdocumentalescontemporanea\/presentacion-presentation\/","title":{"rendered":"Presentaci\u00f3n \/ Presentation"},"content":{"rendered":"<p style=\"text-align: justify\">\u00a0\u00a0\u00a0\u00a0 Cin\u00e9matographie Contemporaine es un blog creado para acercar de una forma diferente la historia contempor\u00e1nea, bas\u00e1ndose en una reflexi\u00f3n cr\u00edtica sobre pel\u00edculas y documentales que tratan dicho per\u00edodo -ten\u00edendo como l\u00edmite el inicio de la II Guerra Mundial-, a la vez, que pretende hacer disfrutar a los cin\u00e9filos con grandes cl\u00e1sicos de la historia del cine, ya que \u00e9ste y la historia siguen\u00a0sendas paralelas.<\/p>\n<p style=\"text-align: justify\">\u00a0\u00a0\u00a0\u00a0\u00a0\u00a0Se trata de un blog que nace en noviembre de 2011 de la mano de Irene Amor\u00f3s y Patricia Rosell, alumnas de la <a title=\"Universidad de Alicante\" href=\"http:\/\/www.ua.es\" target=\"_blank\">Universidad de Alicante<\/a>, tras embarcarse en el proyecto que forma parte del curso Fuentes y Documentos para la Historia del primer a\u00f1o del grado de Historia.<\/p>\n<p style=\"text-align: justify\">&#8212;<\/p>\n<p style=\"text-align: justify\">\u00a0\u00a0\u00a0\u00a0\u00a0\u00a0 Cin\u00e9matographie Contemporaine is a blog make it for to bring over of different way the contemporary history,\u00a0being based\u00a0the critic reflection about films and documentals that treat this period -having\u00a0as limit the beginning of II World War-, at the same time, it\u00a0tries to make\u00a0enjoy to\u00a0movie fans with the big classic ones\u00a0of the cinema, because this one\u00a0and it tells the history of they follow parallel paths.<\/p>\n<p style=\"text-align: justify\">\u00a0\u00a0\u00a0\u00a0\u00a0\u00a0\u00a0It treats itself of a blog that it is born in November of 2011 of the hand of Irene Amor\u00f3s and Patricia Rosell,\u00a0pupils of <a title=\"Universidad de Alicante\" href=\"http:\/\/www.ua.es\" target=\"_blank\">Universidad de Alicante<\/a>, after\u00a0embarking in\u00a0the proyect that is a part of the course Fuentes y Documentos para la Historia of the\u00a0first year\u00a0of the degree of History.<\/p>\n","protected":false},"excerpt":{"rendered":"<p>\u00a0\u00a0\u00a0\u00a0 Cin\u00e9matographie Contemporaine es un blog creado para acercar de una forma diferente la historia contempor\u00e1nea, bas\u00e1ndose en una reflexi\u00f3n cr\u00edtica sobre pel\u00edculas y documentales que tratan dicho per\u00edodo -ten\u00edendo como l\u00edmite el inicio de la II Guerra Mundial-, a &hellip; <a href=\"https:\/\/blogs.ua.es\/peliculasdocumentalescontemporanea\/presentacion-presentation\/\">Continue reading <span class=\"meta-nav\">&rarr;<\/span><\/a><\/p>\n","protected":false},"author":2450,"featured_media":0,"parent":0,"menu_order":0,"comment_status":"open","ping_status":"open","template":"","meta":{"footnotes":""},"class_list":["post-136","page","type-page","status-publish","hentry"],"_links":{"self":[{"href":"https:\/\/blogs.ua.es\/peliculasdocumentalescontemporanea\/wp-json\/wp\/v2\/pages\/136","targetHints":{"allow":["GET"]}}],"collection":[{"href":"https:\/\/blogs.ua.es\/peliculasdocumentalescontemporanea\/wp-json\/wp\/v2\/pages"}],"about":[{"href":"https:\/\/blogs.ua.es\/peliculasdocumentalescontemporanea\/wp-json\/wp\/v2\/types\/page"}],"author":[{"embeddable":true,"href":"https:\/\/blogs.ua.es\/peliculasdocumentalescontemporanea\/wp-json\/wp\/v2\/users\/2450"}],"replies":[{"embeddable":true,"href":"https:\/\/blogs.ua.es\/peliculasdocumentalescontemporanea\/wp-json\/wp\/v2\/comments?post=136"}],"version-history":[{"count":1,"href":"https:\/\/blogs.ua.es\/peliculasdocumentalescontemporanea\/wp-json\/wp\/v2\/pages\/136\/revisions"}],"predecessor-version":[{"id":137,"href":"https:\/\/blogs.ua.es\/peliculasdocumentalescontemporanea\/wp-json\/wp\/v2\/pages\/136\/revisions\/137"}],"wp:attachment":[{"href":"https:\/\/blogs.ua.es\/peliculasdocumentalescontemporanea\/wp-json\/wp\/v2\/media?parent=136"}],"curies":[{"name":"wp","href":"https:\/\/api.w.org\/{rel}","templated":true}]}}