{"id":195,"date":"2012-01-17T19:53:35","date_gmt":"2012-01-17T19:53:35","guid":{"rendered":"https:\/\/blogs.ua.es\/peliculasdocumentalescontemporanea\/?page_id=195"},"modified":"2012-01-18T15:18:26","modified_gmt":"2012-01-18T15:18:26","slug":"metodologia","status":"publish","type":"page","link":"https:\/\/blogs.ua.es\/peliculasdocumentalescontemporanea\/metodologia\/","title":{"rendered":"Metodolog\u00eda \/ Methodology"},"content":{"rendered":"<p style=\"text-align: justify\">\u00a0\u00a0\u00a0\u00a0 Este blog que empez\u00f3 como un proyecto de trabajo para la asignatura de Fuentes y Documentos para la Historia del primer a\u00f1o del grado en Historia, ha terminado por convertirse en una intensa y apasionada investigaci\u00f3n no s\u00f3lo acerca del \u00e1mbito cineasta, sino tambi\u00e9n del contexto hist\u00f3rico y de elementos que envuelven todas las pel\u00edculas y documentales citados en nuestro blog, que nos han permitido ampliar nuestros conocimientos hist\u00f3ricos con detalles a los que quiz\u00e1s, no se les da demasiada importancia en el ambiente educativo.<\/p>\n<p style=\"text-align: justify\">\u00a0\u00a0\u00a0\u00a0 Es por tanto, que este trabajo de investigaci\u00f3n se ha realizado con la seriedad que corresponde y ha requerido de todo un plan de trabajo que se ha convertido en una metodolog\u00eda que a continuaci\u00f3n vamos a ofrecer:<\/p>\n<p style=\"text-align: justify\">\u00a0\u00a0\u00a0\u00a0 No se puede empezar ning\u00fan proyecto sin un tema del cual tratar, es por ello, que en primer lugar, acudimos a la elecci\u00f3n de la tem\u00e1tica para el blog, haciendo una selecci\u00f3n entre diversas propuestas y escogiendo aquella que consideramos que m\u00e1s se ajustaba a nuestras preferencias y por lo tanto, m\u00e1s f\u00e1cil y c\u00f3modo nos iba a resultar de tratar, permiti\u00e9ndonos trabajar con una buena disposici\u00f3n, entre otras cosas, por poseer ya algunos conocimientos b\u00e1sicos de cine.<\/p>\n<p style=\"text-align: justify\">\u00a0\u00a0\u00a0\u00a0 A continuaci\u00f3n, nos dividimos el trabajo con el objetivo de trabajar con m\u00e1s rapidez y eficiencia al poder profundizar m\u00e1s en cada pel\u00edcula o documental que escog\u00edamos.<\/p>\n<p style=\"text-align: justify\">\u00a0\u00a0\u00a0\u00a0 Lo siguiente, fue embarcarnos en una intensa b\u00fasqueda de material sobre el que hablar en el blog. Buscamos en libros y webs especializados o gen\u00e9ricos de tema cin\u00e9filo, preferiblemente, aquellas pel\u00edculas y documentales que se ajustaban a nuestra delimitaci\u00f3n temporal en la historia, la mayor\u00eda de ellas de las cuales hemos sido espectadoras.<\/p>\n<p style=\"text-align: justify\">\u00a0\u00a0\u00a0 Una vez elaboramos nuestras respectivas listas, nos concentramos de forma espec\u00edfica en una pel\u00edcula o documental, sirvi\u00e9ndonos como fuentes de informaci\u00f3n p\u00e1ginas webs, blogs, revistas, art\u00edculos y libros, que previamente hab\u00edan sido recopilados en una b\u00fasqueda, la mayor\u00eda de ellos especializados en el cine, que inclu\u00edan cr\u00edticas de las pel\u00edculas, curiosidades, nominaciones de premios etc, adem\u00e1s de facilitarnos tr\u00e1ilers, fotograf\u00edas, carteles y v\u00eddeos-resumen.<\/p>\n<p style=\"text-align: justify\">\u00a0\u00a0\u00a0 La informaci\u00f3n ha sido extra\u00edda de las diversas fuentes tras pasar una selecci\u00f3n entre los mejores datos y han sido contrastados. Seguidamente y tras asimilar el contenido hemos redactado los argumentos, el contexto hist\u00f3rico, las cr\u00edticas, aportando detalles y curiosidades acerca de los directores y los actores y de la elaboraci\u00f3n de sus trabajos.<\/p>\n<p style=\"text-align: justify\">\u00a0\u00a0\u00a0\u00a0Para complementar la tarea de redacci\u00f3n hemos a\u00f1adido o bien el cartel cinematogr\u00e1fico utilizado como elemento publicitario y visual para llamar la atenci\u00f3n del p\u00fablico y en algunos casos, el tr\u00e1iler o v\u00eddeos de alguna escena en concreto perteneciente al film o documental tratado.<\/p>\n<p style=\"text-align: justify\">\u00a0\u00a0\u00a0 Una de las caracter\u00edsticas de nuestro blog, ha sido la intenci\u00f3n que hemos tenido de facilitar la informaci\u00f3n a un p\u00fablico m\u00e1s amplio, y m\u00e1s, trat\u00e1ndose de la red. Por lo tanto, hemos convenido necesario ante este marco hacer la traducci\u00f3n al ingl\u00e9s de nuestras p\u00e1ginas. Las cuales tambi\u00e9n nos repartimos y pusimos en contraste cuando las tuvimos redactadas, siendo cr\u00edticas la una con la otra al repasarlas y poner en valor el contenido, a\u00f1adiendo y corrigiendo aquello que consider\u00e1bamos conveniente.<\/p>\n<p style=\"text-align: justify\">\u00a0\u00a0\u00a0 La est\u00e9tica del blog tambi\u00e9n es importante, es por ello, que se le ha dedicado un tiempo a elegir la plantilla, organizar toda la informaci\u00f3n de forma que resulte clara y atractiva, y a seleccionar una o varias im\u00e1genes de cabecera y de fondo que representasen mejor la esencia del tema del cual trata este blog.<\/p>\n<p style=\"text-align: justify\">\u00a0\u00a0\u00a0\u00a0 Ahora, haremos \u00a0alusi\u00f3n a las referencias citadas, creando las bibliograf\u00edas seg\u00fan la norma ISO. Para ello, hemos utilizado las plantillas facilitadas en los apuntes por nuestro profesor de la UA Antonio Carrasco.<\/p>\n<p style=\"text-align: justify\">\u00a0\u00a0\u00a0\u00a0 Para la bibliograf\u00eda de una pel\u00edcula hemos utilizado esta plantilla:<\/p>\n<p style=\"text-align: justify\"><em>\u00a0\u201cT\u00edtulo de la pel\u00edcula<\/em> [Pel\u00edcula]. Dirigida por Nombre APELLIDOS. Pa\u00eds: Productora, a\u00f1o. Lugar: distribuida en Espa\u00f1a por&#8230;\u201d<\/p>\n<p style=\"text-align: justify\">\u00a0\u00a0\u00a0 Para la bibliograf\u00eda de un documental o programa de emisi\u00f3n de TV:<\/p>\n<p style=\"text-align: justify\">\u00a0\u201c<em>Titulo.<\/em><em> <\/em>Nombre de la cadena de televisi\u00f3n, fecha.\u201d<\/p>\n<p style=\"text-align: justify\">\u00a0\u00a0\u00a0\u00a0 Para la bibliograf\u00eda de un sitio web sin autor o con autor respectivamente:<\/p>\n<p style=\"text-align: justify\">\u00a0\u201c<em>T\u00edtulo de la web<\/em>. Editor, a\u00f1o [consulta: fecha de consulta]. Disponible en: http:\/\/\u201d<\/p>\n<p style=\"text-align: justify\">\u00a0\u201cAPELLIDOS, Nombre. T\u00edtulo de la p\u00e1gina o la parte. En: <em>T\u00edtulo del sitio web<\/em> [en l\u00ednea]. Fecha y hora de edici\u00f3n [consulta: fecha y hora de consulta]. Disponible en: http:\/\/\u201d<\/p>\n<p style=\"text-align: justify\">\u00a0\u00a0\u00a0\u00a0\u00a0 Por \u00faltimo, se han subido las entradas a vista del p\u00fablico, el cual esperamos pueda disfrutar del trabajo realizado, si\u00e9ndole de alguna utilidad y apreciando el contenido del blog, al cual tanta ilusi\u00f3n y esfuerzo hemos dedicado.<\/p>\n<p style=\"text-align: justify\">&#8212;<\/p>\n<p style=\"text-align: justify\">\u00a0\u00a0\u00a0\u00a0\u00a0\u00a0\u00a0 This blog that it began as a project of work for the subject of Sources and Documents for the History of the first year of the degree in History, has ended for turning into an intense and passionate investigation not only filmmaker brings over of the area, but also of the historical context and of elements that wrap all the movies and documentaries mentioned in our blog, which have allowed us to extend our historical knowledge with detail to which probably, too much importance is not given in the educational environment.<\/p>\n<p style=\"text-align: justify\">\u00a0\u00a0\u00a0\u00a0\u00a0\u00a0\u00a0\u00a0 It is therefore, that this work of investigation has realized with the seriousness that it corresponds and has needed of the whole plan of work that it has turned into a methodology that later we are going to offer:<\/p>\n<p style=\"text-align: justify\">\u00a0\u00a0\u00a0\u00a0\u00a0\u00a0\u00a0\u00a0 It is not possible to begin any project without a topic of which to treat, it is for it, that first, we come to the choice of the subject matter for the blog, doing a selection between diverse offers and choosing that one that we think that more it was adjusting to our preferences and easier and comfortable it was going to prove to treat us, permitting to work with a good disposition, among other things, for possessing already some basic knowledge of cinema.<\/p>\n<p style=\"text-align: justify\">\u00a0\u00a0\u00a0\u00a0\u00a0\u00a0\u00a0 Later, we divide the work with the aim to work with more rapidity and efficiency to it be able to penetrate more into every movie or documentary that we were choosing.<\/p>\n<p style=\"text-align: justify\">\u00a0\u00a0\u00a0\u00a0\u00a0\u00a0 The following thing, it was to embark in an intense search of material on which to speak in the blog. We look in books and specialized or generic webs of topic movie fan, preferably, for those movies and documentaries that were adjusting to our temporary delimiting in the history, the majority of they of which we have been spectators.<\/p>\n<p style=\"text-align: justify\">\u00a0\u00a0\u00a0\u00a0\u00a0 Once we elaborate our respective lists, center of specific form in a movie or documentary, serving us as sources of information pages webs, blogs, magazines, articles and books, which before had been compiled in a search, the majority of they specialized in the cinema, which there were including critiques of the movies, curiosities, nominations of prizes etc, beside facilitating to us trailers, photographies, cartels and videos &#8211; summaries.<\/p>\n<p style=\"text-align: justify\">\u00a0\u00a0\u00a0\u00a0\u00a0 The information has been extracted from the diverse sources after a selection spending among the best information and they have been confirmed. Immediately afterwards and after assimilating the content we have written the arguments, the historical context, the critiques, contributing details and curiosities it brings over of the directors and the actors and of the production of his works.<\/p>\n<p style=\"text-align: justify\">\u00a0\u00a0\u00a0\u00a0\u00a0\u00a0\u00a0 To complement the task of draft we have added or the cinematographic cartel used as advertising and visual element to call the attention of the public and in some cases, the trailer or videos of some scene in I make concrete belonging to the film or treated documentary.<\/p>\n<p style=\"text-align: justify\">\u00a0\u00a0\u00a0\u00a0\u00a0\u00a0 One of the characteristics of our blog, has been the intention that we have had of facilitating the information to a more wide public, and more, treating itself about the network. Therefore, we have been convenient necessarily before this frame to do the translation to the English of our pages. This pages also we distribute and put in contrast when we had them written, being critical the one with other one on the content having revised and to put them in value, adding and correcting that one that we were considering to be suitable.<\/p>\n<p style=\"text-align: justify\">\u00a0\u00a0\u00a0\u00a0\u00a0\u00a0 The aesthetic of the blog also are important, are for it, which one has dedicated a time to choose the insole, to organize all the information so that it turns out to be clear and attractive, and to selecting one or several images of head-board and of bottom that were representing better the essence of the topic of which it treats this blog.<\/p>\n<p style=\"text-align: justify\">\u00a0\u00a0\u00a0\u00a0\u00a0\u00a0 Now, we will do allusion to the mentioned references, creating the bibliographies according to the ISO norm. For it, we have used the insoles facilitated in the notes by our teacher of the UA Antonio Carrasco.<\/p>\n<p style=\"text-align: justify\">\u00a0\u00a0\u00a0\u00a0\u00a0\u00a0 For the bibliography of a movie we have used this insole:<\/p>\n<p style=\"text-align: justify\">\u00a0&#8220;<em>Title of the movie<\/em> [Movie]. Directed by Name SURNAMES. Country: Producer, year. Place: distributed in Spain for&#8230;&#8221;<\/p>\n<p style=\"text-align: justify\">\u00a0\u00a0\u00a0\u00a0\u00a0\u00a0 For the bibliography of a documentary or program of TV&#8217;s emission:<\/p>\n<p style=\"text-align: justify\">\u00a0&#8220;<em>Title<\/em>. Name of the television channel, date.&#8221;<\/p>\n<p style=\"text-align: justify\">\u00a0\u00a0\u00a0\u00a0\u00a0\u00a0 For the bibliography of a web site without author or with author respectively:<\/p>\n<p style=\"text-align: justify\">\u00a0&#8220;<em>Title of the web<\/em>. Publisher, year [it consults: date of consultation]. Available in: http: \/\/&#8221;<\/p>\n<p style=\"text-align: justify\">\u00a0&#8220;SURNAMES, Name. Title of the page or the part. In: <em>Title of the web site<\/em> [on line]. Date and hour of edition [it consults: date and hour of consultation]. Available in: http: \/\/&#8221;<\/p>\n<p style=\"text-align: justify\">\u00a0\u00a0\u00a0\u00a0\u00a0\u00a0\u00a0 Finally, the income have been raised in view of the public, who we wait could enjoy the realized work, him being of some usefulness and estimating the content of the blog, to which so much illusion and effort we have dedicated.<\/p>\n<p style=\"text-align: justify\">\u00a0<\/p>\n<p style=\"text-align: justify\">\u00a0<\/p>\n","protected":false},"excerpt":{"rendered":"<p>\u00a0\u00a0\u00a0\u00a0 Este blog que empez\u00f3 como un proyecto de trabajo para la asignatura de Fuentes y Documentos para la Historia del primer a\u00f1o del grado en Historia, ha terminado por convertirse en una intensa y apasionada investigaci\u00f3n no s\u00f3lo acerca &hellip; <a href=\"https:\/\/blogs.ua.es\/peliculasdocumentalescontemporanea\/metodologia\/\">Continue reading <span class=\"meta-nav\">&rarr;<\/span><\/a><\/p>\n","protected":false},"author":2430,"featured_media":0,"parent":0,"menu_order":0,"comment_status":"open","ping_status":"open","template":"","meta":{"footnotes":""},"class_list":["post-195","page","type-page","status-publish","hentry"],"_links":{"self":[{"href":"https:\/\/blogs.ua.es\/peliculasdocumentalescontemporanea\/wp-json\/wp\/v2\/pages\/195","targetHints":{"allow":["GET"]}}],"collection":[{"href":"https:\/\/blogs.ua.es\/peliculasdocumentalescontemporanea\/wp-json\/wp\/v2\/pages"}],"about":[{"href":"https:\/\/blogs.ua.es\/peliculasdocumentalescontemporanea\/wp-json\/wp\/v2\/types\/page"}],"author":[{"embeddable":true,"href":"https:\/\/blogs.ua.es\/peliculasdocumentalescontemporanea\/wp-json\/wp\/v2\/users\/2430"}],"replies":[{"embeddable":true,"href":"https:\/\/blogs.ua.es\/peliculasdocumentalescontemporanea\/wp-json\/wp\/v2\/comments?post=195"}],"version-history":[{"count":7,"href":"https:\/\/blogs.ua.es\/peliculasdocumentalescontemporanea\/wp-json\/wp\/v2\/pages\/195\/revisions"}],"predecessor-version":[{"id":210,"href":"https:\/\/blogs.ua.es\/peliculasdocumentalescontemporanea\/wp-json\/wp\/v2\/pages\/195\/revisions\/210"}],"wp:attachment":[{"href":"https:\/\/blogs.ua.es\/peliculasdocumentalescontemporanea\/wp-json\/wp\/v2\/media?parent=195"}],"curies":[{"name":"wp","href":"https:\/\/api.w.org\/{rel}","templated":true}]}}