{"id":14,"date":"2011-12-02T09:33:21","date_gmt":"2011-12-02T09:33:21","guid":{"rendered":"https:\/\/blogs.ua.es\/peliculashistoriamoderna\/?page_id=14"},"modified":"2011-12-02T09:35:13","modified_gmt":"2011-12-02T09:35:13","slug":"las-mejores-peliculas-de-historia-moderna","status":"publish","type":"page","link":"https:\/\/blogs.ua.es\/peliculashistoriamoderna\/las-mejores-peliculas-de-historia-moderna\/","title":{"rendered":"Las mejores pel\u00edculas de historia moderna."},"content":{"rendered":"<p>Bajo nuestra humilde opini\u00f3n vamos a listar un serie de pel\u00edculas:<\/p>\n","protected":false},"excerpt":{"rendered":"<p>Bajo nuestra humilde opini\u00f3n vamos a listar un serie de pel\u00edculas:<\/p>\n","protected":false},"author":2431,"featured_media":0,"parent":0,"menu_order":3,"comment_status":"open","ping_status":"open","template":"","meta":{"footnotes":""},"class_list":["post-14","page","type-page","status-publish","hentry"],"_links":{"self":[{"href":"https:\/\/blogs.ua.es\/peliculashistoriamoderna\/wp-json\/wp\/v2\/pages\/14","targetHints":{"allow":["GET"]}}],"collection":[{"href":"https:\/\/blogs.ua.es\/peliculashistoriamoderna\/wp-json\/wp\/v2\/pages"}],"about":[{"href":"https:\/\/blogs.ua.es\/peliculashistoriamoderna\/wp-json\/wp\/v2\/types\/page"}],"author":[{"embeddable":true,"href":"https:\/\/blogs.ua.es\/peliculashistoriamoderna\/wp-json\/wp\/v2\/users\/2431"}],"replies":[{"embeddable":true,"href":"https:\/\/blogs.ua.es\/peliculashistoriamoderna\/wp-json\/wp\/v2\/comments?post=14"}],"version-history":[{"count":3,"href":"https:\/\/blogs.ua.es\/peliculashistoriamoderna\/wp-json\/wp\/v2\/pages\/14\/revisions"}],"predecessor-version":[{"id":16,"href":"https:\/\/blogs.ua.es\/peliculashistoriamoderna\/wp-json\/wp\/v2\/pages\/14\/revisions\/16"}],"wp:attachment":[{"href":"https:\/\/blogs.ua.es\/peliculashistoriamoderna\/wp-json\/wp\/v2\/media?parent=14"}],"curies":[{"name":"wp","href":"https:\/\/api.w.org\/{rel}","templated":true}]}}