{"id":28,"date":"2011-12-22T09:40:38","date_gmt":"2011-12-22T09:40:38","guid":{"rendered":"https:\/\/blogs.ua.es\/peliculashistoriamoderna\/?page_id=28"},"modified":"2011-12-22T09:42:13","modified_gmt":"2011-12-22T09:42:13","slug":"presentacion","status":"publish","type":"page","link":"https:\/\/blogs.ua.es\/peliculashistoriamoderna\/presentacion\/","title":{"rendered":"Presentaci\u00f3n"},"content":{"rendered":"<p>El presente blog ha sido creado por Carlos Alcaraz Garc\u00eda y \u00c1ngel Cilveti Sola, que somos estudiantes de la<a href=\"http:\/\/www.ua.es\"> Universidad de Alicante<\/a>, cursando el primer a\u00f1o\u00a0 grado de historia.<\/p>\n<p>El tema que hemos elegido para la asignatura de Fuentes y Documentos para la historia es: &#8220;Pel\u00edculas y documentales sobre historia moderna&#8221;.<\/p>\n<p>Esperamos que os sea de mucha utilidad, ya que consideramos que es un tema muy interesante y ameno para los amantes de la historia y del cine.<\/p>\n<p>Por lo dem\u00e1s solo nos queda deciros que estas invitados a visitar este fantastico blog y esperamos buenos y cordiales comentarios de todos vosotros.<\/p>\n<p>Un saludo.<\/p>\n","protected":false},"excerpt":{"rendered":"<p>El presente blog ha sido creado por Carlos Alcaraz Garc\u00eda y \u00c1ngel Cilveti Sola, que somos estudiantes de la Universidad de Alicante, cursando el primer a\u00f1o\u00a0 grado de historia. El tema que hemos elegido para la asignatura de Fuentes y Documentos para la historia es: &#8220;Pel\u00edculas y documentales sobre historia moderna&#8221;. Esperamos que os sea [&hellip;]<\/p>\n","protected":false},"author":2431,"featured_media":0,"parent":0,"menu_order":0,"comment_status":"open","ping_status":"open","template":"","meta":{"footnotes":""},"class_list":["post-28","page","type-page","status-publish","hentry"],"_links":{"self":[{"href":"https:\/\/blogs.ua.es\/peliculashistoriamoderna\/wp-json\/wp\/v2\/pages\/28","targetHints":{"allow":["GET"]}}],"collection":[{"href":"https:\/\/blogs.ua.es\/peliculashistoriamoderna\/wp-json\/wp\/v2\/pages"}],"about":[{"href":"https:\/\/blogs.ua.es\/peliculashistoriamoderna\/wp-json\/wp\/v2\/types\/page"}],"author":[{"embeddable":true,"href":"https:\/\/blogs.ua.es\/peliculashistoriamoderna\/wp-json\/wp\/v2\/users\/2431"}],"replies":[{"embeddable":true,"href":"https:\/\/blogs.ua.es\/peliculashistoriamoderna\/wp-json\/wp\/v2\/comments?post=28"}],"version-history":[{"count":3,"href":"https:\/\/blogs.ua.es\/peliculashistoriamoderna\/wp-json\/wp\/v2\/pages\/28\/revisions"}],"predecessor-version":[{"id":30,"href":"https:\/\/blogs.ua.es\/peliculashistoriamoderna\/wp-json\/wp\/v2\/pages\/28\/revisions\/30"}],"wp:attachment":[{"href":"https:\/\/blogs.ua.es\/peliculashistoriamoderna\/wp-json\/wp\/v2\/media?parent=28"}],"curies":[{"name":"wp","href":"https:\/\/api.w.org\/{rel}","templated":true}]}}