{"id":49,"date":"2012-01-08T11:05:42","date_gmt":"2012-01-08T11:05:42","guid":{"rendered":"https:\/\/blogs.ua.es\/peliculashistoriamoderna\/?page_id=49"},"modified":"2012-01-08T11:08:42","modified_gmt":"2012-01-08T11:08:42","slug":"metodologia","status":"publish","type":"page","link":"https:\/\/blogs.ua.es\/peliculashistoriamoderna\/metodologia\/","title":{"rendered":"Metodolog\u00eda"},"content":{"rendered":"<p>En esta entrado vamos a explicar como hemos buscado y colgado la informaci\u00f3n en nuestro blog. Sobre todo hemos recurrido a informaci\u00f3n de la red. P\u00e1ginas como Filmaffinity que es muy completa, a la hora de buscar informaci\u00f3n sobre todo tipo de pel\u00edculas o sobre su equipo t\u00e9cnico o art\u00edstico.<\/p>\n<p>La primera pregunta a la que nos enfrentamos es como hemos realizado las buquedas.<\/p>\n<p>Las busquedas, las hemos realizado e el buscador por excelencia, Google, a traves de este buscador hemos accedido a paginas como filmaffinity <a title=\"fimaffinity\" href=\"http:\/\/www.filmaffinity.com\/es\" target=\"_blank\">(http:\/\/www.filmaffinity.com\/es)<\/a>, Internet Movie Data Base (<a title=\"imdb\" href=\"http:\/\/www.imdb.com\/\" target=\"_blank\">http:\/\/www.imdb.com\/<\/a>), Wikipedia (<a title=\"wikipedia\" href=\"Portada\" target=\"_blank\">http:\/\/www.wikipedia.org )<\/a><\/p>\n<p>La siguiente pregunta a la que nos enfrentamos es como hemos hecho las referencias.<\/p>\n<p>Las referncias, las hemos hecho tal y como se nos dijo en clase, es decir, para una pagina web, se copia la URL de la pagina web, por ejemplo, asi hariamos la referencia de El Pais (<a title=\"el pais\" href=\"http:\/\/www.elpais.com\/\" target=\"_blank\">http:\/\/www.elpais.com\/<\/a>).<\/p>\n<p>Para hacer la refencia de un libro, debemos deicr en primer lugar, el apellido y el nombre del autor en mayusculas (LUCAS, GEORGE). Despues decimos entre parentesis el a\u00f1o en que el autor escribio el libro (1978). A continuacion, ponemos el nombre del libro en cursiva (<em> La guerra de las galaxias<\/em>).Debemos poner tambien el numero total de paginas (274).\u00a0 Seguido a esto, ponemos el lugar de impresion y la editorial (Barcelona: Mundo Actual Ediciones S.A.).<\/p>\n<p>De tal forma que una referncia bibliografica queda asi:<\/p>\n<p>LUCAS, GEORGE. (1978) <em>La guerra de las galaxias. <\/em>274p. Barcelona: Mundo Actual Ediciones S.A.<\/p>\n<p>La ultima pregunta de este apartado a la que debemos dar respuesta es la forma en que hemos realizado los comentarios, criticas etc.<\/p>\n<p>Nosotros siempre que hacemos un comentario o una critica de una pelicula lo hacemos de manera objetiva, es decir diciendo los motivos por los que nos ha gustado y explicandolos o en caso inverso, decir de una forma siempre objetiva y en critica constructiva los argumentos por los que esa pelicula nos ha defraudado.<\/p>\n","protected":false},"excerpt":{"rendered":"<p>En esta entrado vamos a explicar como hemos buscado y colgado la informaci\u00f3n en nuestro blog. Sobre todo hemos recurrido a informaci\u00f3n de la red. P\u00e1ginas como Filmaffinity que es muy completa, a la hora de buscar informaci\u00f3n sobre todo tipo de pel\u00edculas o sobre su equipo t\u00e9cnico o art\u00edstico. La primera pregunta a la [&hellip;]<\/p>\n","protected":false},"author":2454,"featured_media":0,"parent":0,"menu_order":0,"comment_status":"open","ping_status":"open","template":"","meta":{"footnotes":""},"class_list":["post-49","page","type-page","status-publish","hentry"],"_links":{"self":[{"href":"https:\/\/blogs.ua.es\/peliculashistoriamoderna\/wp-json\/wp\/v2\/pages\/49","targetHints":{"allow":["GET"]}}],"collection":[{"href":"https:\/\/blogs.ua.es\/peliculashistoriamoderna\/wp-json\/wp\/v2\/pages"}],"about":[{"href":"https:\/\/blogs.ua.es\/peliculashistoriamoderna\/wp-json\/wp\/v2\/types\/page"}],"author":[{"embeddable":true,"href":"https:\/\/blogs.ua.es\/peliculashistoriamoderna\/wp-json\/wp\/v2\/users\/2454"}],"replies":[{"embeddable":true,"href":"https:\/\/blogs.ua.es\/peliculashistoriamoderna\/wp-json\/wp\/v2\/comments?post=49"}],"version-history":[{"count":3,"href":"https:\/\/blogs.ua.es\/peliculashistoriamoderna\/wp-json\/wp\/v2\/pages\/49\/revisions"}],"predecessor-version":[{"id":58,"href":"https:\/\/blogs.ua.es\/peliculashistoriamoderna\/wp-json\/wp\/v2\/pages\/49\/revisions\/58"}],"wp:attachment":[{"href":"https:\/\/blogs.ua.es\/peliculashistoriamoderna\/wp-json\/wp\/v2\/media?parent=49"}],"curies":[{"name":"wp","href":"https:\/\/api.w.org\/{rel}","templated":true}]}}