{"id":52,"date":"2012-01-08T10:43:34","date_gmt":"2012-01-08T10:43:34","guid":{"rendered":"https:\/\/blogs.ua.es\/peliculashistoriamoderna\/?page_id=52"},"modified":"2012-01-08T10:43:34","modified_gmt":"2012-01-08T10:43:34","slug":"explicacion-general-del-tema","status":"publish","type":"page","link":"https:\/\/blogs.ua.es\/peliculashistoriamoderna\/explicacion-general-del-tema\/","title":{"rendered":"Explicaci\u00f3n general del tema"},"content":{"rendered":"<p>El tema del blog trata exclusivamente de las pel\u00edculas y documentales centrados en el per\u00edodo de nuestra historia denominado edad moderna o historia moderna.<\/p>\n<p>Hay infinidad de pel\u00edculas y documentales de esta \u00e9poca o etapa, pero nosotros en nuestro blog vamos \u00a0a ser bastante subjetivos y vamos a poner las pel\u00edculas que nos parecen m\u00e1s interesantes o nos gustaron m\u00e1s.<\/p>\n<p>No solo os aportaremos la informaci\u00f3n b\u00e1sica de la pel\u00edcula (equipo art\u00edstico, t\u00e9cnico etc.), sino, que adem\u00e1s os proporcionaremos una valoraci\u00f3n cr\u00edtica y personal de la pel\u00edcula.<\/p>\n<p>Tambi\u00e9n cabe decir que colgaremos m\u00e1s pel\u00edculas que documentales, ya que el n\u00famero de documentales es menor al de pel\u00edculas y adem\u00e1s, quiz\u00e1s os resulte menos interesante y m\u00e1s aburrido.<\/p>\n<p>Por lo dem\u00e1s no hay m\u00e1s que decir, esperamos que os haya sido \u00fatil la explicaci\u00f3n.<\/p>\n","protected":false},"excerpt":{"rendered":"<p>El tema del blog trata exclusivamente de las pel\u00edculas y documentales centrados en el per\u00edodo de nuestra historia denominado edad moderna o historia moderna. Hay infinidad de pel\u00edculas y documentales de esta \u00e9poca o etapa, pero nosotros en nuestro blog vamos \u00a0a ser bastante subjetivos y vamos a poner las pel\u00edculas que nos parecen m\u00e1s [&hellip;]<\/p>\n","protected":false},"author":2431,"featured_media":0,"parent":0,"menu_order":0,"comment_status":"open","ping_status":"open","template":"","meta":{"footnotes":""},"class_list":["post-52","page","type-page","status-publish","hentry"],"_links":{"self":[{"href":"https:\/\/blogs.ua.es\/peliculashistoriamoderna\/wp-json\/wp\/v2\/pages\/52","targetHints":{"allow":["GET"]}}],"collection":[{"href":"https:\/\/blogs.ua.es\/peliculashistoriamoderna\/wp-json\/wp\/v2\/pages"}],"about":[{"href":"https:\/\/blogs.ua.es\/peliculashistoriamoderna\/wp-json\/wp\/v2\/types\/page"}],"author":[{"embeddable":true,"href":"https:\/\/blogs.ua.es\/peliculashistoriamoderna\/wp-json\/wp\/v2\/users\/2431"}],"replies":[{"embeddable":true,"href":"https:\/\/blogs.ua.es\/peliculashistoriamoderna\/wp-json\/wp\/v2\/comments?post=52"}],"version-history":[{"count":1,"href":"https:\/\/blogs.ua.es\/peliculashistoriamoderna\/wp-json\/wp\/v2\/pages\/52\/revisions"}],"predecessor-version":[{"id":53,"href":"https:\/\/blogs.ua.es\/peliculashistoriamoderna\/wp-json\/wp\/v2\/pages\/52\/revisions\/53"}],"wp:attachment":[{"href":"https:\/\/blogs.ua.es\/peliculashistoriamoderna\/wp-json\/wp\/v2\/media?parent=52"}],"curies":[{"name":"wp","href":"https:\/\/api.w.org\/{rel}","templated":true}]}}