{"id":55,"date":"2012-01-08T11:04:22","date_gmt":"2012-01-08T11:04:22","guid":{"rendered":"https:\/\/blogs.ua.es\/peliculashistoriamoderna\/?page_id=55"},"modified":"2012-01-08T11:10:44","modified_gmt":"2012-01-08T11:10:44","slug":"fuentes-de-informacion-utilizadas","status":"publish","type":"page","link":"https:\/\/blogs.ua.es\/peliculashistoriamoderna\/fuentes-de-informacion-utilizadas\/","title":{"rendered":"Fuentes de informaci\u00f3n utilizadas"},"content":{"rendered":"<p>Sobre todo hemos recurrido como hemos dicho anteriormente a p\u00e1ginas de Internet. P\u00e1ginas relacionadas con el cine y particularmente con el cine hist\u00f3rico que nos corresponde en el blog. Aunque tambi\u00e9s hemos visitado p\u00e1ginas m\u00e1s comunes y con informaci\u00f3n m\u00e1s general como YouTube de donde hemos cogido los v\u00eddeos que ver\u00e9is en deferentes entradas de el blog.<\/p>\n<p>Algunas de las p\u00e1ginas que hemos visitado son las siguientes:<\/p>\n<p><a href=\"http:\/\/www.filmaffinity.com\" target=\"_blank\">www.filmaffinity.com\u00a0<\/a><\/p>\n<p><a href=\"http:\/\/www.imbd.com\" target=\"_blank\">www.imbd.com<\/a><\/p>\n<p><a href=\"http:\/\/www.wikipedia.com\" target=\"_blank\">www.wikipedia.com<\/a><\/p>\n<p>Tambi\u00e9n, aunque en menor numero hemos utilizado libros como:<\/p>\n<p>JAY, SCHNERDER,STEVEN (2010). <em>1oo1 pel\u00edculas que hay que ver antes de morir.<\/em>\u00a0Editorial Grijalbo. 960 pp<\/p>\n<p>BORDEN, DANIEL (2009).<em>\u00a0La historia del cine. <\/em>Editorial Blume. 469pp<\/p>\n<p>&nbsp;<\/p>\n<p>&nbsp;<\/p>\n<p>&nbsp;<\/p>\n","protected":false},"excerpt":{"rendered":"<p>Sobre todo hemos recurrido como hemos dicho anteriormente a p\u00e1ginas de Internet. P\u00e1ginas relacionadas con el cine y particularmente con el cine hist\u00f3rico que nos corresponde en el blog. Aunque tambi\u00e9s hemos visitado p\u00e1ginas m\u00e1s comunes y con informaci\u00f3n m\u00e1s general como YouTube de donde hemos cogido los v\u00eddeos que ver\u00e9is en deferentes entradas de [&hellip;]<\/p>\n","protected":false},"author":2431,"featured_media":0,"parent":0,"menu_order":0,"comment_status":"open","ping_status":"open","template":"","meta":{"footnotes":""},"class_list":["post-55","page","type-page","status-publish","hentry"],"_links":{"self":[{"href":"https:\/\/blogs.ua.es\/peliculashistoriamoderna\/wp-json\/wp\/v2\/pages\/55","targetHints":{"allow":["GET"]}}],"collection":[{"href":"https:\/\/blogs.ua.es\/peliculashistoriamoderna\/wp-json\/wp\/v2\/pages"}],"about":[{"href":"https:\/\/blogs.ua.es\/peliculashistoriamoderna\/wp-json\/wp\/v2\/types\/page"}],"author":[{"embeddable":true,"href":"https:\/\/blogs.ua.es\/peliculashistoriamoderna\/wp-json\/wp\/v2\/users\/2431"}],"replies":[{"embeddable":true,"href":"https:\/\/blogs.ua.es\/peliculashistoriamoderna\/wp-json\/wp\/v2\/comments?post=55"}],"version-history":[{"count":3,"href":"https:\/\/blogs.ua.es\/peliculashistoriamoderna\/wp-json\/wp\/v2\/pages\/55\/revisions"}],"predecessor-version":[{"id":60,"href":"https:\/\/blogs.ua.es\/peliculashistoriamoderna\/wp-json\/wp\/v2\/pages\/55\/revisions\/60"}],"wp:attachment":[{"href":"https:\/\/blogs.ua.es\/peliculashistoriamoderna\/wp-json\/wp\/v2\/media?parent=55"}],"curies":[{"name":"wp","href":"https:\/\/api.w.org\/{rel}","templated":true}]}}