{"id":11,"date":"2011-11-18T09:19:17","date_gmt":"2011-11-18T09:19:17","guid":{"rendered":"https:\/\/blogs.ua.es\/peliculasmedievo\/?page_id=11"},"modified":"2011-12-22T10:41:16","modified_gmt":"2011-12-22T10:41:16","slug":"presentacion","status":"publish","type":"page","link":"https:\/\/blogs.ua.es\/peliculasmedievo\/presentacion\/","title":{"rendered":"Presentaci\u00f3n"},"content":{"rendered":"<p>Este blog esta dirigido por Marta Espinosa Roca e Iv\u00e1n Hern\u00e1ndez Oliv\u00e9, estudiantes de 1\u00ba del Grado de Historia en la Universidad de Alicante. Marta es natural de Dolores, al sur de la provincia e Iv\u00e1n vive en Elda, al norte de Alicante.<\/p>\n<p>En este blog, hablaremos sobre todo tipo de pel\u00edculas ambientadas en la Edad Media y cu\u00e1l es su valor educativo, hablando sobre todo la fidelidad de la pel\u00edcula con la \u00e9poca que intenta retratar. No hablaremos de pel\u00edculas fant\u00e1sticas ambientadas en mundos de fantas\u00eda, este blog pretende hacer una cr\u00edtica que sirva a los usuarios para que sepan si la pel\u00edcula que desean ver es fiel al periodo hist\u00f3rico que representan. Hablaremos de todo tipo de pel\u00edculas, desde pel\u00edculas nacionales, hasta europeas e incluso pel\u00edculas sobre la Edad Media en Asia o en Am\u00e9rica.<\/p>\n<p>Adem\u00e1s, realizaremos una lista con los mejores documentales sobre la Edad Media, para que los usuarios tengan una lista con los documentales m\u00e1s atractivos y educativos para conocer mejor uno de los periodos m\u00e1s misteriosos de la Historia de la Humanidad<\/p>\n","protected":false},"excerpt":{"rendered":"<p>Este blog esta dirigido por Marta Espinosa Roca e Iv\u00e1n Hern\u00e1ndez Oliv\u00e9, estudiantes de 1\u00ba del Grado de Historia en la Universidad de Alicante. Marta es natural de Dolores, al sur de la provincia e Iv\u00e1n vive en Elda, al norte de Alicante. En este blog, hablaremos sobre todo tipo de pel\u00edculas ambientadas en la [&hellip;]<\/p>\n","protected":false},"author":2329,"featured_media":0,"parent":0,"menu_order":0,"comment_status":"open","ping_status":"open","template":"","meta":{"footnotes":""},"class_list":["post-11","page","type-page","status-publish","hentry"],"_links":{"self":[{"href":"https:\/\/blogs.ua.es\/peliculasmedievo\/wp-json\/wp\/v2\/pages\/11","targetHints":{"allow":["GET"]}}],"collection":[{"href":"https:\/\/blogs.ua.es\/peliculasmedievo\/wp-json\/wp\/v2\/pages"}],"about":[{"href":"https:\/\/blogs.ua.es\/peliculasmedievo\/wp-json\/wp\/v2\/types\/page"}],"author":[{"embeddable":true,"href":"https:\/\/blogs.ua.es\/peliculasmedievo\/wp-json\/wp\/v2\/users\/2329"}],"replies":[{"embeddable":true,"href":"https:\/\/blogs.ua.es\/peliculasmedievo\/wp-json\/wp\/v2\/comments?post=11"}],"version-history":[{"count":3,"href":"https:\/\/blogs.ua.es\/peliculasmedievo\/wp-json\/wp\/v2\/pages\/11\/revisions"}],"predecessor-version":[{"id":13,"href":"https:\/\/blogs.ua.es\/peliculasmedievo\/wp-json\/wp\/v2\/pages\/11\/revisions\/13"}],"wp:attachment":[{"href":"https:\/\/blogs.ua.es\/peliculasmedievo\/wp-json\/wp\/v2\/media?parent=11"}],"curies":[{"name":"wp","href":"https:\/\/api.w.org\/{rel}","templated":true}]}}