{"id":34,"date":"2011-12-22T10:13:35","date_gmt":"2011-12-22T10:13:35","guid":{"rendered":"https:\/\/blogs.ua.es\/peliculasmedievo\/?page_id=34"},"modified":"2012-01-18T10:34:02","modified_gmt":"2012-01-18T10:34:02","slug":"metodologia","status":"publish","type":"page","link":"https:\/\/blogs.ua.es\/peliculasmedievo\/metodologia\/","title":{"rendered":"Metodolog\u00eda"},"content":{"rendered":"<p>La informaci\u00f3n necesaria para realizar el comentario cr\u00edtico ha sido principalmente pel\u00edcula y documentales. Estos los hemos hallado de distintas formas. Por un lado alguno de los miembros del grupo ten\u00eda alguna de las pel\u00edculas analizadas en DVD y alguno de los documentales. Si no los ten\u00edamos en nuestro poder, hemos buscado en los principales contenedores de videos de Internet como son Youtube o T\u00fa. Tv. Finalmente hemos apoyado nuestras argumentaciones con blogs o art\u00edculos de diferentes cr\u00edticos y profesores de Historia que hemos encontrado por internet<br \/>\nEl esquema ISO que hemos empleado es en cada caso uno de estos:<br \/>\nPara pel\u00edculas:<br \/>\nTitulo de la pel\u00edcula. Apellidos, nombre del director. Pa\u00eds: Productora. A\u00f1o. Lugar: distribuida en Espa\u00f1a por&#8230;<br \/>\nPara documentales:<br \/>\nTitulo. Nombre de la cadena de televisi\u00f3n, fecha.<\/p>\n<p>Las entradas han sido realizadas mediante el an\u00e1lisis del documento pertinente. Por un lado hemos empezado con una breve explicaci\u00f3n sobre el tema de la pel\u00edcula y sobre el personaje o etapa hist\u00f3rica que narra. Despu\u00e9s hemos realizado un breve resumen sobre su argumento. Luego hemos realizado la cr\u00edtica de la pel\u00edcula, centr\u00e1ndonos sobre todo en su valor educativo e hist\u00f3rico, narrando si estaba bien ambientada y alg\u00fan fallo que pod\u00eda tener el guion o la ambientaci\u00f3n. Finalmente terminamos con nuestra opini\u00f3n personal y nuestras recomendaciones. Abajo del todo ponemos una serie de material multimedia como im\u00e1genes, tr\u00e1iler o el documental en cuesti\u00f3n<\/p>\n","protected":false},"excerpt":{"rendered":"<p>La informaci\u00f3n necesaria para realizar el comentario cr\u00edtico ha sido principalmente pel\u00edcula y documentales. Estos los hemos hallado de distintas formas. Por un lado alguno de los miembros del grupo ten\u00eda alguna de las pel\u00edculas analizadas en DVD y alguno de los documentales. Si no los ten\u00edamos en nuestro poder, hemos buscado en los principales [&hellip;]<\/p>\n","protected":false},"author":2329,"featured_media":0,"parent":0,"menu_order":0,"comment_status":"open","ping_status":"open","template":"","meta":{"footnotes":""},"class_list":["post-34","page","type-page","status-publish","hentry"],"_links":{"self":[{"href":"https:\/\/blogs.ua.es\/peliculasmedievo\/wp-json\/wp\/v2\/pages\/34","targetHints":{"allow":["GET"]}}],"collection":[{"href":"https:\/\/blogs.ua.es\/peliculasmedievo\/wp-json\/wp\/v2\/pages"}],"about":[{"href":"https:\/\/blogs.ua.es\/peliculasmedievo\/wp-json\/wp\/v2\/types\/page"}],"author":[{"embeddable":true,"href":"https:\/\/blogs.ua.es\/peliculasmedievo\/wp-json\/wp\/v2\/users\/2329"}],"replies":[{"embeddable":true,"href":"https:\/\/blogs.ua.es\/peliculasmedievo\/wp-json\/wp\/v2\/comments?post=34"}],"version-history":[{"count":4,"href":"https:\/\/blogs.ua.es\/peliculasmedievo\/wp-json\/wp\/v2\/pages\/34\/revisions"}],"predecessor-version":[{"id":36,"href":"https:\/\/blogs.ua.es\/peliculasmedievo\/wp-json\/wp\/v2\/pages\/34\/revisions\/36"}],"wp:attachment":[{"href":"https:\/\/blogs.ua.es\/peliculasmedievo\/wp-json\/wp\/v2\/media?parent=34"}],"curies":[{"name":"wp","href":"https:\/\/api.w.org\/{rel}","templated":true}]}}