{"id":38,"date":"2011-12-22T10:15:48","date_gmt":"2011-12-22T10:15:48","guid":{"rendered":"https:\/\/blogs.ua.es\/peliculasmedievo\/?page_id=38"},"modified":"2011-12-26T10:56:21","modified_gmt":"2011-12-26T10:56:21","slug":"explicacion","status":"publish","type":"page","link":"https:\/\/blogs.ua.es\/peliculasmedievo\/explicacion\/","title":{"rendered":"Explicaci\u00f3n"},"content":{"rendered":"<p>La Edad Media es una \u00e9poca en la que muchos artistas, escritores y estudiosos han buscado sus fuentes de inspiraci\u00f3n o simplemente les ha llamado la curiosidad. Por ejemplo, en el Romanticismo del siglo XIX uno de los temas de inspiraci\u00f3n para los autores de esa \u00e9poca era la Edad Media, las ruinas que quedaban y su aire m\u00edstico y oscuro.<\/p>\n<p>Hemos elegido este tema porque creemos que hoy en d\u00eda la Edad Media sigue teniendo ese aire de misterio y oscuridad que cautiva a un gran p\u00fablico. Es por ello que han proliferado durante todos estos a\u00f1os los directores que han apostado por recrear de una forma u otra este periodo, con pel\u00edculas que narran alguno de los grandes personajes de la Historia o simplemente que recrean distintos periodos o batallas de la \u00e9poca. Adem\u00e1s, junto a las pel\u00edculas, un elemento audiovisual mucho m\u00e1s importante a la hora de la labor docente ha tenido una crecida espectacular. Son los documentales que gracias a la televisi\u00f3n como medio de difusi\u00f3n nos pueden dar una nueva visi\u00f3n m\u00e1s fidedigna de c\u00f3mo era esta \u00e9poca del ser humano.<\/p>\n<p>Sin embargo, estas obras que suponemos que son un fiel reflejo de la Edad Media \u00bfde verdad son fieles recreaciones de las vidas de sus personajes? \u00bfSe ha dado rigor hist\u00f3rico a una pel\u00edcula o solo se ha buscado la diversi\u00f3n y el entretenimiento y se ha dejado a un lado la tarea de educar? \u00bfLos documentales son fieles o se han manipulado? Es por ello que nace tambi\u00e9n este blog, para analizar los audiovisuales y poder ense\u00f1ar al p\u00fablico si la pel\u00edcula que pensaba ver en el cine dentro de unos d\u00edas, es una fiel recreaci\u00f3n de la Edad Media o es una burda cinta carente de sentido.<\/p>\n<p>&nbsp;<\/p>\n<p><img loading=\"lazy\" decoding=\"async\" class=\"aligncenter\" src=\"http:\/\/1.bp.blogspot.com\/-w2JPg2NAHpU\/TirUHqOf-GI\/AAAAAAAAAyQ\/a_hNNFbAD-U\/s1600\/kingdom-of-heaven-8.jpg\" alt=\"\" width=\"549\" height=\"261\" \/><\/p>\n","protected":false},"excerpt":{"rendered":"<p>La Edad Media es una \u00e9poca en la que muchos artistas, escritores y estudiosos han buscado sus fuentes de inspiraci\u00f3n o simplemente les ha llamado la curiosidad. Por ejemplo, en el Romanticismo del siglo XIX uno de los temas de inspiraci\u00f3n para los autores de esa \u00e9poca era la Edad Media, las ruinas que quedaban [&hellip;]<\/p>\n","protected":false},"author":2329,"featured_media":0,"parent":0,"menu_order":0,"comment_status":"open","ping_status":"open","template":"","meta":{"footnotes":""},"class_list":["post-38","page","type-page","status-publish","hentry"],"_links":{"self":[{"href":"https:\/\/blogs.ua.es\/peliculasmedievo\/wp-json\/wp\/v2\/pages\/38","targetHints":{"allow":["GET"]}}],"collection":[{"href":"https:\/\/blogs.ua.es\/peliculasmedievo\/wp-json\/wp\/v2\/pages"}],"about":[{"href":"https:\/\/blogs.ua.es\/peliculasmedievo\/wp-json\/wp\/v2\/types\/page"}],"author":[{"embeddable":true,"href":"https:\/\/blogs.ua.es\/peliculasmedievo\/wp-json\/wp\/v2\/users\/2329"}],"replies":[{"embeddable":true,"href":"https:\/\/blogs.ua.es\/peliculasmedievo\/wp-json\/wp\/v2\/comments?post=38"}],"version-history":[{"count":3,"href":"https:\/\/blogs.ua.es\/peliculasmedievo\/wp-json\/wp\/v2\/pages\/38\/revisions"}],"predecessor-version":[{"id":53,"href":"https:\/\/blogs.ua.es\/peliculasmedievo\/wp-json\/wp\/v2\/pages\/38\/revisions\/53"}],"wp:attachment":[{"href":"https:\/\/blogs.ua.es\/peliculasmedievo\/wp-json\/wp\/v2\/media?parent=38"}],"curies":[{"name":"wp","href":"https:\/\/api.w.org\/{rel}","templated":true}]}}