{"id":42,"date":"2011-12-22T10:17:13","date_gmt":"2011-12-22T10:17:13","guid":{"rendered":"https:\/\/blogs.ua.es\/peliculasmedievo\/?page_id=42"},"modified":"2012-01-18T11:46:26","modified_gmt":"2012-01-18T11:46:26","slug":"valoracion","status":"publish","type":"page","link":"https:\/\/blogs.ua.es\/peliculasmedievo\/valoracion\/","title":{"rendered":"Valoraci\u00f3n"},"content":{"rendered":"<p>En un primer momento se nos presento con este Blog la idea de que deber\u00edamos investigar y entrar a fondo en las fuentes audiovisuales de la Edad Media. La verdad por una parte la valoraci\u00f3n de pel\u00edculas fue mucho m\u00e1s facil para nosotros ya que vivimos rodeados de pel\u00edculas de la ambientadas en la Edad Media pero no profundizamos en ellas, con este trabajo entramos de fondo tanto en las fuentes audiovisuales, como en fuentes escritas que nos serv\u00edan de orientaci\u00f3n en el tema debido a que muchas de estas pel\u00edculas como El Cid, Juana De Arco tienen muchos trasfondo hist\u00f3rico, nos permiten bas\u00e1ndonos en las leyendas, o datos hist\u00f3ricos recomponer el argumento de la pel\u00edcula m\u00e1s criticamente. Por todo ello las fuentes empleadas en las pel\u00edculas nos han sido de m\u00e1s facil acceso, hay numerosos contenidos sobre ellas tanto en internet, como en la Biblioteca de la universidad.<br \/>\nPor otra parte los documentales nos mostraron una idea m\u00e1s objetiva del tema que ibamos a tratar, ya que se reduce la intencionalidad del director o productor que se daba en las pel\u00edculas o la intencionalidad con la que se quiere llegar al p\u00fablico. Pero el acceso a los documentales nos fue m\u00e1s complicado, y tambi\u00e9n m\u00e1s completo en el sentido en que nos cuenta un hecho globalmente y no centr\u00e1ndose en un personaje. Hemos visualizado documentales por todo internet (ya que es la herramienta de acceso m\u00e1s facil a ellos), pero podr\u00edamos decir que la recuperaci\u00f3n de los documentales del canal Historia nos ha servido de gran ayuda.<\/p>\n","protected":false},"excerpt":{"rendered":"<p>En un primer momento se nos presento con este Blog la idea de que deber\u00edamos investigar y entrar a fondo en las fuentes audiovisuales de la Edad Media. La verdad por una parte la valoraci\u00f3n de pel\u00edculas fue mucho m\u00e1s facil para nosotros ya que vivimos rodeados de pel\u00edculas de la ambientadas en la Edad [&hellip;]<\/p>\n","protected":false},"author":2329,"featured_media":0,"parent":0,"menu_order":0,"comment_status":"open","ping_status":"open","template":"","meta":{"footnotes":""},"class_list":["post-42","page","type-page","status-publish","hentry"],"_links":{"self":[{"href":"https:\/\/blogs.ua.es\/peliculasmedievo\/wp-json\/wp\/v2\/pages\/42","targetHints":{"allow":["GET"]}}],"collection":[{"href":"https:\/\/blogs.ua.es\/peliculasmedievo\/wp-json\/wp\/v2\/pages"}],"about":[{"href":"https:\/\/blogs.ua.es\/peliculasmedievo\/wp-json\/wp\/v2\/types\/page"}],"author":[{"embeddable":true,"href":"https:\/\/blogs.ua.es\/peliculasmedievo\/wp-json\/wp\/v2\/users\/2329"}],"replies":[{"embeddable":true,"href":"https:\/\/blogs.ua.es\/peliculasmedievo\/wp-json\/wp\/v2\/comments?post=42"}],"version-history":[{"count":5,"href":"https:\/\/blogs.ua.es\/peliculasmedievo\/wp-json\/wp\/v2\/pages\/42\/revisions"}],"predecessor-version":[{"id":128,"href":"https:\/\/blogs.ua.es\/peliculasmedievo\/wp-json\/wp\/v2\/pages\/42\/revisions\/128"}],"wp:attachment":[{"href":"https:\/\/blogs.ua.es\/peliculasmedievo\/wp-json\/wp\/v2\/media?parent=42"}],"curies":[{"name":"wp","href":"https:\/\/api.w.org\/{rel}","templated":true}]}}