{"id":11,"date":"2012-06-15T15:25:06","date_gmt":"2012-06-15T11:25:06","guid":{"rendered":"https:\/\/blogs.ua.es\/percepcionderiesgo\/?page_id=11"},"modified":"2013-11-21T20:22:40","modified_gmt":"2013-11-21T16:22:40","slug":"metodologaa","status":"publish","type":"page","link":"https:\/\/blogs.ua.es\/percepcionderiesgo\/?page_id=11","title":{"rendered":"Methodology"},"content":{"rendered":"<p>[English]<\/p>\n<p style=\"text-align: justify\">This risk perception study is conducted with a research methodology that has geographical and humanistic phenomenology as a philosophical basis. The risk perception is based on subjectivity, feelings and experience of the individual.<\/p>\n<p style=\"text-align: justify\">Regarding the methodology design, the research develops a literature review approach, through a qualitative study to define the local population under study, tools and test of the hypotheses.<\/p>\n<p style=\"text-align: justify\">The analysis of the aspects of the perception of risk is made by many sources as surveys, analysis of publication on media, images and geographical information system. The purpose of these focuses on a systematic and orderly in obtaining information about variables that have influence on the perception of natural hazards.<\/p>\n<p>[Spanish]<\/p>\n<p style=\"text-align: justify\">Este estudio de percepci\u00f3n de riesgo es realizado con una metodolog\u00eda de investigaci\u00f3n geogr\u00e1fica y humanista que tiene la fenomenolog\u00eda como base filos\u00f3fica. La percepci\u00f3n del riesgo se sustenta en la subjetividad, los sentimientos y la experiencia adquirida por el individuo.<\/p>\n<p style=\"text-align: justify\">Respecto al dise\u00f1o metodol\u00f3gico, la investigaci\u00f3n desarrolla un enfoque de revisi\u00f3n bibliogr\u00e1fica, a trav\u00e9s de un estudio cualitativo para definir la poblaci\u00f3n local que se estudia, los instrumentos y verificar las hip\u00f3tesis.<\/p>\n<p style=\"text-align: justify\">El an\u00e1lisis de los aspectos perceptivos del riesgo se realiza de muchas maneras, como por medio de encuestas, an\u00e1lisis de publicaciones de la prensa di\u00e1ria, por im\u00e1genes\u00a0 and\u00a0 sistema de informaci\u00f3n geogr\u00e1fica. La finalidad de estas se centra de manera sistem\u00e1tica y ordenada en obtener informaci\u00f3n sobre variables que interv\u00e9n en la percepci\u00f3n de riesgos naturales.<\/p>\n","protected":false},"excerpt":{"rendered":"<p>[English] This risk perception study is conducted with a research methodology that has geographical and humanistic phenomenology as a philosophical basis. The risk perception is based on subjectivity, feelings and experience of the individual. Regarding the methodology design, the research &hellip; <a href=\"https:\/\/blogs.ua.es\/percepcionderiesgo\/?page_id=11\">Continue reading <span class=\"meta-nav\">&rarr;<\/span><\/a><\/p>\n","protected":false},"author":2699,"featured_media":0,"parent":0,"menu_order":3,"comment_status":"closed","ping_status":"closed","template":"","meta":{"footnotes":""},"class_list":["post-11","page","type-page","status-publish","hentry"],"_links":{"self":[{"href":"https:\/\/blogs.ua.es\/percepcionderiesgo\/index.php?rest_route=\/wp\/v2\/pages\/11","targetHints":{"allow":["GET"]}}],"collection":[{"href":"https:\/\/blogs.ua.es\/percepcionderiesgo\/index.php?rest_route=\/wp\/v2\/pages"}],"about":[{"href":"https:\/\/blogs.ua.es\/percepcionderiesgo\/index.php?rest_route=\/wp\/v2\/types\/page"}],"author":[{"embeddable":true,"href":"https:\/\/blogs.ua.es\/percepcionderiesgo\/index.php?rest_route=\/wp\/v2\/users\/2699"}],"replies":[{"embeddable":true,"href":"https:\/\/blogs.ua.es\/percepcionderiesgo\/index.php?rest_route=%2Fwp%2Fv2%2Fcomments&post=11"}],"version-history":[{"count":20,"href":"https:\/\/blogs.ua.es\/percepcionderiesgo\/index.php?rest_route=\/wp\/v2\/pages\/11\/revisions"}],"predecessor-version":[{"id":13,"href":"https:\/\/blogs.ua.es\/percepcionderiesgo\/index.php?rest_route=\/wp\/v2\/pages\/11\/revisions\/13"}],"wp:attachment":[{"href":"https:\/\/blogs.ua.es\/percepcionderiesgo\/index.php?rest_route=%2Fwp%2Fv2%2Fmedia&parent=11"}],"curies":[{"name":"wp","href":"https:\/\/api.w.org\/{rel}","templated":true}]}}