{"id":28,"date":"2012-06-19T14:17:57","date_gmt":"2012-06-19T10:17:57","guid":{"rendered":"https:\/\/blogs.ua.es\/percepcionderiesgo\/?page_id=28"},"modified":"2013-10-25T22:25:02","modified_gmt":"2013-10-25T18:25:02","slug":"area-de-estudio","status":"publish","type":"page","link":"https:\/\/blogs.ua.es\/percepcionderiesgo\/?page_id=28","title":{"rendered":"Area studies"},"content":{"rendered":"<p><strong>El Campello<\/strong><\/p>\n<p>El Campello est\u00e1 en una regi\u00f3n clim\u00e1tica del Sureste espa\u00f1ol, con clima mediterr\u00e1neo de transito de clima des\u00e9rtico, c\u00e1lido y seco, de escasas precipitaciones que tienen lugar en los equinoccio.<\/p>\n<div id=\"attachment_211\" style=\"width: 458px\" class=\"wp-caption aligncenter\"><img loading=\"lazy\" decoding=\"async\" aria-describedby=\"caption-attachment-211\" class=\"size-full wp-image-211\" alt=\"Desembocadura del r\u00edo Seco en El Campello  (Autor: Rodrigo R. Ramos Ribeiro).\" src=\"https:\/\/blogs.ua.es\/percepcionderiesgo\/files\/2012\/06\/el-camepllo-54.jpg\" width=\"448\" height=\"299\" srcset=\"https:\/\/blogs.ua.es\/percepcionderiesgo\/files\/2012\/06\/el-camepllo-54.jpg 448w, https:\/\/blogs.ua.es\/percepcionderiesgo\/files\/2012\/06\/el-camepllo-54-300x200.jpg 300w\" sizes=\"auto, (max-width: 448px) 100vw, 448px\" \/><p id=\"caption-attachment-211\" class=\"wp-caption-text\">Desembocadura del r\u00edo Seco en El Campello (Autor: Rodrigo R. Ramos Ribeiro).<\/p><\/div>\n<p>La existencia de lluvias de fuerte intensidad horaria se produce en forma de aguaceros torrenciales, generalmente relacionados con el proceso de gota fr\u00eda, y suelen tener consecuencias negativas para la agricultura.<\/p>\n<div id=\"attachment_212\" style=\"width: 458px\" class=\"wp-caption aligncenter\"><img loading=\"lazy\" decoding=\"async\" aria-describedby=\"caption-attachment-212\" class=\"size-full wp-image-212\" alt=\"El Campello (Autor: Rodrigo R.Ramos Ribeiro).\" src=\"https:\/\/blogs.ua.es\/percepcionderiesgo\/files\/2012\/06\/el-campello55.jpg\" width=\"448\" height=\"298\" srcset=\"https:\/\/blogs.ua.es\/percepcionderiesgo\/files\/2012\/06\/el-campello55.jpg 448w, https:\/\/blogs.ua.es\/percepcionderiesgo\/files\/2012\/06\/el-campello55-300x199.jpg 300w\" sizes=\"auto, (max-width: 448px) 100vw, 448px\" \/><p id=\"caption-attachment-212\" class=\"wp-caption-text\">El mar en El Campello (Autor: Rodrigo R.Ramos Ribeiro).<\/p><\/div>\n<p><strong>S\u00e3o Luiz do Paraitinga<\/strong><\/p>\n<p>El municipio de S\u00e3o Luiz do Paraitinga est\u00e1 situado en el estado de S\u00e3o Paulo, en la regi\u00f3n geogr\u00e1fica del suroeste de Brasil. Pertenece a la cuenca del r\u00edo Paraitinga. El clima local es templado con un invierno seco. La precipitaci\u00f3n media anual es de 1.300mm.<\/p>\n<div id=\"attachment_219\" style=\"width: 458px\" class=\"wp-caption aligncenter\"><img loading=\"lazy\" decoding=\"async\" aria-describedby=\"caption-attachment-219\" class=\"size-full wp-image-219\" alt=\"S\u00e3o Luiz do Paraiting (Autor: Rodrigo R. Ramos Ribeiro).\" src=\"https:\/\/blogs.ua.es\/percepcionderiesgo\/files\/2012\/06\/sao-luiz-222.jpg\" width=\"448\" height=\"252\" srcset=\"https:\/\/blogs.ua.es\/percepcionderiesgo\/files\/2012\/06\/sao-luiz-222.jpg 448w, https:\/\/blogs.ua.es\/percepcionderiesgo\/files\/2012\/06\/sao-luiz-222-300x168.jpg 300w\" sizes=\"auto, (max-width: 448px) 100vw, 448px\" \/><p id=\"caption-attachment-219\" class=\"wp-caption-text\">S\u00e3o Luiz do Paraiting (Autor: Rodrigo R. Ramos Ribeiro).<\/p><\/div>\n<p>La ciudad ha sufrido una gran inundaci\u00f3n que ocurri\u00f3 en el a\u00f1o de 2010, la ciudad tambi\u00e9n presenta un gran riesgo de deslizamientos de tierra.<\/p>\n<div id=\"attachment_222\" style=\"width: 458px\" class=\"wp-caption aligncenter\"><img loading=\"lazy\" decoding=\"async\" aria-describedby=\"caption-attachment-222\" class=\"size-full wp-image-222\" alt=\"Calles en S\u00e3o Luiz do Paraitinga (Autor: Felipe Berenguel).\" src=\"https:\/\/blogs.ua.es\/percepcionderiesgo\/files\/2012\/06\/2136333.jpg\" width=\"448\" height=\"252\" srcset=\"https:\/\/blogs.ua.es\/percepcionderiesgo\/files\/2012\/06\/2136333.jpg 448w, https:\/\/blogs.ua.es\/percepcionderiesgo\/files\/2012\/06\/2136333-300x168.jpg 300w\" sizes=\"auto, (max-width: 448px) 100vw, 448px\" \/><p id=\"caption-attachment-222\" class=\"wp-caption-text\">Calles en S\u00e3o Luiz do Paraitinga (Autor: Felipe Berenguel).<\/p><\/div>\n<p><strong>Paranapiacaba<\/strong><\/p>\n<p>Paranapiacaba es una zona de protecci\u00f3n ambiental y est\u00e1 situada en el alto de la Sierra del Mar. Pertenece al municipio de Santo Andr\u00e9, en S\u00e3o Paulo, Brasil. Est\u00e1 ubicada a 48 km del centro de la capital. Paranapiacaba en lenguaje ind\u00edgena significa \u201c<i>lugar desde donde se avista el mar<\/i>\u201d. La distribuci\u00f3n de la precipitaci\u00f3n refleja la zona tropical de la regi\u00f3n clim\u00e1tica tropical h\u00fameda, con precipitaciones anuales entre 3.000mm y 4.000mm.<\/p>\n<div id=\"attachment_178\" style=\"width: 650px\" class=\"wp-caption aligncenter\"><img loading=\"lazy\" decoding=\"async\" aria-describedby=\"caption-attachment-178\" class=\"size-full wp-image-178\" alt=\"Calle de Paranapiacaba (Autor: Rodrigo R. Ramos Ribeiro).\" src=\"https:\/\/blogs.ua.es\/percepcionderiesgo\/files\/2012\/06\/paranapiacaba-calles.jpg\" width=\"640\" height=\"427\" srcset=\"https:\/\/blogs.ua.es\/percepcionderiesgo\/files\/2012\/06\/paranapiacaba-calles.jpg 640w, https:\/\/blogs.ua.es\/percepcionderiesgo\/files\/2012\/06\/paranapiacaba-calles-300x200.jpg 300w, https:\/\/blogs.ua.es\/percepcionderiesgo\/files\/2012\/06\/paranapiacaba-calles-449x300.jpg 449w\" sizes=\"auto, (max-width: 640px) 100vw, 640px\" \/><p id=\"caption-attachment-178\" class=\"wp-caption-text\">Calle de Paranapiacaba (Autor: Rodrigo R. Ramos Ribeiro).<\/p><\/div>\n<p>Paranapiacaba est\u00e1 en una regi\u00f3n clim\u00e1tica al sudeste brasile\u00f1o, con clima tropical, c\u00e1lido y h\u00famedo, con muchas precipitaciones al largo del a\u00f1o, siendo conocido como <i>cuenca de las aguas<\/i>.<\/p>\n<div id=\"attachment_213\" style=\"width: 458px\" class=\"wp-caption aligncenter\"><img loading=\"lazy\" decoding=\"async\" aria-describedby=\"caption-attachment-213\" class=\"size-full wp-image-213\" alt=\"Paranapicaba y la estaci\u00f3n de tren (Autor: Rodrigo R. Ramos Ribeiro).\" src=\"https:\/\/blogs.ua.es\/percepcionderiesgo\/files\/2012\/06\/paranapiacaba-22.jpg\" width=\"448\" height=\"299\" srcset=\"https:\/\/blogs.ua.es\/percepcionderiesgo\/files\/2012\/06\/paranapiacaba-22.jpg 448w, https:\/\/blogs.ua.es\/percepcionderiesgo\/files\/2012\/06\/paranapiacaba-22-300x200.jpg 300w\" sizes=\"auto, (max-width: 448px) 100vw, 448px\" \/><p id=\"caption-attachment-213\" class=\"wp-caption-text\">Paranapicaba y la estaci\u00f3n de tren (Autor: Rodrigo R. Ramos Ribeiro).<\/p><\/div>\n<p><strong>Guaran\u00e9sia<\/strong><\/p>\n<p>El municipio de Guaran\u00e9sia est\u00e1 situado en el suroeste del estado de Minas Gerais, en la regi\u00f3n geogr\u00e1fica del suroeste de Brasil. Pertenece a la cuenca del r\u00edo Grande. El municipio de Guaran\u00e9sia es un municipio situado en una zona rural productora de caf\u00e9 y leche.<\/p>\n<div id=\"attachment_179\" style=\"width: 650px\" class=\"wp-caption aligncenter\"><img loading=\"lazy\" decoding=\"async\" aria-describedby=\"caption-attachment-179\" class=\"size-full wp-image-179\" alt=\"Calles de Guaran\u00e9sia (Autor: Rodrigo R. Ramos Ribeiro).\" src=\"https:\/\/blogs.ua.es\/percepcionderiesgo\/files\/2012\/06\/Calles-Guaran\u00e9sia.jpg\" width=\"640\" height=\"480\" srcset=\"https:\/\/blogs.ua.es\/percepcionderiesgo\/files\/2012\/06\/Calles-Guaran\u00e9sia.jpg 640w, https:\/\/blogs.ua.es\/percepcionderiesgo\/files\/2012\/06\/Calles-Guaran\u00e9sia-300x225.jpg 300w, https:\/\/blogs.ua.es\/percepcionderiesgo\/files\/2012\/06\/Calles-Guaran\u00e9sia-400x300.jpg 400w\" sizes=\"auto, (max-width: 640px) 100vw, 640px\" \/><p id=\"caption-attachment-179\" class=\"wp-caption-text\">Calles de Guaran\u00e9sia (Autor: Rodrigo R. Ramos Ribeiro).<\/p><\/div>\n<p>La topograf\u00eda de la ciudad es predominantemente monta\u00f1osa y ondulada. El municipio de Guaran\u00e9sia se inserta en el \u00e1mbito geogr\u00e1fico del estado de Minas Gerais, donde la vegetaci\u00f3n predominante es t\u00edpica del tipo del <i>Cerrado<\/i>, regi\u00f3n de sabana tropical brasile\u00f1a.<\/p>\n<div id=\"attachment_214\" style=\"width: 458px\" class=\"wp-caption aligncenter\"><img loading=\"lazy\" decoding=\"async\" aria-describedby=\"caption-attachment-214\" class=\"size-full wp-image-214\" alt=\"El r\u00edo Bebedouro en Guaran\u00e9sia (Autor: Rodrigo R. Ramos Ribeiro).\" src=\"https:\/\/blogs.ua.es\/percepcionderiesgo\/files\/2012\/06\/Guaran\u00e9si-22.jpg\" width=\"448\" height=\"299\" srcset=\"https:\/\/blogs.ua.es\/percepcionderiesgo\/files\/2012\/06\/Guaran\u00e9si-22.jpg 448w, https:\/\/blogs.ua.es\/percepcionderiesgo\/files\/2012\/06\/Guaran\u00e9si-22-300x200.jpg 300w\" sizes=\"auto, (max-width: 448px) 100vw, 448px\" \/><p id=\"caption-attachment-214\" class=\"wp-caption-text\">El r\u00edo Bebedouro en Guaran\u00e9sia (Autor: Rodrigo R. Ramos Ribeiro).<\/p><\/div>\n<p>&nbsp;<\/p>\n<p>&nbsp;<\/p>\n","protected":false},"excerpt":{"rendered":"<p>El Campello El Campello est\u00e1 en una regi\u00f3n clim\u00e1tica del Sureste espa\u00f1ol, con clima mediterr\u00e1neo de transito de clima des\u00e9rtico, c\u00e1lido y seco, de escasas precipitaciones que tienen lugar en los equinoccio. La existencia de lluvias de fuerte intensidad horaria &hellip; <a href=\"https:\/\/blogs.ua.es\/percepcionderiesgo\/?page_id=28\">Continue reading <span class=\"meta-nav\">&rarr;<\/span><\/a><\/p>\n","protected":false},"author":2699,"featured_media":0,"parent":0,"menu_order":3,"comment_status":"closed","ping_status":"closed","template":"","meta":{"footnotes":""},"class_list":["post-28","page","type-page","status-publish","hentry"],"_links":{"self":[{"href":"https:\/\/blogs.ua.es\/percepcionderiesgo\/index.php?rest_route=\/wp\/v2\/pages\/28","targetHints":{"allow":["GET"]}}],"collection":[{"href":"https:\/\/blogs.ua.es\/percepcionderiesgo\/index.php?rest_route=\/wp\/v2\/pages"}],"about":[{"href":"https:\/\/blogs.ua.es\/percepcionderiesgo\/index.php?rest_route=\/wp\/v2\/types\/page"}],"author":[{"embeddable":true,"href":"https:\/\/blogs.ua.es\/percepcionderiesgo\/index.php?rest_route=\/wp\/v2\/users\/2699"}],"replies":[{"embeddable":true,"href":"https:\/\/blogs.ua.es\/percepcionderiesgo\/index.php?rest_route=%2Fwp%2Fv2%2Fcomments&post=28"}],"version-history":[{"count":26,"href":"https:\/\/blogs.ua.es\/percepcionderiesgo\/index.php?rest_route=\/wp\/v2\/pages\/28\/revisions"}],"predecessor-version":[{"id":306,"href":"https:\/\/blogs.ua.es\/percepcionderiesgo\/index.php?rest_route=\/wp\/v2\/pages\/28\/revisions\/306"}],"wp:attachment":[{"href":"https:\/\/blogs.ua.es\/percepcionderiesgo\/index.php?rest_route=%2Fwp%2Fv2%2Fmedia&parent=28"}],"curies":[{"name":"wp","href":"https:\/\/api.w.org\/{rel}","templated":true}]}}