{"id":10,"date":"2012-11-16T09:00:23","date_gmt":"2012-11-16T09:00:23","guid":{"rendered":"https:\/\/blogs.ua.es\/peremariaortsibosch\/?page_id=10"},"modified":"2013-01-27T15:03:51","modified_gmt":"2013-01-27T15:03:51","slug":"presentacion-del-blog","status":"publish","type":"page","link":"https:\/\/blogs.ua.es\/peremariaortsibosch\/presentacion-del-blog\/","title":{"rendered":"Presentaci\u00f3n del blog"},"content":{"rendered":"<p>Este blog nace a partir de la asignatura Fuentes y Documentos para la Historia, que se cursa en el primer curso del Grado de Historia en la Universidad de Alicante.<\/p>\n<p>En cuanto al tema propuesto para este blog, se nos dispuso tratar sobre Pere Maria Orts i Bosch; m\u00e1s sobre su colecci\u00f3n que sobre su vida; ya que la importante cuant\u00eda de sus obras junto a la calidad y renombre de sus autores la hacen una colecci\u00f3n muy importante en \u00e1mbito valenciano y nacional.<\/p>\n<p>En las siguientes entradas, encontraremos distintas partes y fragmentos de sus obras, como de las obras art\u00edsticas que contiene su colecci\u00f3n, como adem\u00e1s referencias de sitios Web donde se pueden consultar.<\/p>\n<p>&nbsp;<\/p>\n<p>&nbsp;<\/p>\n","protected":false},"excerpt":{"rendered":"<p>Este blog nace a partir de la asignatura Fuentes y Documentos para la Historia, que se cursa en el primer curso del Grado de Historia en la Universidad de Alicante. En cuanto al tema propuesto para este blog, se nos dispuso tratar sobre Pere Maria Orts i Bosch; m\u00e1s sobre su colecci\u00f3n que sobre su [&hellip;]<\/p>\n","protected":false},"author":2801,"featured_media":0,"parent":0,"menu_order":0,"comment_status":"open","ping_status":"open","template":"","meta":{"footnotes":""},"class_list":["post-10","page","type-page","status-publish","hentry"],"_links":{"self":[{"href":"https:\/\/blogs.ua.es\/peremariaortsibosch\/wp-json\/wp\/v2\/pages\/10","targetHints":{"allow":["GET"]}}],"collection":[{"href":"https:\/\/blogs.ua.es\/peremariaortsibosch\/wp-json\/wp\/v2\/pages"}],"about":[{"href":"https:\/\/blogs.ua.es\/peremariaortsibosch\/wp-json\/wp\/v2\/types\/page"}],"author":[{"embeddable":true,"href":"https:\/\/blogs.ua.es\/peremariaortsibosch\/wp-json\/wp\/v2\/users\/2801"}],"replies":[{"embeddable":true,"href":"https:\/\/blogs.ua.es\/peremariaortsibosch\/wp-json\/wp\/v2\/comments?post=10"}],"version-history":[{"count":4,"href":"https:\/\/blogs.ua.es\/peremariaortsibosch\/wp-json\/wp\/v2\/pages\/10\/revisions"}],"predecessor-version":[{"id":12,"href":"https:\/\/blogs.ua.es\/peremariaortsibosch\/wp-json\/wp\/v2\/pages\/10\/revisions\/12"}],"wp:attachment":[{"href":"https:\/\/blogs.ua.es\/peremariaortsibosch\/wp-json\/wp\/v2\/media?parent=10"}],"curies":[{"name":"wp","href":"https:\/\/api.w.org\/{rel}","templated":true}]}}