{"id":132,"date":"2011-01-11T14:08:18","date_gmt":"2011-01-11T14:08:18","guid":{"rendered":"https:\/\/blogs.ua.es\/personajesdelaespanamoderna\/"},"modified":"2011-01-11T14:08:18","modified_gmt":"2011-01-11T14:08:18","slug":"personajes-2","status":"publish","type":"page","link":"https:\/\/blogs.ua.es\/personajesdelaespanamoderna\/personajes-2\/","title":{"rendered":"Personajes"},"content":{"rendered":"<p style=\"text-align: justify\"><a href=\"https:\/\/blogs.ua.es\/personajesdelaespanamoderna\/files\/2011\/01\/isabel-I-la-catolica.jpg\"><img loading=\"lazy\" decoding=\"async\" class=\"alignleft size-full wp-image-133\" src=\"https:\/\/blogs.ua.es\/personajesdelaespanamoderna\/files\/2011\/01\/isabel-I-la-catolica.jpg\" alt=\"\" width=\"129\" height=\"158\" \/><\/a> <strong>Isabel I, &#8220;la Cat\u00f3lica&#8221;<\/strong>, una madre sacrificada, una esposa ultrajada, una hermana traicionada&#8230; en definitiva una mujer rodeada de penurias sentimentales y de la que podr\u00edamos decir que no lleg\u00f3 nunca a ser completamente feliz.<\/p>\n<p style=\"text-align: justify\">\n<p style=\"text-align: justify\">\n<p style=\"text-align: justify\">\n<p style=\"text-align: justify\">\n<p style=\"text-align: justify\">_____________________________________________________________<\/p>\n<p style=\"text-align: justify\"><strong>Juana I de Castilla, &#8220;la Loca&#8221;<\/strong>,<a href=\"https:\/\/blogs.ua.es\/personajesdelaespanamoderna\/files\/2011\/01\/infanta-juana-de-castilla.jpg\"><img loading=\"lazy\" decoding=\"async\" class=\"alignright size-thumbnail wp-image-134\" src=\"https:\/\/blogs.ua.es\/personajesdelaespanamoderna\/files\/2011\/01\/infanta-juana-de-castilla-150x150.jpg\" alt=\"\" width=\"150\" height=\"150\" \/><\/a> la eterna enamorada, esta reina ha pasado a la historia como la loca por su pasi\u00f3n desenfrenada y su amor incondicional a su marido, Felipe &#8220;el Hermoso&#8221;.<\/p>\n<p style=\"text-align: justify\">\n<p style=\"text-align: justify\">\n<p style=\"text-align: justify\">\n<p style=\"text-align: justify\">\n<p style=\"text-align: justify\">_____________________________________________________________<\/p>\n<p style=\"text-align: justify\"><strong><a href=\"https:\/\/blogs.ua.es\/personajesdelaespanamoderna\/files\/2011\/01\/catalina-de-aragon.jpg\"><img loading=\"lazy\" decoding=\"async\" class=\"alignleft size-thumbnail wp-image-135\" src=\"https:\/\/blogs.ua.es\/personajesdelaespanamoderna\/files\/2011\/01\/catalina-de-aragon-150x150.jpg\" alt=\"\" width=\"150\" height=\"150\" \/><\/a> Catalina de Arag\u00f3n<\/strong>, hija menor de los RR.CC., se convierte en reina de Inglaterra al casarse con Enrique VIII, con quien no mantuvo un matrimonio dichoso y del que acaba divorci\u00e1ndose. La historia se ha visto eclipsada por la historia de las hermanas Bolena, dejando en un segundo plano la figura de la verdadera reina: Catalina.<\/p>\n<p style=\"text-align: justify\">\n<p style=\"text-align: justify\">\n<p style=\"text-align: justify\">_____________________________________________________________<\/p>\n<p style=\"text-align: justify\"><a href=\"https:\/\/blogs.ua.es\/personajesdelaespanamoderna\/files\/2011\/01\/cristobal-colon.jpg\"><img loading=\"lazy\" decoding=\"async\" class=\"alignright size-thumbnail wp-image-136\" src=\"https:\/\/blogs.ua.es\/personajesdelaespanamoderna\/files\/2011\/01\/cristobal-colon-150x150.jpg\" alt=\"\" width=\"150\" height=\"150\" \/><\/a><strong>Crist\u00f3bal Col\u00f3n<\/strong>, el &#8220;descubridor&#8221; del Nuevo Mundo, es lo \u00fanico que podemos decir de \u00e9l. Nada sabemos de su procedencia ni de su vida personal. Es m\u00e1s, \u00a0en la actualidad\u00a0el origen de este personaje es todav\u00eda es objeto de estudios y disputas.<\/p>\n<p style=\"text-align: justify\">\n<p style=\"text-align: justify\">\n<p style=\"text-align: justify\">\n<p style=\"text-align: justify\">_____________________________________________________________<\/p>\n<p style=\"text-align: justify\"><strong><a href=\"https:\/\/blogs.ua.es\/personajesdelaespanamoderna\/files\/2011\/01\/los-borgia.jpg\"><img loading=\"lazy\" decoding=\"async\" class=\"alignleft size-thumbnail wp-image-137\" src=\"https:\/\/blogs.ua.es\/personajesdelaespanamoderna\/files\/2011\/01\/los-borgia-150x150.jpg\" alt=\"\" width=\"150\" height=\"150\" \/><\/a>Rodrigo Borja y los Borja<\/strong>, Rodrigo fue el papa 214 de la iglesia cat\u00f3lica por lo que pas\u00f3 a llamarse Alejandro VI. La figura de este personaje y de su familia est\u00e1 envuelta en la codicia, la ambici\u00f3n, la traici\u00f3n, la envidia, el incesto&#8230;, en definitiva, nada bueno. Es uno de los mejores ejemplos de ansias de poder.<\/p>\n<p style=\"text-align: justify\">\n<p style=\"text-align: justify\">\n<p style=\"text-align: justify\">____________________________________________________________<\/p>\n<p style=\"text-align: justify\"><strong><a href=\"https:\/\/blogs.ua.es\/personajesdelaespanamoderna\/files\/2011\/01\/torquemad1.jpg\"><img loading=\"lazy\" decoding=\"async\" class=\"alignright size-thumbnail wp-image-139\" src=\"https:\/\/blogs.ua.es\/personajesdelaespanamoderna\/files\/2011\/01\/torquemad1-150x150.jpg\" alt=\"\" width=\"150\" height=\"150\" \/><\/a>Tom\u00e1s de Torquemada<\/strong>, el primer Gran Inquisidor de Espa\u00f1a, Sebasti\u00e1n Olmedo le llam\u00f3 <em>&#8220;<\/em><em>el martillo de los herejes, la luz de Espa\u00f1a, el salvador de su pa\u00eds, el honor de su orden&#8221;.<\/em><\/p>\n<p style=\"text-align: justify\">\n<p style=\"text-align: justify\">\n<p style=\"text-align: justify\">\n<p style=\"text-align: justify\">\n<p style=\"text-align: justify\"><em>_____________________________________________________________<\/em><\/p>\n<p style=\"text-align: justify\"><strong><a href=\"https:\/\/blogs.ua.es\/personajesdelaespanamoderna\/files\/2011\/01\/cisneros.jpg\"><img loading=\"lazy\" decoding=\"async\" class=\"alignleft size-thumbnail wp-image-143\" src=\"https:\/\/blogs.ua.es\/personajesdelaespanamoderna\/files\/2011\/01\/cisneros-150x150.jpg\" alt=\"\" width=\"150\" height=\"150\" \/><\/a>Francisco Jim\u00e9nez de Cisneros<\/strong>, m\u00e1s conocido como cardenal Cisneros, fue el confesor de la reina Isabel I y una important\u00edsima figura pol\u00edtica de la\u00e9poca, adem\u00e1s de un gran exponente cultural.<\/p>\n<p style=\"text-align: justify\">\n<p style=\"text-align: justify\">\n<p style=\"text-align: justify\">\n<p style=\"text-align: justify\">\n<p style=\"text-align: justify\">___________________________________________________________<\/p>\n<p style=\"text-align: justify\"><a href=\"https:\/\/blogs.ua.es\/personajesdelaespanamoderna\/files\/2011\/01\/don-quijote-de-la-mancha2.jpg\"><img loading=\"lazy\" decoding=\"async\" class=\"alignleft size-thumbnail wp-image-149\" src=\"https:\/\/blogs.ua.es\/personajesdelaespanamoderna\/files\/2011\/01\/don-quijote-de-la-mancha2-150x150.jpg\" alt=\"\" width=\"150\" height=\"150\" \/><\/a>Dos grandes personajes de la cultura del XVII fueron <strong>Miguel de Cervantes Saavedra<\/strong> y\u00a0<strong>Dom\u00e9nikos Theotok\u00f3poulos <\/strong>(m\u00e1s conocido como <strong>el Greco<\/strong>). Internacionalmente conocidos por sus obras, aunque cada uno en su materia.<a href=\"https:\/\/blogs.ua.es\/personajesdelaespanamoderna\/files\/2011\/01\/el-entierro-del-conde-de-orgaz3.jpg\"><img loading=\"lazy\" decoding=\"async\" class=\"alignright size-thumbnail wp-image-150\" src=\"https:\/\/blogs.ua.es\/personajesdelaespanamoderna\/files\/2011\/01\/el-entierro-del-conde-de-orgaz3-150x150.jpg\" alt=\"\" width=\"150\" height=\"150\" \/><\/a><\/p>\n<p style=\"text-align: justify\">\n<p style=\"text-align: justify\">\n<p style=\"text-align: justify\">\n<p style=\"text-align: justify\">\n<p style=\"text-align: justify\">\n<p style=\"text-align: justify\">\n<p style=\"text-align: justify\">_____________________________________________________________<\/p>\n<p style=\"text-align: justify\"><strong><a href=\"https:\/\/blogs.ua.es\/personajesdelaespanamoderna\/files\/2011\/01\/germanafoix.jpg\"><img loading=\"lazy\" decoding=\"async\" class=\"alignright size-full wp-image-151\" src=\"https:\/\/blogs.ua.es\/personajesdelaespanamoderna\/files\/2011\/01\/germanafoix.jpg\" alt=\"\" width=\"150\" height=\"147\" \/><\/a>Germana de Foix<\/strong>, segunda esposa de Fernando el Cat\u00f3lico. \u00a0Fue una princesa francesa cuyo matrimonio, como tantos otros, no fue por amor sino por motivos pol\u00edticos, y cuya vida amorosa no fue muy afortunada.<\/p>\n<p style=\"text-align: justify\">\n<p style=\"text-align: justify\">\n<p style=\"text-align: justify\">\n<p style=\"text-align: justify\">\n<p style=\"text-align: justify\">_____________________________________________________________<\/p>\n<p style=\"text-align: justify\"><strong><a href=\"https:\/\/blogs.ua.es\/personajesdelaespanamoderna\/files\/2011\/01\/carlosveisabeldeportuga.jpg\"><img loading=\"lazy\" decoding=\"async\" class=\"alignleft size-thumbnail wp-image-152\" src=\"https:\/\/blogs.ua.es\/personajesdelaespanamoderna\/files\/2011\/01\/carlosveisabeldeportuga-150x150.jpg\" alt=\"\" width=\"150\" height=\"150\" \/><\/a>Isabel de Portugal o Isabel de Avis y Trast\u00e1mara<\/strong>, infanta portuguesa protagonista de una de las pocas historias de amor de la monarqu\u00eda espa\u00f1ola, a pesar de ser un matrimonio por conveniencia se convirti\u00f3 en una pareja enamorada hasta el punto de que a la muerte de Isabel, el rey Carlos I no se volvi\u00f3 a casar.<\/p>\n<p style=\"text-align: justify\">\n<p style=\"text-align: justify\">\n<p style=\"text-align: justify\">\n<p style=\"text-align: justify\">_____________________________________________________________<\/p>\n<p style=\"text-align: justify\"><strong>Felipe II<\/strong> no fue un monarca muy afortunado en sus matrimonios. Tuvo 4 esposas y a todas sobrevivi\u00f3. <strong>Mar\u00eda Manuela de Portugal, Mar\u00eda Tudor, Isabel de Valois<\/strong> (su verdadero amor) y <strong>Ana de Austria<\/strong>.<\/p>\n<p style=\"text-align: center\"><a href=\"https:\/\/blogs.ua.es\/personajesdelaespanamoderna\/files\/2011\/01\/maria-manuela-de-portugal1.jpg\"><img loading=\"lazy\" decoding=\"async\" class=\"alignleft size-thumbnail wp-image-154\" src=\"https:\/\/blogs.ua.es\/personajesdelaespanamoderna\/files\/2011\/01\/maria-manuela-de-portugal1-150x150.jpg\" alt=\"\" width=\"150\" height=\"150\" \/><\/a><a href=\"https:\/\/blogs.ua.es\/personajesdelaespanamoderna\/files\/2011\/01\/maria-tudor1.jpg\"><\/a><\/p>\n<p style=\"text-align: center\"><a href=\"https:\/\/blogs.ua.es\/personajesdelaespanamoderna\/files\/2011\/01\/maria-tudor1.jpg\"><img loading=\"lazy\" decoding=\"async\" class=\"size-thumbnail wp-image-156 aligncenter\" src=\"https:\/\/blogs.ua.es\/personajesdelaespanamoderna\/files\/2011\/01\/maria-tudor1-150x150.jpg\" alt=\"\" width=\"150\" height=\"150\" \/><\/a><\/p>\n<p style=\"text-align: center\"><a href=\"https:\/\/blogs.ua.es\/personajesdelaespanamoderna\/files\/2011\/01\/elisabethdeValois.jpg\"><img loading=\"lazy\" decoding=\"async\" class=\"alignleft size-thumbnail wp-image-157\" src=\"https:\/\/blogs.ua.es\/personajesdelaespanamoderna\/files\/2011\/01\/elisabethdeValois-150x150.jpg\" alt=\"\" width=\"150\" height=\"150\" \/><\/a><\/p>\n<p style=\"text-align: justify\"><img loading=\"lazy\" decoding=\"async\" class=\"aligncenter size-thumbnail wp-image-167\" src=\"https:\/\/blogs.ua.es\/personajesdelaespanamoderna\/files\/2011\/01\/ana-de-austria1-150x150.jpg\" alt=\"\" width=\"150\" height=\"150\" \/><\/p>\n<p style=\"text-align: justify\">\n<p style=\"text-align: justify\">\n<p style=\"text-align: justify\">_____________________________________________________________<\/p>\n<p style=\"text-align: justify\"><strong><a href=\"https:\/\/blogs.ua.es\/personajesdelaespanamoderna\/files\/2011\/01\/margarita-de-austria.jpg\"><img loading=\"lazy\" decoding=\"async\" class=\"alignright size-thumbnail wp-image-159\" src=\"https:\/\/blogs.ua.es\/personajesdelaespanamoderna\/files\/2011\/01\/margarita-de-austria-150x150.jpg\" alt=\"\" width=\"150\" height=\"150\" \/><\/a><\/strong><strong>Margarita de Austria<\/strong>, futura reina de Espa\u00f1a junto a Felipe III. Fue elegida al azar \u00a0por Felipe entre sus tres hermanas. Podr\u00edamos definirla como la eterna madre, ya que se pas\u00f3 la vida embarazada. Tuvo 8 hijos y muri\u00f3 en el \u00faltimo parto.<\/p>\n<p style=\"text-align: justify\">\n<p style=\"text-align: justify\">\n<p style=\"text-align: justify\">\n<p style=\"text-align: justify\">\n<p style=\"text-align: justify\">_____________________________________________________________<\/p>\n<p style=\"text-align: justify\"><strong><a href=\"https:\/\/blogs.ua.es\/personajesdelaespanamoderna\/files\/2011\/01\/Isabel-de-borbon.jpg\"><img loading=\"lazy\" decoding=\"async\" class=\"alignleft size-thumbnail wp-image-160\" src=\"https:\/\/blogs.ua.es\/personajesdelaespanamoderna\/files\/2011\/01\/Isabel-de-borbon-150x150.jpg\" alt=\"\" width=\"150\" height=\"150\" \/><\/a>Isabel de Borb\u00f3n y de M\u00e9dici<\/strong> y <strong>Mariana de Austria<\/strong> fueron las dos esposas de Felipe IV. \u00a0De estas mujeres habr\u00eda que decir que no tuvieron suerte con su marido ya que le gustaban demasiado las faldas. Adem\u00e1s tampoco fueron afortunadas con sus v\u00e1stagos, pues de los 7 y 6 que tuvieron (respectivamente) s\u00f3lo sobrevivieron dos a cada una.<\/p>\n<p style=\"text-align: justify\"><a href=\"https:\/\/blogs.ua.es\/personajesdelaespanamoderna\/files\/2011\/01\/Mariana-de-Austria.jpg\"><img loading=\"lazy\" decoding=\"async\" class=\"alignright size-thumbnail wp-image-161\" src=\"https:\/\/blogs.ua.es\/personajesdelaespanamoderna\/files\/2011\/01\/Mariana-de-Austria-150x150.jpg\" alt=\"\" width=\"150\" height=\"150\" \/><\/a><\/p>\n<p style=\"text-align: left\">\n<p style=\"text-align: left\">\n<p style=\"text-align: left\">\n<p style=\"text-align: left\">\n<p style=\"text-align: left\">\n<p style=\"text-align: justify\">\n<p style=\"text-align: justify\">\n<p style=\"text-align: justify\">\n<p style=\"text-align: justify\">\n<p style=\"text-align: justify\">\n<p style=\"text-align: justify\"><em><br \/>\n<\/em><\/p>\n","protected":false},"excerpt":{"rendered":"<p>Isabel I, &#8220;la Cat\u00f3lica&#8221;, una madre sacrificada, una esposa ultrajada, una hermana traicionada&#8230; en definitiva una mujer rodeada de penurias sentimentales y de la que podr\u00edamos decir que no lleg\u00f3 nunca a ser completamente feliz. _____________________________________________________________ Juana I de Castilla, &#8220;la Loca&#8221;, la eterna enamorada, esta reina ha pasado a la historia como la loca [&hellip;]<\/p>\n","protected":false},"author":1879,"featured_media":0,"parent":0,"menu_order":0,"comment_status":"open","ping_status":"open","template":"","meta":{"footnotes":""},"class_list":["post-132","page","type-page","status-publish","hentry"],"_links":{"self":[{"href":"https:\/\/blogs.ua.es\/personajesdelaespanamoderna\/wp-json\/wp\/v2\/pages\/132","targetHints":{"allow":["GET"]}}],"collection":[{"href":"https:\/\/blogs.ua.es\/personajesdelaespanamoderna\/wp-json\/wp\/v2\/pages"}],"about":[{"href":"https:\/\/blogs.ua.es\/personajesdelaespanamoderna\/wp-json\/wp\/v2\/types\/page"}],"author":[{"embeddable":true,"href":"https:\/\/blogs.ua.es\/personajesdelaespanamoderna\/wp-json\/wp\/v2\/users\/1879"}],"replies":[{"embeddable":true,"href":"https:\/\/blogs.ua.es\/personajesdelaespanamoderna\/wp-json\/wp\/v2\/comments?post=132"}],"version-history":[{"count":9,"href":"https:\/\/blogs.ua.es\/personajesdelaespanamoderna\/wp-json\/wp\/v2\/pages\/132\/revisions"}],"predecessor-version":[{"id":170,"href":"https:\/\/blogs.ua.es\/personajesdelaespanamoderna\/wp-json\/wp\/v2\/pages\/132\/revisions\/170"}],"wp:attachment":[{"href":"https:\/\/blogs.ua.es\/personajesdelaespanamoderna\/wp-json\/wp\/v2\/media?parent=132"}],"curies":[{"name":"wp","href":"https:\/\/api.w.org\/{rel}","templated":true}]}}