{"id":171,"date":"2011-01-17T09:54:25","date_gmt":"2011-01-17T09:54:25","guid":{"rendered":"https:\/\/blogs.ua.es\/personajesdelaespanamoderna\/"},"modified":"2011-01-17T09:54:25","modified_gmt":"2011-01-17T09:54:25","slug":"bibliografia","status":"publish","type":"page","link":"https:\/\/blogs.ua.es\/personajesdelaespanamoderna\/bibliografia\/","title":{"rendered":"Bibliograf\u00eda"},"content":{"rendered":"<p>A continuaci\u00f3n os dejamos una lista con la bibliograf\u00eda, tanto enlaces como libros, que hemos utilizado y que os pueden servir de ayuda.<\/p>\n<p><span style=\"text-decoration: underline\">Enlaces<\/span><\/p>\n<p><span style=\"text-decoration: underline\"><a href=\"http:\/\/www.artehistoria.jcyl.es\/index.html\">http:\/\/www.artehistoria.jcyl.es\/index.html<\/a><\/span><\/p>\n<p><span style=\"text-decoration: underline\"><a href=\"http:\/\/bib.cervantesvirtual.com\/seccion\/historia\/psegundonivel.jsp?conten=historicos\">http:\/\/bib.cervantesvirtual.com\/seccion\/historia\/psegundonivel.jsp?conten=historicos<\/a><\/span><\/p>\n<p><span style=\"text-decoration: underline\"><br \/>\n<\/span><\/p>\n<p><span style=\"text-decoration: underline\">Libros<\/span><\/p>\n<p>EDWARS, J. &#8220;<em>Isabel la Cat\u00f3lica: poder y fama&#8221;,<\/em>Madrid, Marcial Pons Historia, 2004<\/p>\n<p>YANKO, A. &#8220;<em>Vida \u00edntima de Felipe II : sus esposas e hijos&#8221;<\/em>, Madrid, Ediciones Libertarias, 1999<\/p>\n<p>SUSARTE MOLINA, F. <em>&#8220;Bodas y partos de las reinas de Espa\u00f1a&#8221;<\/em>, Alicante, Instituto de Cultura &#8220;Juan Gil-Albert&#8221;, D. L., \u00a02001<\/p>\n<p><span style=\"text-decoration: underline\">Filmograf\u00eda<\/span><\/p>\n<p>&#8220;Los Tudor&#8221; (serie TV)<\/p>\n<p>&#8220;Juana la Loca&#8221; (2001) de Vicente Aranda<\/p>\n<p>&#8220;Los Borgia&#8221; (2006) de Antonio Hern\u00e1ndez<\/p>\n<p>&#8220;\u00c1guila Roja&#8221; (serie TV)<\/p>\n<p>&#8220;Elizabeth, la reina virgen&#8221; (1998) de Shekhar Kapur<\/p>\n","protected":false},"excerpt":{"rendered":"<p>A continuaci\u00f3n os dejamos una lista con la bibliograf\u00eda, tanto enlaces como libros, que hemos utilizado y que os pueden servir de ayuda. Enlaces http:\/\/www.artehistoria.jcyl.es\/index.html http:\/\/bib.cervantesvirtual.com\/seccion\/historia\/psegundonivel.jsp?conten=historicos Libros EDWARS, J. &#8220;Isabel la Cat\u00f3lica: poder y fama&#8221;,Madrid, Marcial Pons Historia, 2004 YANKO, A. &#8220;Vida \u00edntima de Felipe II : sus esposas e hijos&#8221;, Madrid, Ediciones Libertarias, 1999 [&hellip;]<\/p>\n","protected":false},"author":1879,"featured_media":0,"parent":0,"menu_order":0,"comment_status":"open","ping_status":"open","template":"","meta":{"footnotes":""},"class_list":["post-171","page","type-page","status-publish","hentry"],"_links":{"self":[{"href":"https:\/\/blogs.ua.es\/personajesdelaespanamoderna\/wp-json\/wp\/v2\/pages\/171","targetHints":{"allow":["GET"]}}],"collection":[{"href":"https:\/\/blogs.ua.es\/personajesdelaespanamoderna\/wp-json\/wp\/v2\/pages"}],"about":[{"href":"https:\/\/blogs.ua.es\/personajesdelaespanamoderna\/wp-json\/wp\/v2\/types\/page"}],"author":[{"embeddable":true,"href":"https:\/\/blogs.ua.es\/personajesdelaespanamoderna\/wp-json\/wp\/v2\/users\/1879"}],"replies":[{"embeddable":true,"href":"https:\/\/blogs.ua.es\/personajesdelaespanamoderna\/wp-json\/wp\/v2\/comments?post=171"}],"version-history":[{"count":2,"href":"https:\/\/blogs.ua.es\/personajesdelaespanamoderna\/wp-json\/wp\/v2\/pages\/171\/revisions"}],"predecessor-version":[{"id":173,"href":"https:\/\/blogs.ua.es\/personajesdelaespanamoderna\/wp-json\/wp\/v2\/pages\/171\/revisions\/173"}],"wp:attachment":[{"href":"https:\/\/blogs.ua.es\/personajesdelaespanamoderna\/wp-json\/wp\/v2\/media?parent=171"}],"curies":[{"name":"wp","href":"https:\/\/api.w.org\/{rel}","templated":true}]}}