{"id":9,"date":"2013-11-15T11:50:02","date_gmt":"2013-11-15T11:50:02","guid":{"rendered":"https:\/\/blogs.ua.es\/petrel3\/?page_id=9"},"modified":"2014-01-14T19:55:39","modified_gmt":"2014-01-14T19:55:39","slug":"valoracion","status":"publish","type":"page","link":"https:\/\/blogs.ua.es\/petrel3\/valoracion\/","title":{"rendered":"Valoraci\u00f3n"},"content":{"rendered":"<p>Durante el proyecto hemos aprendido a difundir informaci\u00f3n mediante blogs, de los cuales ninguno ten\u00edamos ning\u00fan conocimiento previo. Hemos tenido diversos problemas o incidentes durante la realizaci\u00f3n del mismo, sufriendo penalidades como miradas furiosas o llamadas de atenci\u00f3n por parte de diversas personas, hemos aguantado temperaturas infrahumanas, e incluso hemos sido perseguidos por perros entre otras. Pero a\u00fan as\u00ed hemos disfrutado de ello y podemos contar nuestras &#8220;batallitas&#8221; a los amigos y familiares. Por lo que podemos concluir diciendo que la\u00a0realizaci\u00f3n del blog nos ha resultado interesante y satisfactoria.<\/p>\n","protected":false},"excerpt":{"rendered":"<p>Durante el proyecto hemos aprendido a difundir informaci\u00f3n mediante blogs, de los cuales ninguno ten\u00edamos ning\u00fan conocimiento previo. Hemos tenido diversos problemas o incidentes durante la realizaci\u00f3n del mismo, sufriendo penalidades como miradas furiosas o llamadas de atenci\u00f3n por parte de diversas personas, hemos aguantado temperaturas infrahumanas, e incluso hemos sido perseguidos por perros entre [&hellip;]<\/p>\n","protected":false},"author":3316,"featured_media":0,"parent":0,"menu_order":3,"comment_status":"open","ping_status":"open","template":"","meta":{"footnotes":""},"class_list":["post-9","page","type-page","status-publish","hentry"],"_links":{"self":[{"href":"https:\/\/blogs.ua.es\/petrel3\/wp-json\/wp\/v2\/pages\/9","targetHints":{"allow":["GET"]}}],"collection":[{"href":"https:\/\/blogs.ua.es\/petrel3\/wp-json\/wp\/v2\/pages"}],"about":[{"href":"https:\/\/blogs.ua.es\/petrel3\/wp-json\/wp\/v2\/types\/page"}],"author":[{"embeddable":true,"href":"https:\/\/blogs.ua.es\/petrel3\/wp-json\/wp\/v2\/users\/3316"}],"replies":[{"embeddable":true,"href":"https:\/\/blogs.ua.es\/petrel3\/wp-json\/wp\/v2\/comments?post=9"}],"version-history":[{"count":3,"href":"https:\/\/blogs.ua.es\/petrel3\/wp-json\/wp\/v2\/pages\/9\/revisions"}],"predecessor-version":[{"id":266,"href":"https:\/\/blogs.ua.es\/petrel3\/wp-json\/wp\/v2\/pages\/9\/revisions\/266"}],"wp:attachment":[{"href":"https:\/\/blogs.ua.es\/petrel3\/wp-json\/wp\/v2\/media?parent=9"}],"curies":[{"name":"wp","href":"https:\/\/api.w.org\/{rel}","templated":true}]}}